{"id":1514,"date":"2021-06-02T22:29:36","date_gmt":"2021-06-02T22:29:36","guid":{"rendered":"https:\/\/www.aitanacongress.com\/2021\/?page_id=1514"},"modified":"2021-07-08T11:29:48","modified_gmt":"2021-07-08T11:29:48","slug":"p_cristina-larroy","status":"publish","type":"page","link":"https:\/\/www.aitanacongress.com\/2021\/p_cristina-larroy\/","title":{"rendered":"P_Cristina Larroy"},"content":{"rendered":"<p>[et_pb_section fb_built=&#8221;1&#8243; fullwidth=&#8221;on&#8221; custom_padding_last_edited=&#8221;on|desktop&#8221; admin_label=&#8221;Cabecera &#8211; Titulo&#8221; module_class=&#8221;cabecera-seccion&#8221; _builder_version=&#8221;4.9.4&#8243; background_color=&#8221;#0094A9&#8243; height=&#8221;125px&#8221; custom_padding=&#8221;||||false|false&#8221; custom_padding_tablet=&#8221;||||false|false&#8221; custom_padding_phone=&#8221;||||false|false&#8221; custom_css_main_element_last_edited=&#8221;on|phone&#8221;][et_pb_fullwidth_header _builder_version=&#8221;4.9.4&#8243; title_level=&#8221;h4&#8243; title_font=&#8221;|800||on|||||&#8221; title_text_align=&#8221;center&#8221; title_text_color=&#8221;#053341&#8243; title_font_size=&#8221;48px&#8221; content_font=&#8221;|800|||||||&#8221; content_text_align=&#8221;center&#8221; content_text_color=&#8221;#FFFFFF&#8221; background_enable_color=&#8221;off&#8221; background_enable_image=&#8221;off&#8221; background_size=&#8221;contain&#8221; background_position=&#8221;center_left&#8221; custom_padding_tablet=&#8221;&#8221; custom_padding_phone=&#8221;10px||10px||false|false&#8221; custom_padding_last_edited=&#8221;on|phone&#8221; title_font_size_tablet=&#8221;&#8221; title_font_size_phone=&#8221;30px&#8221; title_font_size_last_edited=&#8221;on|phone&#8221;]<\/p>\n<h4>Cristina Larroy <strong>Cristina Larroy<\/strong><\/h4>\n<p>Universidad Complutense de Madrid. Espa\u00f1a<\/p>\n<p>[\/et_pb_fullwidth_header][\/et_pb_section][et_pb_section fb_built=&#8221;1&#8243; _builder_version=&#8221;4.9.4&#8243; _module_preset=&#8221;default&#8221;][et_pb_row column_structure=&#8221;2_5,3_5&#8243; _builder_version=&#8221;4.9.4&#8243; _module_preset=&#8221;default&#8221; collapsed=&#8221;on&#8221;][et_pb_column type=&#8221;2_5&#8243; _builder_version=&#8221;4.9.4&#8243; _module_preset=&#8221;default&#8221;][et_pb_text _builder_version=&#8221;4.9.4&#8243; _module_preset=&#8221;default&#8221; header_2_text_color=&#8221;#E46708&#8243;]<\/p>\n<h2 style=\"text-align: right;\">\u00bfFUNCIONA DE VERDAD LA PSICOTERAPIA A DISTANCIA?<\/h2>\n<h5 style=\"text-align: right;\">PREGUNTAS ABIERTAS<\/h5>\n<p>[\/et_pb_text][\/et_pb_column][et_pb_column type=&#8221;3_5&#8243; _builder_version=&#8221;4.9.4&#8243; _module_preset=&#8221;default&#8221;][et_pb_text _builder_version=&#8221;4.9.4&#8243; _module_preset=&#8221;default&#8221; text_orientation=&#8221;justified&#8221;]<\/p>\n<p>La asistencia psicoterap\u00e9utica a distancia ha cobrado un papel especialmente relevante tras la pandemia de covid-19, en lo que se refiere a los aspectos de la evaluaci\u00f3n, pero, muy especialmente, a los de la intervenci\u00f3n. Los distintos formatos (videoconferencia, llamada telef\u00f3nica, correos y chats) requieren de instrumentaci\u00f3n, formaci\u00f3n y estrategias distintas para lograr un buen enganche terap\u00e9utico y un buen desarrollo de la evaluaci\u00f3n y la intervenci\u00f3n. En la charla se revisar\u00e1n las caracter\u00edsticas propias necesarias para cada modalidad de asistencia a distancia y\u00a0\u00a0 se ofrecer\u00e1n estrategias de abordaje terap\u00e9utico adecuadas a los distintos grupos de edad (ni\u00f1os, adolescentes, j\u00f3venes). Tambi\u00e9n se comentar\u00e1n los estudios sobre la eficacia diferencial de cada una de ellas, as\u00ed como la eficacia diferencial de este tipo de intervenci\u00f3n frente a intervenciones convencionales (como la presencial).<\/p>\n<p>[\/et_pb_text][\/et_pb_column][\/et_pb_row][et_pb_row column_structure=&#8221;2_5,3_5&#8243; _builder_version=&#8221;4.9.4&#8243; _module_preset=&#8221;default&#8221; collapsed=&#8221;on&#8221;][et_pb_column type=&#8221;2_5&#8243; _builder_version=&#8221;4.9.4&#8243; _module_preset=&#8221;default&#8221;][et_pb_text _builder_version=&#8221;4.9.4&#8243; _module_preset=&#8221;default&#8221; header_2_text_color=&#8221;#E46708&#8243;]<\/p>\n<h2 style=\"text-align: right;\">PROBLEMAS DE ADAPTACI\u00d3N DE LOS J\u00d3VENES A LA UNIVERSIDAD<\/h2>\n<h5 style=\"text-align: right;\">SIMPOSIO<\/h5>\n<p>[\/et_pb_text][\/et_pb_column][et_pb_column type=&#8221;3_5&#8243; _builder_version=&#8221;4.9.4&#8243; _module_preset=&#8221;default&#8221;][et_pb_text _builder_version=&#8221;4.9.4&#8243; _module_preset=&#8221;default&#8221; text_orientation=&#8221;justified&#8221;]<\/p>\n<p>En los \u00faltimos a\u00f1os se ha apreciado un incremento de los problemas de adaptaci\u00f3n de los estudiantes que se incorporan a la vida universitaria en muchos campus y universidades. Estos problemas se han agravado durante 2020 como consecuencia del confinamiento, de la docencia online y de otras medidas adoptadas por las instituciones y universidades como consecuencia de la pandemia de COVID-19. Psicall UCM es un servicio de atenci\u00f3n psicol\u00f3gica telem\u00e1tica inmediata (mediante tel\u00e9fono y correo) que la Universidad Complutense de Madrid pone a disposici\u00f3n de sus estudiantes y residentes en Colegios Mayores. En el simposio se analizan los principales problemas que presentan los j\u00f3venes universitarios que contactan con PsiCall UCM y los procedimientos y estrategias para abordarlos y darles soluci\u00f3n, a trav\u00e9s de cinco comunicaciones. En la primera, se pretende analizar el perfil de aquellos estudiantes de primer a\u00f1o (es decir, de 17 a 19 a\u00f1os) que demandan atenci\u00f3n telef\u00f3nica en PsiCall. Se analizar\u00e1n sus caracter\u00edsticas sociodemogr\u00e1ficas, los motivos de consulta, as\u00ed como la sintomatolog\u00eda m\u00e1s significativa. En la segunda, el objetivo es comprobar cu\u00e1les de las herramientas de cribado (malestar psicol\u00f3gico y riesgo) son \u00fatiles en un contexto de atenci\u00f3n telem\u00e1tica inmediata en poblaci\u00f3n universitaria, mediante el an\u00e1lisis de sus propiedades psicom\u00e9tricas. En la tercera comunicaci\u00f3n se explora el grado de afectaci\u00f3n actual producida por victimizaci\u00f3n previa en j\u00f3venes universitarios. La cuarta comunicaci\u00f3n estudia la influencia de la p\u00e9rdida temporal del grupo de primario de apoyo y se centra en la comparaci\u00f3n del estado psicol\u00f3gico de estudiantes que residen con y sin sus familias de origen. El primer a\u00f1o universitario es en el que m\u00e1s abandono se produce, siendo la adaptaci\u00f3n a la universidad una prioridad a nivel psicol\u00f3gico con estos alumnos. La quinta y \u00faltima comunicaci\u00f3n propone un taller de regulaci\u00f3n emocional y asertividad enfocado a proveer a estos j\u00f3venes de estrategias de afrontamiento que les permitan ajustarse a la vida universitaria de manera eficaz. En este estudio se presenta la metodolog\u00eda llevada a cabo en este taller y los resultados obtenidos en el mismo.<\/p>\n<p>[\/et_pb_text][\/et_pb_column][\/et_pb_row][et_pb_row column_structure=&#8221;3_4,1_4&#8243; _builder_version=&#8221;4.9.4&#8243; _module_preset=&#8221;default&#8221; collapsed=&#8221;on&#8221;][et_pb_column type=&#8221;3_4&#8243; _builder_version=&#8221;4.9.4&#8243; _module_preset=&#8221;default&#8221;][et_pb_text _builder_version=&#8221;4.9.4&#8243; _module_preset=&#8221;default&#8221; header_2_text_color=&#8221;#E46708&#8243; text_orientation=&#8221;right&#8221;]<\/p>\n<h2 style=\"text-align: right;\">CV<\/h2>\n<p>Cristina Larroy es Doctora en Psicologia por la UCM, Catedr\u00e1tica del Departamento de Psicolog\u00eda Cl\u00ednica de dicha universidad, Directora de la Clinica Universitaria de Psicologia UCM y Directora del PsiCall UCM (Servicio de Atenci\u00f3n Psicol\u00f3gica Telem\u00e1tica Inmediata para alumnos UCM). Es, adem\u00e1s, codirectora del M\u00e1ster Propio en Psicolog\u00eda Clinica: Practica Profesional, de la UCM; y vicepresidenta de la Sociedad Cient\u00edfica RED-INFANCIA. Su l\u00ednea de investigaci\u00f3n m\u00e1s relevante se centra en la Psicologia\u00a0\u00a0 Cl\u00ednica y de la Salud, especialmente en relaci\u00f3n con la mujer y los j\u00f3venes y adolescentes: estudios epidemiol\u00f3gicos, evaluaci\u00f3n, prevenci\u00f3n, intervenci\u00f3n\u00a0\u00a0 y promoci\u00f3n de la salud en edades tempranas. Tambi\u00e9n en el \u00e1mbito infantil, en el control de la conducta oposicionista y la desobediencia. Es autora de numerosos libros cient\u00edficos y de divulgaci\u00f3n, cap\u00edtulos y art\u00edculos cient\u00edficos, as\u00ed como de m\u00e1s de 150 aportaciones a congresos.<\/p>\n<p>[\/et_pb_text][\/et_pb_column][et_pb_column type=&#8221;1_4&#8243; _builder_version=&#8221;4.9.4&#8243; _module_preset=&#8221;default&#8221;][et_pb_image src=&#8221;https:\/\/www.aitanacongress.com\/2021\/wp-content\/uploads\/CRISTINA-Larroy.jpg&#8221; title_text=&#8221;CRISTINA Larroy&#8221; _builder_version=&#8221;4.9.4&#8243; _module_preset=&#8221;default&#8221; border_radii=&#8221;on|15px|15px|15px|15px&#8221;][\/et_pb_image][\/et_pb_column][\/et_pb_row][\/et_pb_section]<\/p>\n","protected":false},"excerpt":{"rendered":"<p>[et_pb_section fb_built=&#8221;1&#8243; fullwidth=&#8221;on&#8221; custom_padding_last_edited=&#8221;on|desktop&#8221; admin_label=&#8221;Cabecera &#8211; Titulo&#8221; module_class=&#8221;cabecera-seccion&#8221; _builder_version=&#8221;4.9.4&#8243; background_color=&#8221;#0094A9&#8243; height=&#8221;125px&#8221; custom_padding=&#8221;||||false|false&#8221; custom_padding_tablet=&#8221;||||false|false&#8221; custom_padding_phone=&#8221;||||false|false&#8221; custom_css_main_element_last_edited=&#8221;on|phone&#8221;][et_pb_fullwidth_header _builder_version=&#8221;4.9.4&#8243; title_level=&#8221;h4&#8243; title_font=&#8221;|800||on|||||&#8221; title_text_align=&#8221;center&#8221; title_text_color=&#8221;#053341&#8243; title_font_size=&#8221;48px&#8221; content_font=&#8221;|800|||||||&#8221; content_text_align=&#8221;center&#8221; content_text_color=&#8221;#FFFFFF&#8221; background_enable_color=&#8221;off&#8221; background_enable_image=&#8221;off&#8221; background_size=&#8221;contain&#8221; background_position=&#8221;center_left&#8221; custom_padding_tablet=&#8221;&#8221; custom_padding_phone=&#8221;10px||10px||false|false&#8221; custom_padding_last_edited=&#8221;on|phone&#8221; title_font_size_tablet=&#8221;&#8221; title_font_size_phone=&#8221;30px&#8221; title_font_size_last_edited=&#8221;on|phone&#8221;] Cristina Larroy Cristina Larroy Universidad Complutense de Madrid. Espa\u00f1a [\/et_pb_fullwidth_header][\/et_pb_section][et_pb_section fb_built=&#8221;1&#8243; _builder_version=&#8221;4.9.4&#8243; _module_preset=&#8221;default&#8221;][et_pb_row column_structure=&#8221;2_5,3_5&#8243; _builder_version=&#8221;4.9.4&#8243; _module_preset=&#8221;default&#8221; collapsed=&#8221;on&#8221;][et_pb_column type=&#8221;2_5&#8243; _builder_version=&#8221;4.9.4&#8243; _module_preset=&#8221;default&#8221;][et_pb_text _builder_version=&#8221;4.9.4&#8243; [&hellip;]<\/p>\n","protected":false},"author":1,"featured_media":0,"parent":0,"menu_order":0,"comment_status":"closed","ping_status":"closed","template":"","meta":{"_et_pb_use_builder":"on","_et_pb_old_content":"","_et_gb_content_width":"","_monsterinsights_skip_tracking":false,"_monsterinsights_sitenote_active":false,"_monsterinsights_sitenote_note":"","_monsterinsights_sitenote_category":0,"footnotes":""},"class_list":["post-1514","page","type-page","status-publish","hentry"],"yoast_head":"<!-- This site is optimized with the Yoast SEO plugin v16.4 - https:\/\/yoast.com\/wordpress\/plugins\/seo\/ -->\n<title>P_Cristina Larroy | Aitana Congress 2021<\/title>\n<meta name=\"robots\" content=\"index, follow, max-snippet:-1, max-image-preview:large, max-video-preview:-1\" \/>\n<link rel=\"canonical\" href=\"https:\/\/www.aitanacongress.com\/2021\/p_cristina-larroy\/\" \/>\n<meta property=\"og:locale\" content=\"es_ES\" \/>\n<meta property=\"og:type\" content=\"article\" \/>\n<meta property=\"og:title\" content=\"P_Cristina Larroy | Aitana Congress 2021\" \/>\n<meta property=\"og:description\" content=\"[et_pb_section fb_built=&#8221;1&#8243; fullwidth=&#8221;on&#8221; custom_padding_last_edited=&#8221;on|desktop&#8221; admin_label=&#8221;Cabecera &#8211; Titulo&#8221; module_class=&#8221;cabecera-seccion&#8221; _builder_version=&#8221;4.9.4&#8243; background_color=&#8221;#0094A9&#8243; height=&#8221;125px&#8221; custom_padding=&#8221;||||false|false&#8221; custom_padding_tablet=&#8221;||||false|false&#8221; custom_padding_phone=&#8221;||||false|false&#8221; custom_css_main_element_last_edited=&#8221;on|phone&#8221;][et_pb_fullwidth_header _builder_version=&#8221;4.9.4&#8243; title_level=&#8221;h4&#8243; title_font=&#8221;|800||on|||||&#8221; title_text_align=&#8221;center&#8221; title_text_color=&#8221;#053341&#8243; title_font_size=&#8221;48px&#8221; content_font=&#8221;|800|||||||&#8221; content_text_align=&#8221;center&#8221; content_text_color=&#8221;#FFFFFF&#8221; background_enable_color=&#8221;off&#8221; background_enable_image=&#8221;off&#8221; background_size=&#8221;contain&#8221; background_position=&#8221;center_left&#8221; custom_padding_tablet=&#8221;&#8221; custom_padding_phone=&#8221;10px||10px||false|false&#8221; custom_padding_last_edited=&#8221;on|phone&#8221; title_font_size_tablet=&#8221;&#8221; title_font_size_phone=&#8221;30px&#8221; title_font_size_last_edited=&#8221;on|phone&#8221;] Cristina Larroy Cristina Larroy Universidad Complutense de Madrid. Espa\u00f1a [\/et_pb_fullwidth_header][\/et_pb_section][et_pb_section fb_built=&#8221;1&#8243; _builder_version=&#8221;4.9.4&#8243; _module_preset=&#8221;default&#8221;][et_pb_row column_structure=&#8221;2_5,3_5&#8243; _builder_version=&#8221;4.9.4&#8243; _module_preset=&#8221;default&#8221; collapsed=&#8221;on&#8221;][et_pb_column type=&#8221;2_5&#8243; _builder_version=&#8221;4.9.4&#8243; _module_preset=&#8221;default&#8221;][et_pb_text _builder_version=&#8221;4.9.4&#8243; [&hellip;]\" \/>\n<meta property=\"og:url\" content=\"https:\/\/www.aitanacongress.com\/2021\/p_cristina-larroy\/\" \/>\n<meta property=\"og:site_name\" content=\"Aitana Congress 2021\" \/>\n<meta property=\"article:modified_time\" content=\"2021-07-08T11:29:48+00:00\" \/>\n<meta name=\"twitter:card\" content=\"summary_large_image\" \/>\n<meta name=\"twitter:label1\" content=\"Tiempo de lectura\" \/>\n\t<meta name=\"twitter:data1\" content=\"4 minutos\" \/>\n<script type=\"application\/ld+json\" class=\"yoast-schema-graph\">{\"@context\":\"https:\/\/schema.org\",\"@graph\":[{\"@type\":\"WebSite\",\"@id\":\"https:\/\/www.aitanacongress.com\/2021\/#website\",\"url\":\"https:\/\/www.aitanacongress.com\/2021\/\",\"name\":\"Aitana Congress 2021\",\"description\":\"International Congress of Clinical and Health Psychology in Children and Adolescents\",\"potentialAction\":[{\"@type\":\"SearchAction\",\"target\":\"https:\/\/www.aitanacongress.com\/2021\/?s={search_term_string}\",\"query-input\":\"required name=search_term_string\"}],\"inLanguage\":\"es\"},{\"@type\":\"WebPage\",\"@id\":\"https:\/\/www.aitanacongress.com\/2021\/p_cristina-larroy\/#webpage\",\"url\":\"https:\/\/www.aitanacongress.com\/2021\/p_cristina-larroy\/\",\"name\":\"P_Cristina Larroy | Aitana Congress 2021\",\"isPartOf\":{\"@id\":\"https:\/\/www.aitanacongress.com\/2021\/#website\"},\"datePublished\":\"2021-06-02T22:29:36+00:00\",\"dateModified\":\"2021-07-08T11:29:48+00:00\",\"breadcrumb\":{\"@id\":\"https:\/\/www.aitanacongress.com\/2021\/p_cristina-larroy\/#breadcrumb\"},\"inLanguage\":\"es\",\"potentialAction\":[{\"@type\":\"ReadAction\",\"target\":[\"https:\/\/www.aitanacongress.com\/2021\/p_cristina-larroy\/\"]}]},{\"@type\":\"BreadcrumbList\",\"@id\":\"https:\/\/www.aitanacongress.com\/2021\/p_cristina-larroy\/#breadcrumb\",\"itemListElement\":[{\"@type\":\"ListItem\",\"position\":1,\"item\":{\"@type\":\"WebPage\",\"@id\":\"https:\/\/www.aitanacongress.com\/2021\/\",\"url\":\"https:\/\/www.aitanacongress.com\/2021\/\",\"name\":\"Portada\"}},{\"@type\":\"ListItem\",\"position\":2,\"item\":{\"@id\":\"https:\/\/www.aitanacongress.com\/2021\/p_cristina-larroy\/#webpage\"}}]}]}<\/script>\n<!-- \/ Yoast SEO plugin. -->","_links":{"self":[{"href":"https:\/\/www.aitanacongress.com\/2021\/wp-json\/wp\/v2\/pages\/1514","targetHints":{"allow":["GET"]}}],"collection":[{"href":"https:\/\/www.aitanacongress.com\/2021\/wp-json\/wp\/v2\/pages"}],"about":[{"href":"https:\/\/www.aitanacongress.com\/2021\/wp-json\/wp\/v2\/types\/page"}],"author":[{"embeddable":true,"href":"https:\/\/www.aitanacongress.com\/2021\/wp-json\/wp\/v2\/users\/1"}],"replies":[{"embeddable":true,"href":"https:\/\/www.aitanacongress.com\/2021\/wp-json\/wp\/v2\/comments?post=1514"}],"version-history":[{"count":8,"href":"https:\/\/www.aitanacongress.com\/2021\/wp-json\/wp\/v2\/pages\/1514\/revisions"}],"predecessor-version":[{"id":2699,"href":"https:\/\/www.aitanacongress.com\/2021\/wp-json\/wp\/v2\/pages\/1514\/revisions\/2699"}],"wp:attachment":[{"href":"https:\/\/www.aitanacongress.com\/2021\/wp-json\/wp\/v2\/media?parent=1514"}],"curies":[{"name":"wp","href":"https:\/\/api.w.org\/{rel}","templated":true}]}}