{"id":1919,"date":"2021-06-17T14:00:21","date_gmt":"2021-06-17T14:00:21","guid":{"rendered":"https:\/\/www.aitanacongress.com\/2021\/?page_id=1919"},"modified":"2021-07-08T10:32:40","modified_gmt":"2021-07-08T10:32:40","slug":"p_michele-giannotti","status":"publish","type":"page","link":"https:\/\/www.aitanacongress.com\/2021\/p_michele-giannotti\/","title":{"rendered":"P_Michele Giannotti"},"content":{"rendered":"<p>[et_pb_section fb_built=&#8221;1&#8243; fullwidth=&#8221;on&#8221; custom_padding_last_edited=&#8221;on|desktop&#8221; admin_label=&#8221;Cabecera &#8211; Titulo&#8221; module_class=&#8221;cabecera-seccion&#8221; _builder_version=&#8221;4.9.4&#8243; background_color=&#8221;#0094A9&#8243; height=&#8221;125px&#8221; custom_padding=&#8221;||||false|false&#8221; custom_padding_tablet=&#8221;||||false|false&#8221; custom_padding_phone=&#8221;||||false|false&#8221; custom_css_main_element_last_edited=&#8221;on|phone&#8221;][et_pb_fullwidth_header _builder_version=&#8221;4.9.4&#8243; title_level=&#8221;h4&#8243; title_font=&#8221;|800||on|||||&#8221; title_text_align=&#8221;center&#8221; title_text_color=&#8221;#053341&#8243; title_font_size=&#8221;48px&#8221; content_font=&#8221;|800|||||||&#8221; content_text_align=&#8221;center&#8221; content_text_color=&#8221;#FFFFFF&#8221; background_enable_color=&#8221;off&#8221; background_enable_image=&#8221;off&#8221; background_size=&#8221;contain&#8221; background_position=&#8221;center_left&#8221; custom_padding_tablet=&#8221;&#8221; custom_padding_phone=&#8221;10px||10px||false|false&#8221; custom_padding_last_edited=&#8221;on|phone&#8221; title_font_size_tablet=&#8221;&#8221; title_font_size_phone=&#8221;30px&#8221; title_font_size_last_edited=&#8221;on|phone&#8221;]<\/p>\n<h4>Michele Giannotti<\/h4>\n<p>Universidad de Trento. Italia<\/p>\n<p>[\/et_pb_fullwidth_header][\/et_pb_section][et_pb_section fb_built=&#8221;1&#8243; _builder_version=&#8221;4.9.4&#8243; _module_preset=&#8221;default&#8221;][et_pb_row column_structure=&#8221;2_5,3_5&#8243; _builder_version=&#8221;4.9.4&#8243; _module_preset=&#8221;default&#8221;][et_pb_column type=&#8221;2_5&#8243; _builder_version=&#8221;4.9.4&#8243; _module_preset=&#8221;default&#8221;][et_pb_text _builder_version=&#8221;4.9.4&#8243; _module_preset=&#8221;default&#8221; header_2_text_color=&#8221;#E46708&#8243;]<\/p>\n<h2 style=\"text-align: right;\"><span class=\"NormalTextRun SCXW144033415 BCX0\">El impacto psicol\u00f3gico de la pandemia de\u00a0<\/span><span class=\"NormalTextRun SCXW144033415 BCX0\">la\u00a0<\/span><span class=\"NormalTextRun SCXW144033415 BCX0\">COVID-19 en familias italianas y espa\u00f1olas de ni\u00f1os con\u00a0<\/span><span class=\"NormalTextRun SCXW144033415 BCX0\">neurodesarrollo<\/span><span class=\"NormalTextRun SCXW144033415 BCX0\">\u00a0t\u00edpico y at\u00edpico:\u00a0<\/span><span class=\"NormalTextRun SCXW144033415 BCX0\">de<\/span><span class=\"NormalTextRun SCXW144033415 BCX0\">\u00a0la investigaci\u00f3n a la pr\u00e1ctica<\/span><\/h2>\n<p>[\/et_pb_text][\/et_pb_column][et_pb_column type=&#8221;3_5&#8243; _builder_version=&#8221;4.9.4&#8243; _module_preset=&#8221;default&#8221;][et_pb_text _builder_version=&#8221;4.9.4&#8243; _module_preset=&#8221;default&#8221; text_orientation=&#8221;justified&#8221;]<\/p>\n<p>Durante la primera ola de la pandemia de COVID-19, Italia y Espa\u00f1a se encontraban entre los pa\u00edses m\u00e1s afectados del mundo occidental, con estrictas medidas de contenci\u00f3n, como el estricto confinamiento domiciliario. Un creciente cuerpo de investigaci\u00f3n est\u00e1 documentando el impacto psicol\u00f3gico negativo de la pandemia de COVID-19 en el funcionamiento familiar, incluido el bienestar de los padres y el ni\u00f1o. Sin embargo, solo unos pocos estudios abordaron la adaptaci\u00f3n familiar a la pandemia en Italia y Espa\u00f1a, considerando ni\u00f1os con desarrollo t\u00edpico y at\u00edpico. Este simposio tuvo como objetivo combinar los resultados de la investigaci\u00f3n cuantitativa y cualitativa con nuevos modelos de intervenciones para ayudar a padres e hijos durante la crisis pand\u00e9mica. Presentaremos cuatro contribuciones diferentes, de las cuales dos se centraron en familias de ni\u00f1os con trastorno del neurodesarrollo. La primera comunicaci\u00f3n examina qu\u00e9 factores est\u00e1n asociados con los cambios de estr\u00e9s de los padres desde antes hasta durante el confinamiento en el hogar por la COVID-19 en familias italianas y espa\u00f1olas de ni\u00f1os con trastornos del neurodesarrollo. La segunda comunicaci\u00f3n presenta dos modelos de trabajo de telemedicina basados \u200b\u200ben evidencia para el diagn\u00f3stico e intervenci\u00f3n en el trastorno del espectro autista. Este enfoque innovador tambi\u00e9n incluye el apoyo a los padres y puede considerarse como una integraci\u00f3n potencial de los enfoques tradicionales. La tercera presentaci\u00f3n es un estudio transcultural sobre familias de ni\u00f1os con desarrollo t\u00edpico que examina los determinantes del estr\u00e9s materno durante la primera ola de la pandemia en Italia y Espa\u00f1a. La cuarta comunicaci\u00f3n es un estudio espa\u00f1ol sobre la actividad de narraci\u00f3n de cuentos para ni\u00f1os en edad escolar llevada a cabo durante el encierro por la COVID-19 en el hogar. Esta t\u00e9cnica se ha utilizado como una valiosa herramienta pedag\u00f3gica para la educaci\u00f3n a distancia, principalmente para hacer frente a los efectos del distanciamiento social. En resumen, este simposio puede ofrecer una amplia perspectiva sobre la adaptaci\u00f3n familiar a la pandemia de la COVID-19 en Italia y Espa\u00f1a, integrando evidencia emp\u00edrica rigurosa y t\u00e9cnicas y modelos de intervenci\u00f3n recientemente desarrollados en familias de ni\u00f1os con neurodesarrollo t\u00edpico y at\u00edpico.<\/p>\n<p>[\/et_pb_text][\/et_pb_column][\/et_pb_row][et_pb_row column_structure=&#8221;3_4,1_4&#8243; _builder_version=&#8221;4.9.4&#8243; _module_preset=&#8221;default&#8221;][et_pb_column type=&#8221;3_4&#8243; _builder_version=&#8221;4.9.4&#8243; _module_preset=&#8221;default&#8221;][et_pb_text _builder_version=&#8221;4.9.4&#8243; _module_preset=&#8221;default&#8221; header_2_text_color=&#8221;#E46708&#8243; text_orientation=&#8221;right&#8221; hover_enabled=&#8221;0&#8243; sticky_enabled=&#8221;0&#8243;]<\/p>\n<h2 style=\"text-align: right;\">CV<\/h2>\n<p>Michele Giannotti es investigador postdoctoral y psic\u00f3logo cl\u00ednico registrado que trabaja en el campo de la protecci\u00f3n infantil. Tiene un doctorado en Psicolog\u00eda y Educaci\u00f3n y actualmente trabaja como investigador postdoctoral en la Universidad de Trento (Italia), en el Departamento de Psicolog\u00eda y Ciencias Cognitivas &#8211; Observaci\u00f3n, Laboratorio de Educaci\u00f3n en Diagn\u00f3stico (ODFLab). El trabajo cl\u00ednico y de investigaci\u00f3n del Dr. Giannotti se centra en la crianza y el desarrollo del ni\u00f1o, con referencia a la transici\u00f3n a la paternidad, el maltrato infantil y la evaluaci\u00f3n del apego a lo largo de la vida. Recientemente fue galardonado por la Asociaci\u00f3n Internacional para el Estudio del Apego (IASA) por su contribuci\u00f3n en el estudio de las representaciones del apego en ni\u00f1os en edad escolar con trastorno del espectro autista, sin discapacidad intelectual. Ha impartido charlas sobre el impacto de la transici\u00f3n a la paternidad en la salud mental paterna, la paternidad en riesgo y la calidad del apego en ni\u00f1os con desarrollo t\u00edpico y at\u00edpico en conferencias nacionales e internacionales. El Dr. Giannotti ha publicado varios art\u00edculos en revistas cient\u00edficas revisadas por pares y est\u00e1 involucrado en diferentes proyectos de investigaci\u00f3n sobre crianza y desarrollo infantil a nivel nacional e internacional.<\/p>\n<p>[\/et_pb_text][\/et_pb_column][et_pb_column type=&#8221;1_4&#8243; _builder_version=&#8221;4.9.4&#8243; _module_preset=&#8221;default&#8221;][et_pb_image title_text=&#8221;M. Giannotti&#8221; admin_label=&#8221;Image&#8221; _builder_version=&#8221;4.9.4&#8243; _module_preset=&#8221;default&#8221; hover_enabled=&#8221;0&#8243; border_radii=&#8221;on|15px|15px|15px|15px&#8221; src=&#8221;https:\/\/www.aitanacongress.com\/2021\/wp-content\/uploads\/M.-Giannotti-1.png&#8221; sticky_enabled=&#8221;0&#8243;][\/et_pb_image][\/et_pb_column][\/et_pb_row][\/et_pb_section]<\/p>\n","protected":false},"excerpt":{"rendered":"<p>[et_pb_section fb_built=&#8221;1&#8243; fullwidth=&#8221;on&#8221; custom_padding_last_edited=&#8221;on|desktop&#8221; admin_label=&#8221;Cabecera &#8211; Titulo&#8221; module_class=&#8221;cabecera-seccion&#8221; _builder_version=&#8221;4.9.4&#8243; background_color=&#8221;#0094A9&#8243; height=&#8221;125px&#8221; custom_padding=&#8221;||||false|false&#8221; custom_padding_tablet=&#8221;||||false|false&#8221; custom_padding_phone=&#8221;||||false|false&#8221; custom_css_main_element_last_edited=&#8221;on|phone&#8221;][et_pb_fullwidth_header _builder_version=&#8221;4.9.4&#8243; title_level=&#8221;h4&#8243; title_font=&#8221;|800||on|||||&#8221; title_text_align=&#8221;center&#8221; title_text_color=&#8221;#053341&#8243; title_font_size=&#8221;48px&#8221; content_font=&#8221;|800|||||||&#8221; content_text_align=&#8221;center&#8221; content_text_color=&#8221;#FFFFFF&#8221; background_enable_color=&#8221;off&#8221; background_enable_image=&#8221;off&#8221; background_size=&#8221;contain&#8221; background_position=&#8221;center_left&#8221; custom_padding_tablet=&#8221;&#8221; custom_padding_phone=&#8221;10px||10px||false|false&#8221; custom_padding_last_edited=&#8221;on|phone&#8221; title_font_size_tablet=&#8221;&#8221; title_font_size_phone=&#8221;30px&#8221; title_font_size_last_edited=&#8221;on|phone&#8221;] Michele Giannotti Universidad de Trento. Italia [\/et_pb_fullwidth_header][\/et_pb_section][et_pb_section fb_built=&#8221;1&#8243; _builder_version=&#8221;4.9.4&#8243; _module_preset=&#8221;default&#8221;][et_pb_row column_structure=&#8221;2_5,3_5&#8243; _builder_version=&#8221;4.9.4&#8243; _module_preset=&#8221;default&#8221;][et_pb_column type=&#8221;2_5&#8243; _builder_version=&#8221;4.9.4&#8243; _module_preset=&#8221;default&#8221;][et_pb_text _builder_version=&#8221;4.9.4&#8243; _module_preset=&#8221;default&#8221; header_2_text_color=&#8221;#E46708&#8243;] El impacto [&hellip;]<\/p>\n","protected":false},"author":2,"featured_media":0,"parent":0,"menu_order":0,"comment_status":"closed","ping_status":"closed","template":"","meta":{"_et_pb_use_builder":"on","_et_pb_old_content":"","_et_gb_content_width":"","_monsterinsights_skip_tracking":false,"_monsterinsights_sitenote_active":false,"_monsterinsights_sitenote_note":"","_monsterinsights_sitenote_category":0,"footnotes":""},"class_list":["post-1919","page","type-page","status-publish","hentry"],"yoast_head":"<!-- This site is optimized with the Yoast SEO plugin v16.4 - https:\/\/yoast.com\/wordpress\/plugins\/seo\/ -->\n<title>P_Michele Giannotti | Aitana Congress 2021<\/title>\n<meta name=\"robots\" content=\"index, follow, max-snippet:-1, max-image-preview:large, max-video-preview:-1\" \/>\n<link rel=\"canonical\" href=\"https:\/\/www.aitanacongress.com\/2021\/p_michele-giannotti\/\" \/>\n<meta property=\"og:locale\" content=\"es_ES\" \/>\n<meta property=\"og:type\" content=\"article\" \/>\n<meta property=\"og:title\" content=\"P_Michele Giannotti | Aitana Congress 2021\" \/>\n<meta property=\"og:description\" content=\"[et_pb_section fb_built=&#8221;1&#8243; fullwidth=&#8221;on&#8221; custom_padding_last_edited=&#8221;on|desktop&#8221; admin_label=&#8221;Cabecera &#8211; Titulo&#8221; module_class=&#8221;cabecera-seccion&#8221; _builder_version=&#8221;4.9.4&#8243; background_color=&#8221;#0094A9&#8243; height=&#8221;125px&#8221; custom_padding=&#8221;||||false|false&#8221; custom_padding_tablet=&#8221;||||false|false&#8221; custom_padding_phone=&#8221;||||false|false&#8221; custom_css_main_element_last_edited=&#8221;on|phone&#8221;][et_pb_fullwidth_header _builder_version=&#8221;4.9.4&#8243; title_level=&#8221;h4&#8243; title_font=&#8221;|800||on|||||&#8221; title_text_align=&#8221;center&#8221; title_text_color=&#8221;#053341&#8243; title_font_size=&#8221;48px&#8221; content_font=&#8221;|800|||||||&#8221; content_text_align=&#8221;center&#8221; content_text_color=&#8221;#FFFFFF&#8221; background_enable_color=&#8221;off&#8221; background_enable_image=&#8221;off&#8221; background_size=&#8221;contain&#8221; background_position=&#8221;center_left&#8221; custom_padding_tablet=&#8221;&#8221; custom_padding_phone=&#8221;10px||10px||false|false&#8221; custom_padding_last_edited=&#8221;on|phone&#8221; title_font_size_tablet=&#8221;&#8221; title_font_size_phone=&#8221;30px&#8221; title_font_size_last_edited=&#8221;on|phone&#8221;] Michele Giannotti Universidad de Trento. Italia [\/et_pb_fullwidth_header][\/et_pb_section][et_pb_section fb_built=&#8221;1&#8243; _builder_version=&#8221;4.9.4&#8243; _module_preset=&#8221;default&#8221;][et_pb_row column_structure=&#8221;2_5,3_5&#8243; _builder_version=&#8221;4.9.4&#8243; _module_preset=&#8221;default&#8221;][et_pb_column type=&#8221;2_5&#8243; _builder_version=&#8221;4.9.4&#8243; _module_preset=&#8221;default&#8221;][et_pb_text _builder_version=&#8221;4.9.4&#8243; _module_preset=&#8221;default&#8221; header_2_text_color=&#8221;#E46708&#8243;] El impacto [&hellip;]\" \/>\n<meta property=\"og:url\" content=\"https:\/\/www.aitanacongress.com\/2021\/p_michele-giannotti\/\" \/>\n<meta property=\"og:site_name\" content=\"Aitana Congress 2021\" \/>\n<meta property=\"article:modified_time\" content=\"2021-07-08T10:32:40+00:00\" \/>\n<meta name=\"twitter:card\" content=\"summary_large_image\" \/>\n<meta name=\"twitter:label1\" content=\"Tiempo de lectura\" \/>\n\t<meta name=\"twitter:data1\" content=\"2 minutos\" \/>\n<script type=\"application\/ld+json\" class=\"yoast-schema-graph\">{\"@context\":\"https:\/\/schema.org\",\"@graph\":[{\"@type\":\"WebSite\",\"@id\":\"https:\/\/www.aitanacongress.com\/2021\/#website\",\"url\":\"https:\/\/www.aitanacongress.com\/2021\/\",\"name\":\"Aitana Congress 2021\",\"description\":\"International Congress of Clinical and Health Psychology in Children and Adolescents\",\"potentialAction\":[{\"@type\":\"SearchAction\",\"target\":\"https:\/\/www.aitanacongress.com\/2021\/?s={search_term_string}\",\"query-input\":\"required name=search_term_string\"}],\"inLanguage\":\"es\"},{\"@type\":\"WebPage\",\"@id\":\"https:\/\/www.aitanacongress.com\/2021\/p_michele-giannotti\/#webpage\",\"url\":\"https:\/\/www.aitanacongress.com\/2021\/p_michele-giannotti\/\",\"name\":\"P_Michele Giannotti | Aitana Congress 2021\",\"isPartOf\":{\"@id\":\"https:\/\/www.aitanacongress.com\/2021\/#website\"},\"datePublished\":\"2021-06-17T14:00:21+00:00\",\"dateModified\":\"2021-07-08T10:32:40+00:00\",\"breadcrumb\":{\"@id\":\"https:\/\/www.aitanacongress.com\/2021\/p_michele-giannotti\/#breadcrumb\"},\"inLanguage\":\"es\",\"potentialAction\":[{\"@type\":\"ReadAction\",\"target\":[\"https:\/\/www.aitanacongress.com\/2021\/p_michele-giannotti\/\"]}]},{\"@type\":\"BreadcrumbList\",\"@id\":\"https:\/\/www.aitanacongress.com\/2021\/p_michele-giannotti\/#breadcrumb\",\"itemListElement\":[{\"@type\":\"ListItem\",\"position\":1,\"item\":{\"@type\":\"WebPage\",\"@id\":\"https:\/\/www.aitanacongress.com\/2021\/\",\"url\":\"https:\/\/www.aitanacongress.com\/2021\/\",\"name\":\"Portada\"}},{\"@type\":\"ListItem\",\"position\":2,\"item\":{\"@id\":\"https:\/\/www.aitanacongress.com\/2021\/p_michele-giannotti\/#webpage\"}}]}]}<\/script>\n<!-- \/ Yoast SEO plugin. -->","_links":{"self":[{"href":"https:\/\/www.aitanacongress.com\/2021\/wp-json\/wp\/v2\/pages\/1919","targetHints":{"allow":["GET"]}}],"collection":[{"href":"https:\/\/www.aitanacongress.com\/2021\/wp-json\/wp\/v2\/pages"}],"about":[{"href":"https:\/\/www.aitanacongress.com\/2021\/wp-json\/wp\/v2\/types\/page"}],"author":[{"embeddable":true,"href":"https:\/\/www.aitanacongress.com\/2021\/wp-json\/wp\/v2\/users\/2"}],"replies":[{"embeddable":true,"href":"https:\/\/www.aitanacongress.com\/2021\/wp-json\/wp\/v2\/comments?post=1919"}],"version-history":[{"count":6,"href":"https:\/\/www.aitanacongress.com\/2021\/wp-json\/wp\/v2\/pages\/1919\/revisions"}],"predecessor-version":[{"id":2638,"href":"https:\/\/www.aitanacongress.com\/2021\/wp-json\/wp\/v2\/pages\/1919\/revisions\/2638"}],"wp:attachment":[{"href":"https:\/\/www.aitanacongress.com\/2021\/wp-json\/wp\/v2\/media?parent=1919"}],"curies":[{"name":"wp","href":"https:\/\/api.w.org\/{rel}","templated":true}]}}