{"id":3413,"date":"2021-09-27T15:27:00","date_gmt":"2021-09-27T15:27:00","guid":{"rendered":"https:\/\/www.aitanacongress.com\/2021\/?page_id=3413"},"modified":"2021-09-27T15:28:43","modified_gmt":"2021-09-27T15:28:43","slug":"p_iban-onandia-2","status":"publish","type":"page","link":"https:\/\/www.aitanacongress.com\/2021\/p_iban-onandia-2\/","title":{"rendered":"P_Iban Onandia"},"content":{"rendered":"<p>[et_pb_section fb_built=&#8221;1&#8243; fullwidth=&#8221;on&#8221; custom_padding_last_edited=&#8221;on|desktop&#8221; admin_label=&#8221;Cabecera &#8211; Titulo&#8221; module_class=&#8221;cabecera-seccion&#8221; _builder_version=&#8221;4.9.4&#8243; background_color=&#8221;#0094A9&#8243; height=&#8221;125px&#8221; custom_padding=&#8221;||||false|false&#8221; custom_padding_tablet=&#8221;||||false|false&#8221; custom_padding_phone=&#8221;||||false|false&#8221; custom_css_main_element_last_edited=&#8221;on|phone&#8221;][et_pb_fullwidth_header _builder_version=&#8221;4.9.4&#8243; title_level=&#8221;h4&#8243; title_font=&#8221;|800||on|||||&#8221; title_text_align=&#8221;center&#8221; title_text_color=&#8221;#053341&#8243; title_font_size=&#8221;48px&#8221; content_font=&#8221;|800|||||||&#8221; content_text_align=&#8221;center&#8221; content_text_color=&#8221;#FFFFFF&#8221; background_enable_color=&#8221;off&#8221; background_enable_image=&#8221;off&#8221; background_size=&#8221;contain&#8221; background_position=&#8221;center_left&#8221; custom_padding_tablet=&#8221;&#8221; custom_padding_phone=&#8221;10px||10px||false|false&#8221; custom_padding_last_edited=&#8221;on|phone&#8221; title_font_size_tablet=&#8221;&#8221; title_font_size_phone=&#8221;30px&#8221; title_font_size_last_edited=&#8221;on|phone&#8221;]<\/p>\n<h4>Iban Onandia<\/h4>\n<p>Universidad del Pa\u00eds Vasco. Espa\u00f1a<\/p>\n<p>[\/et_pb_fullwidth_header][\/et_pb_section][et_pb_section fb_built=&#8221;1&#8243; _builder_version=&#8221;4.9.4&#8243; _module_preset=&#8221;default&#8221;][et_pb_row column_structure=&#8221;2_5,3_5&#8243; _builder_version=&#8221;4.9.4&#8243; _module_preset=&#8221;default&#8221;][et_pb_column type=&#8221;2_5&#8243; _builder_version=&#8221;4.9.4&#8243; _module_preset=&#8221;default&#8221;][et_pb_text _builder_version=&#8221;4.9.4&#8243; _module_preset=&#8221;default&#8221; header_2_text_color=&#8221;#E46708&#8243; hover_enabled=&#8221;0&#8243; sticky_enabled=&#8221;0&#8243;]<\/p>\n<h2 style=\"text-align: right;\">Nuevas \u00e1reas de exploraci\u00f3n y diagn\u00f3stico diferencial del TDAH<\/h2>\n<p>[\/et_pb_text][\/et_pb_column][et_pb_column type=&#8221;3_5&#8243; _builder_version=&#8221;4.9.4&#8243; _module_preset=&#8221;default&#8221;][et_pb_text _builder_version=&#8221;4.9.4&#8243; _module_preset=&#8221;default&#8221; text_orientation=&#8221;justified&#8221; hover_enabled=&#8221;0&#8243; sticky_enabled=&#8221;0&#8243;]<\/p>\n<p>El TDAH, por su caracter\u00edstica heterogeneidad, est\u00e1 exigiendo cada vez m\u00e1s la participaci\u00f3n de equipos multidisciplinares que tengan en cuenta todos los \u00e1mbitos en los que se avanza en su conocimiento e investigaci\u00f3n. Y es que, aunque ya llevamos 20 a\u00f1os de investigaci\u00f3n en el \u00e1rea, a\u00fan hoy existen nuevos elementos que van surgiendo en el diagn\u00f3stico y en la intervenci\u00f3n de este trastorno. As\u00ed, sabemos que nuestro pa\u00eds el 25 % de los ni\u00f1os sufren alg\u00fan tipo de abuso o maltrato en la infancia, y que algunos de estos desarrollan como consecuencia un trastorno postraum\u00e1tico o un trastorno complejo del desarrollo. Por ello, es imprescindible avanzar en el discernimiento entre el TDAH y un trastorno de este tipo, dado que adem\u00e1s en muchos casos estos eventos no ser\u00e1n explicitables y\/o verbalizados por el menor. Por otro lado, es imprescindible resolver la relaci\u00f3n del TDAH con elementos transdiagn\u00f3sticos, tales como el Tempo Cognitivo Lento, de cara a comprender si ambos ser\u00e1n de una manera solapada o incluso com\u00f3rbida y entender el mecanismo psicopatol\u00f3gico y cognitivo por el que se relacionan. Es, por ello, necesario avanzar en el conocimiento del diagn\u00f3stico diferencial entre ambos. Otra \u00e1rea que promete aportar en el conocimiento de la evaluaci\u00f3n e intervenci\u00f3n en el TDAH es la psicofisiolog\u00eda, donde los marcadores y endofenotipos electroencefalogr\u00e1ficos suponen una herramienta prometedora. Finalmente, nos falta caracterizar totalmente la amalgama de fenotipos que se pueden presentar, de manera que es muy reciente el descubrimiento de la distorsi\u00f3n en la estimaci\u00f3n temporal como s\u00edntoma nuclear del TDAH, con todas las derivadas que eso supondr\u00e1. Debemos, no obstante, conocer este d\u00e9ficit y su caracterizaci\u00f3n, en pro de un mayor manejo cl\u00ednico en la evaluaci\u00f3n e intervenci\u00f3n sobre este trastorno.<\/p>\n<p>[\/et_pb_text][\/et_pb_column][\/et_pb_row][et_pb_row column_structure=&#8221;3_4,1_4&#8243; _builder_version=&#8221;4.9.4&#8243; _module_preset=&#8221;default&#8221;][et_pb_column type=&#8221;3_4&#8243; _builder_version=&#8221;4.9.4&#8243; _module_preset=&#8221;default&#8221;][et_pb_text _builder_version=&#8221;4.9.4&#8243; _module_preset=&#8221;default&#8221; header_2_text_color=&#8221;#E46708&#8243; text_orientation=&#8221;right&#8221;]<\/p>\n<h2 style=\"text-align: right;\">CV<\/h2>\n<p>Iban Onandia H. es Doctor en Psicolog\u00eda Cl\u00ednica y de la salud y posee el M\u00e1ster en Salud Mental y Terapias Psicol\u00f3gicas (ambos por la Universidad de Deusto), as\u00ed como profesor asociado en la UPV\/EHU desde 2015 y Profesor Colaborador de UOC, VIU y UNIR. Ejerciendo la psicolog\u00eda como psic\u00f3logo y Neuropsic\u00f3logo cl\u00ednico desde 2008 en varios centros y hospitales, ha sido Asesor T\u00e9cnico de AHIDA (Asociaci\u00f3n de TDAH de Bizkaia) y ha ejercido varias funciones profesionales para EUSARGHI (Federaci\u00f3n Vasca de Asociaciones de TDAH) durante m\u00e1s de 10 a\u00f1os, adem\u00e1s de impartir multitud de conferencias, dirigir talleres para padres y ni\u00f1os y adolescentes, terapias grupales, talleres de prevenci\u00f3n para preescolares, etc. Adem\u00e1s, fue director e investigador Principal del \u201cProyecto de Investigaci\u00f3n y Seguimiento en TDAH y Trastornos Afines\u201d (PISTTA) a nivel nacional. En todos estos a\u00f1os, adem\u00e1s de ser el gerente del Gabinete de Psicolog\u00eda Amorebieta donde dirige un equipo de 7 profesionales multidisiciplinares, ha sido validador de algunas herramientas conocidas (WMS-IV, NEPSY-2, WPSSI-IV, BYI-II, ECM, BASC-3, Vineland, D2-R, FCR-R\u2026), autor del libro \u201cEvaluaci\u00f3n Neuropsicol\u00f3gica de los procesos atencionales\u201d y de en torno a 40 publicaciones cient\u00edficas, algunas de ellas en revistas de alto impacto. Es actualmente tutor de pr\u00e1cticas de alumnos universitarios de una docena de universidades y ha dirigido en torno a 200 tesis, TFM y TFG, impartido una treintena de simposios, charlas, cursos y conferencias en \u00e1reas muy diversas como el deterioro cognitivo y las demencias (l\u00ednea de su tesis y de investigaci\u00f3n del Grupo de Investigaci\u00f3n en \u201cNeuroqu\u00edmica y Neurodegeneraci\u00f3n\u201d, calificado de tipo A por el Gobierno Vasco), los trastornos del neurodesarrollo, etc.<\/p>\n<p>[\/et_pb_text][\/et_pb_column][et_pb_column type=&#8221;1_4&#8243; _builder_version=&#8221;4.9.4&#8243; _module_preset=&#8221;default&#8221;][et_pb_image src=&#8221;https:\/\/www.aitanacongress.com\/2021\/wp-content\/uploads\/Foto-Iban.jpg&#8221; title_text=&#8221;Foto Iban&#8221; admin_label=&#8221;Image&#8221; _builder_version=&#8221;4.9.4&#8243; _module_preset=&#8221;default&#8221; border_radii=&#8221;on|15px|15px|15px|15px&#8221;][\/et_pb_image][\/et_pb_column][\/et_pb_row][\/et_pb_section]<\/p>\n","protected":false},"excerpt":{"rendered":"<p>[et_pb_section fb_built=&#8221;1&#8243; fullwidth=&#8221;on&#8221; custom_padding_last_edited=&#8221;on|desktop&#8221; admin_label=&#8221;Cabecera &#8211; Titulo&#8221; module_class=&#8221;cabecera-seccion&#8221; _builder_version=&#8221;4.9.4&#8243; background_color=&#8221;#0094A9&#8243; height=&#8221;125px&#8221; custom_padding=&#8221;||||false|false&#8221; custom_padding_tablet=&#8221;||||false|false&#8221; custom_padding_phone=&#8221;||||false|false&#8221; custom_css_main_element_last_edited=&#8221;on|phone&#8221;][et_pb_fullwidth_header _builder_version=&#8221;4.9.4&#8243; title_level=&#8221;h4&#8243; title_font=&#8221;|800||on|||||&#8221; title_text_align=&#8221;center&#8221; title_text_color=&#8221;#053341&#8243; title_font_size=&#8221;48px&#8221; content_font=&#8221;|800|||||||&#8221; content_text_align=&#8221;center&#8221; content_text_color=&#8221;#FFFFFF&#8221; background_enable_color=&#8221;off&#8221; background_enable_image=&#8221;off&#8221; background_size=&#8221;contain&#8221; background_position=&#8221;center_left&#8221; custom_padding_tablet=&#8221;&#8221; custom_padding_phone=&#8221;10px||10px||false|false&#8221; custom_padding_last_edited=&#8221;on|phone&#8221; title_font_size_tablet=&#8221;&#8221; title_font_size_phone=&#8221;30px&#8221; title_font_size_last_edited=&#8221;on|phone&#8221;] Iban Onandia Universidad del Pa\u00eds Vasco. Espa\u00f1a [\/et_pb_fullwidth_header][\/et_pb_section][et_pb_section fb_built=&#8221;1&#8243; _builder_version=&#8221;4.9.4&#8243; _module_preset=&#8221;default&#8221;][et_pb_row column_structure=&#8221;2_5,3_5&#8243; _builder_version=&#8221;4.9.4&#8243; _module_preset=&#8221;default&#8221;][et_pb_column type=&#8221;2_5&#8243; _builder_version=&#8221;4.9.4&#8243; _module_preset=&#8221;default&#8221;][et_pb_text _builder_version=&#8221;4.9.4&#8243; _module_preset=&#8221;default&#8221; header_2_text_color=&#8221;#E46708&#8243; hover_enabled=&#8221;0&#8243; [&hellip;]<\/p>\n","protected":false},"author":2,"featured_media":0,"parent":0,"menu_order":0,"comment_status":"closed","ping_status":"closed","template":"","meta":{"_et_pb_use_builder":"on","_et_pb_old_content":"","_et_gb_content_width":"","_monsterinsights_skip_tracking":false,"_monsterinsights_sitenote_active":false,"_monsterinsights_sitenote_note":"","_monsterinsights_sitenote_category":0,"footnotes":""},"class_list":["post-3413","page","type-page","status-publish","hentry"],"yoast_head":"<!-- This site is optimized with the Yoast SEO plugin v16.4 - https:\/\/yoast.com\/wordpress\/plugins\/seo\/ -->\n<title>P_Iban Onandia | Aitana Congress 2021<\/title>\n<meta name=\"robots\" content=\"index, follow, max-snippet:-1, max-image-preview:large, max-video-preview:-1\" \/>\n<link rel=\"canonical\" href=\"https:\/\/www.aitanacongress.com\/2021\/p_iban-onandia-2\/\" \/>\n<meta property=\"og:locale\" content=\"es_ES\" \/>\n<meta property=\"og:type\" content=\"article\" \/>\n<meta property=\"og:title\" content=\"P_Iban Onandia | Aitana Congress 2021\" \/>\n<meta property=\"og:description\" content=\"[et_pb_section fb_built=&#8221;1&#8243; fullwidth=&#8221;on&#8221; custom_padding_last_edited=&#8221;on|desktop&#8221; admin_label=&#8221;Cabecera &#8211; Titulo&#8221; module_class=&#8221;cabecera-seccion&#8221; _builder_version=&#8221;4.9.4&#8243; background_color=&#8221;#0094A9&#8243; height=&#8221;125px&#8221; custom_padding=&#8221;||||false|false&#8221; custom_padding_tablet=&#8221;||||false|false&#8221; custom_padding_phone=&#8221;||||false|false&#8221; custom_css_main_element_last_edited=&#8221;on|phone&#8221;][et_pb_fullwidth_header _builder_version=&#8221;4.9.4&#8243; title_level=&#8221;h4&#8243; title_font=&#8221;|800||on|||||&#8221; title_text_align=&#8221;center&#8221; title_text_color=&#8221;#053341&#8243; title_font_size=&#8221;48px&#8221; content_font=&#8221;|800|||||||&#8221; content_text_align=&#8221;center&#8221; content_text_color=&#8221;#FFFFFF&#8221; background_enable_color=&#8221;off&#8221; background_enable_image=&#8221;off&#8221; background_size=&#8221;contain&#8221; background_position=&#8221;center_left&#8221; custom_padding_tablet=&#8221;&#8221; custom_padding_phone=&#8221;10px||10px||false|false&#8221; custom_padding_last_edited=&#8221;on|phone&#8221; title_font_size_tablet=&#8221;&#8221; title_font_size_phone=&#8221;30px&#8221; title_font_size_last_edited=&#8221;on|phone&#8221;] Iban Onandia Universidad del Pa\u00eds Vasco. Espa\u00f1a [\/et_pb_fullwidth_header][\/et_pb_section][et_pb_section fb_built=&#8221;1&#8243; _builder_version=&#8221;4.9.4&#8243; _module_preset=&#8221;default&#8221;][et_pb_row column_structure=&#8221;2_5,3_5&#8243; _builder_version=&#8221;4.9.4&#8243; _module_preset=&#8221;default&#8221;][et_pb_column type=&#8221;2_5&#8243; _builder_version=&#8221;4.9.4&#8243; _module_preset=&#8221;default&#8221;][et_pb_text _builder_version=&#8221;4.9.4&#8243; _module_preset=&#8221;default&#8221; header_2_text_color=&#8221;#E46708&#8243; hover_enabled=&#8221;0&#8243; [&hellip;]\" \/>\n<meta property=\"og:url\" content=\"https:\/\/www.aitanacongress.com\/2021\/p_iban-onandia-2\/\" \/>\n<meta property=\"og:site_name\" content=\"Aitana Congress 2021\" \/>\n<meta property=\"article:modified_time\" content=\"2021-09-27T15:28:43+00:00\" \/>\n<meta name=\"twitter:card\" content=\"summary_large_image\" \/>\n<meta name=\"twitter:label1\" content=\"Tiempo de lectura\" \/>\n\t<meta name=\"twitter:data1\" content=\"2 minutos\" \/>\n<script type=\"application\/ld+json\" class=\"yoast-schema-graph\">{\"@context\":\"https:\/\/schema.org\",\"@graph\":[{\"@type\":\"WebSite\",\"@id\":\"https:\/\/www.aitanacongress.com\/2021\/#website\",\"url\":\"https:\/\/www.aitanacongress.com\/2021\/\",\"name\":\"Aitana Congress 2021\",\"description\":\"International Congress of Clinical and Health Psychology in Children and Adolescents\",\"potentialAction\":[{\"@type\":\"SearchAction\",\"target\":\"https:\/\/www.aitanacongress.com\/2021\/?s={search_term_string}\",\"query-input\":\"required name=search_term_string\"}],\"inLanguage\":\"es\"},{\"@type\":\"WebPage\",\"@id\":\"https:\/\/www.aitanacongress.com\/2021\/p_iban-onandia-2\/#webpage\",\"url\":\"https:\/\/www.aitanacongress.com\/2021\/p_iban-onandia-2\/\",\"name\":\"P_Iban Onandia | Aitana Congress 2021\",\"isPartOf\":{\"@id\":\"https:\/\/www.aitanacongress.com\/2021\/#website\"},\"datePublished\":\"2021-09-27T15:27:00+00:00\",\"dateModified\":\"2021-09-27T15:28:43+00:00\",\"breadcrumb\":{\"@id\":\"https:\/\/www.aitanacongress.com\/2021\/p_iban-onandia-2\/#breadcrumb\"},\"inLanguage\":\"es\",\"potentialAction\":[{\"@type\":\"ReadAction\",\"target\":[\"https:\/\/www.aitanacongress.com\/2021\/p_iban-onandia-2\/\"]}]},{\"@type\":\"BreadcrumbList\",\"@id\":\"https:\/\/www.aitanacongress.com\/2021\/p_iban-onandia-2\/#breadcrumb\",\"itemListElement\":[{\"@type\":\"ListItem\",\"position\":1,\"item\":{\"@type\":\"WebPage\",\"@id\":\"https:\/\/www.aitanacongress.com\/2021\/\",\"url\":\"https:\/\/www.aitanacongress.com\/2021\/\",\"name\":\"Portada\"}},{\"@type\":\"ListItem\",\"position\":2,\"item\":{\"@id\":\"https:\/\/www.aitanacongress.com\/2021\/p_iban-onandia-2\/#webpage\"}}]}]}<\/script>\n<!-- \/ Yoast SEO plugin. -->","_links":{"self":[{"href":"https:\/\/www.aitanacongress.com\/2021\/wp-json\/wp\/v2\/pages\/3413","targetHints":{"allow":["GET"]}}],"collection":[{"href":"https:\/\/www.aitanacongress.com\/2021\/wp-json\/wp\/v2\/pages"}],"about":[{"href":"https:\/\/www.aitanacongress.com\/2021\/wp-json\/wp\/v2\/types\/page"}],"author":[{"embeddable":true,"href":"https:\/\/www.aitanacongress.com\/2021\/wp-json\/wp\/v2\/users\/2"}],"replies":[{"embeddable":true,"href":"https:\/\/www.aitanacongress.com\/2021\/wp-json\/wp\/v2\/comments?post=3413"}],"version-history":[{"count":3,"href":"https:\/\/www.aitanacongress.com\/2021\/wp-json\/wp\/v2\/pages\/3413\/revisions"}],"predecessor-version":[{"id":3424,"href":"https:\/\/www.aitanacongress.com\/2021\/wp-json\/wp\/v2\/pages\/3413\/revisions\/3424"}],"wp:attachment":[{"href":"https:\/\/www.aitanacongress.com\/2021\/wp-json\/wp\/v2\/media?parent=3413"}],"curies":[{"name":"wp","href":"https:\/\/api.w.org\/{rel}","templated":true}]}}