{"id":362,"date":"2021-05-21T11:27:24","date_gmt":"2021-05-21T11:27:24","guid":{"rendered":"http:\/\/www.aitanacongress.com\/2021\/?page_id=362"},"modified":"2022-02-23T23:31:38","modified_gmt":"2022-02-23T23:31:38","slug":"bienvenida","status":"publish","type":"page","link":"https:\/\/www.aitanacongress.com\/2021\/bienvenida\/","title":{"rendered":"Bienvenida"},"content":{"rendered":"<p>[et_pb_section fb_built=&#8221;1&#8243; custom_padding_last_edited=&#8221;on|phone&#8221; disabled_on=&#8221;off|off|off&#8221; admin_label=&#8221;PROGRAMA&#8221; _builder_version=&#8221;4.9.4&#8243; background_color=&#8221;#E46708&#8243; background_enable_image=&#8221;off&#8221; background_size=&#8221;initial&#8221; width=&#8221;100%&#8221; max_width=&#8221;100%&#8221; custom_margin=&#8221;0px|0px|0px|0px|false|false&#8221; custom_padding=&#8221;0px|0px|0px|0px|false|false&#8221; custom_padding_tablet=&#8221;&#8221; custom_padding_phone=&#8221;&#8221; link_option_url=&#8221;https:\/\/aitana2020online.siteonsite.es\/&#8221; link_option_url_new_window=&#8221;on&#8221; disabled=&#8221;on&#8221; global_module=&#8221;318&#8243; saved_tabs=&#8221;all&#8221; collapsed=&#8221;off&#8221;][et_pb_row make_equal=&#8221;on&#8221; _builder_version=&#8221;4.0.11&#8243; background_color=&#8221;rgba(0,0,0,0)&#8221; background_enable_image=&#8221;off&#8221; background_size=&#8221;initial&#8221; background_position=&#8221;bottom_right&#8221; width=&#8221;100%&#8221; width_tablet=&#8221;&#8221; width_phone=&#8221;100%&#8221; width_last_edited=&#8221;on|phone&#8221; max_width=&#8221;100%&#8221; custom_margin=&#8221;0px||0px||false|false&#8221; custom_margin_tablet=&#8221;&#8221; custom_margin_phone=&#8221;0px|0px|0px|0px|false|false&#8221; custom_margin_last_edited=&#8221;on|phone&#8221; custom_padding=&#8221;0px|0px|0px|0px|false|false&#8221; hover_enabled=&#8221;0&#8243; custom_css_main_element_last_edited=&#8221;on|phone&#8221; collapsed=&#8221;off&#8221; sticky_enabled=&#8221;0&#8243;][et_pb_column type=&#8221;4_4&#8243; _builder_version=&#8221;4.0.11&#8243; background_color=&#8221;#4e7987&#8243; custom_padding=&#8221;0px|0px|0px|0px|false|false&#8221; link_option_url=&#8221;\/2020\/bienvenida&#8221; custom_css_main_element=&#8221;margin-right: 0;&#8221;][et_pb_text _builder_version=&#8221;4.9.4&#8243; text_font=&#8221;|||on|||||&#8221; text_orientation=&#8221;center&#8221; background_layout=&#8221;dark&#8221; link_option_url=&#8221;https:\/\/programaitana2021online.onsitevents.com\/programa&#8221; link_option_url_new_window=&#8221;on&#8221; custom_css_main_element=&#8221;margin-top:10px;||margin-bottom:25px;&#8221;]<\/p>\n<p>YA DISPONIBLE EL PROGRAMA Y LA PLATAFORMA DEL CONGRESO ON LINE<\/p>\n<h4><a href=\"https:\/\/aitana2021online.onsitevents.com\" target=\"_blank\" rel=\"noopener\">Acceder al Congreso <strong>Acceder al Congreso<\/strong><\/a><\/h4>\n<p>[\/et_pb_text][\/et_pb_column][\/et_pb_row][\/et_pb_section][et_pb_section fb_built=&#8221;1&#8243; fullwidth=&#8221;on&#8221; custom_padding_last_edited=&#8221;on|desktop&#8221; admin_label=&#8221;Cabecera &#8211; Titulo&#8221; module_class=&#8221;cabecera-seccion&#8221; _builder_version=&#8221;4.9.4&#8243; background_color=&#8221;#E46708&#8243; height=&#8221;100px&#8221; custom_padding=&#8221;||||false|false&#8221; custom_padding_tablet=&#8221;||||false|false&#8221; custom_padding_phone=&#8221;||||false|false&#8221; hover_enabled=&#8221;0&#8243; custom_css_main_element_last_edited=&#8221;on|phone&#8221; collapsed=&#8221;on&#8221; sticky_enabled=&#8221;0&#8243;][et_pb_fullwidth_header _builder_version=&#8221;4.9.4&#8243; title_level=&#8221;h4&#8243; title_font=&#8221;|800||on|||||&#8221; title_text_align=&#8221;center&#8221; title_text_color=&#8221;#053341&#8243; title_font_size=&#8221;48px&#8221; background_enable_color=&#8221;off&#8221; background_enable_image=&#8221;off&#8221; background_size=&#8221;contain&#8221; background_position=&#8221;center_left&#8221; custom_padding_tablet=&#8221;&#8221; custom_padding_phone=&#8221;10px||10px||false|false&#8221; custom_padding_last_edited=&#8221;on|phone&#8221; title_font_size_tablet=&#8221;&#8221; title_font_size_phone=&#8221;30px&#8221; title_font_size_last_edited=&#8221;on|phone&#8221;]<\/p>\n<h4>Bienvenida<strong>Bienvenida<\/strong><\/h4>\n<p>[\/et_pb_fullwidth_header][\/et_pb_section][et_pb_section fb_built=&#8221;1&#8243; _builder_version=&#8221;4.9.4&#8243; _module_preset=&#8221;default&#8221;][et_pb_row column_structure=&#8221;1_3,2_3&#8243; disabled_on=&#8221;off|off|off&#8221; _builder_version=&#8221;4.9.4&#8243; _module_preset=&#8221;default&#8221;][et_pb_column type=&#8221;1_3&#8243; _builder_version=&#8221;4.9.4&#8243; _module_preset=&#8221;default&#8221;][et_pb_text _builder_version=&#8221;4.9.4&#8243; _module_preset=&#8221;default&#8221; header_2_text_align_tablet=&#8221;&#8221; header_2_text_align_phone=&#8221;left&#8221; header_2_text_align_last_edited=&#8221;on|phone&#8221; header_2_font_size_tablet=&#8221;&#8221; header_2_font_size_phone=&#8221;&#8221; header_2_font_size_last_edited=&#8221;on|desktop&#8221; text_orientation_tablet=&#8221;&#8221; text_orientation_phone=&#8221;center&#8221; text_orientation_last_edited=&#8221;on|phone&#8221;]<\/p>\n<h2 style=\"text-align: right;\">Saludo de la presidenta del Comit\u00e9 Organizador<\/h2>\n<p>[\/et_pb_text][et_pb_image src=&#8221;https:\/\/www.aitanacongress.com\/2021\/wp-content\/uploads\/Mireia-Orgiles-400&#215;533-1.jpg&#8221; title_text=&#8221;Mireia-Orgiles-400&#215;533-1&#8243; align=&#8221;center&#8221; _builder_version=&#8221;4.9.4&#8243; _module_preset=&#8221;default&#8221; width=&#8221;200px&#8221; module_alignment=&#8221;right&#8221; module_alignment_tablet=&#8221;&#8221; module_alignment_phone=&#8221;center&#8221; module_alignment_last_edited=&#8221;on|phone&#8221; border_radii=&#8221;on|15px|15px|15px|15px&#8221;][\/et_pb_image][\/et_pb_column][et_pb_column type=&#8221;2_3&#8243; _builder_version=&#8221;4.9.4&#8243; _module_preset=&#8221;default&#8221;][et_pb_text _builder_version=&#8221;4.9.4&#8243; _module_preset=&#8221;default&#8221;]<\/p>\n<p>Queridos colegas y amigos:<\/p>\n<p>Bienvenidos al <strong>7th International Congress of Clinical and Health Psychology in Children and Adolescents<\/strong>. Despu\u00e9s de un a\u00f1o 2020 especialmente dif\u00edcil, caminamos por este a\u00f1o 2021 con la prudencia de encontrarnos todav\u00eda inmersos en una crisis sanitaria, pero con la esperanza y el deseo de estar cada vez m\u00e1s cerca de decir adi\u00f3s a esta pandemia que ha cambiado nuestra vida.<\/p>\n<p>Este a\u00f1o, valorando como prioritaria la salud de todos, y contando con la grata experiencia del a\u00f1o pasado, celebramos de nuevo el congreso online, ofreci\u00e9ndote un programa de alta calidad cient\u00edfica en el que aprenderemos psicolog\u00eda infantil con las figuras m\u00e1s relevantes del momento. Continuar con nuestra formaci\u00f3n y compartir los avances cient\u00edficos es ahora m\u00e1s relevante que nunca. La pandemia ha puesto de manifiesto la importancia de proteger la salud mental de ni\u00f1os y adolescentes, detectando e interviniendo de forma competente en los problemas psicol\u00f3gicos que puedan manifestar. Si algo hemos aprendido estos meses es la necesidad de contar con profesionales bien formados que puedan ofrecer a sus pacientes los tratamientos eficaces que la ciencia nos ofrece. Esperamos que el programa que te presentamos contribuya a ese objetivo y que un a\u00f1o m\u00e1s logremos aunar lo mejor de la psicolog\u00eda cient\u00edfica en este encuentro que es ya cita ineludible para muchos.<\/p>\n<p>Agradecemos a todos los que form\u00e1is parte de este congreso, como conferenciantes o asistentes, y a Ediciones Pir\u00e1mide, Ediciones TEA y Pearson, que nos ayudan a que cada a\u00f1o podamos seguir organizando este foro. Gracias tambi\u00e9n al apoyo del Consejo General de la Psicolog\u00eda, a RED Infancia y a la Academia de Psicolog\u00eda de Espa\u00f1a.<\/p>\n<p>Te esperamos con ilusi\u00f3n.<\/p>\n<p>[\/et_pb_text][\/et_pb_column][\/et_pb_row][et_pb_row column_structure=&#8221;1_3,2_3&#8243; _builder_version=&#8221;4.9.4&#8243; _module_preset=&#8221;default&#8221;][et_pb_column type=&#8221;1_3&#8243; _builder_version=&#8221;4.9.4&#8243; _module_preset=&#8221;default&#8221;][\/et_pb_column][et_pb_column type=&#8221;2_3&#8243; _builder_version=&#8221;4.9.4&#8243; _module_preset=&#8221;default&#8221;][et_pb_text module_class=&#8221;datos-ponente&#8221; _builder_version=&#8221;4.9.4&#8243; _module_preset=&#8221;default&#8221;]<\/p>\n<h5 style=\"text-align: left;\">Mireia Orgil\u00e9s Amor\u00f3s <strong>Mireia Orgil\u00e9s Amor\u00f3s<\/strong><\/h5>\n<p style=\"text-align: left;\"><em>Universidad Miguel Hern\u00e1ndez<\/em><\/p>\n<p style=\"text-align: left;\">Presidenta del Comit\u00e9 Organizador<\/p>\n<p>[\/et_pb_text][\/et_pb_column][\/et_pb_row][\/et_pb_section]<\/p>\n","protected":false},"excerpt":{"rendered":"<p>[et_pb_section fb_built=&#8221;1&#8243; custom_padding_last_edited=&#8221;on|phone&#8221; disabled_on=&#8221;off|off|off&#8221; admin_label=&#8221;PROGRAMA&#8221; _builder_version=&#8221;4.9.4&#8243; background_color=&#8221;#E46708&#8243; background_enable_image=&#8221;off&#8221; background_size=&#8221;initial&#8221; width=&#8221;100%&#8221; max_width=&#8221;100%&#8221; custom_margin=&#8221;0px|0px|0px|0px|false|false&#8221; custom_padding=&#8221;0px|0px|0px|0px|false|false&#8221; custom_padding_tablet=&#8221;&#8221; custom_padding_phone=&#8221;&#8221; link_option_url=&#8221;https:\/\/aitana2020online.siteonsite.es\/&#8221; link_option_url_new_window=&#8221;on&#8221; disabled=&#8221;on&#8221; global_module=&#8221;318&#8243; saved_tabs=&#8221;all&#8221; collapsed=&#8221;off&#8221;][et_pb_row make_equal=&#8221;on&#8221; _builder_version=&#8221;4.0.11&#8243; background_color=&#8221;rgba(0,0,0,0)&#8221; background_enable_image=&#8221;off&#8221; background_size=&#8221;initial&#8221; background_position=&#8221;bottom_right&#8221; width=&#8221;100%&#8221; width_tablet=&#8221;&#8221; width_phone=&#8221;100%&#8221; width_last_edited=&#8221;on|phone&#8221; max_width=&#8221;100%&#8221; custom_margin=&#8221;0px||0px||false|false&#8221; custom_margin_tablet=&#8221;&#8221; custom_margin_phone=&#8221;0px|0px|0px|0px|false|false&#8221; custom_margin_last_edited=&#8221;on|phone&#8221; custom_padding=&#8221;0px|0px|0px|0px|false|false&#8221; hover_enabled=&#8221;0&#8243; custom_css_main_element_last_edited=&#8221;on|phone&#8221; collapsed=&#8221;off&#8221; sticky_enabled=&#8221;0&#8243;][et_pb_column type=&#8221;4_4&#8243; _builder_version=&#8221;4.0.11&#8243; background_color=&#8221;#4e7987&#8243; custom_padding=&#8221;0px|0px|0px|0px|false|false&#8221; link_option_url=&#8221;\/2020\/bienvenida&#8221; custom_css_main_element=&#8221;margin-right: 0;&#8221;][et_pb_text _builder_version=&#8221;4.9.4&#8243; text_font=&#8221;|||on|||||&#8221; text_orientation=&#8221;center&#8221; background_layout=&#8221;dark&#8221; link_option_url=&#8221;https:\/\/programaitana2021online.onsitevents.com\/programa&#8221; link_option_url_new_window=&#8221;on&#8221; custom_css_main_element=&#8221;margin-top:10px;||margin-bottom:25px;&#8221;] [&hellip;]<\/p>\n","protected":false},"author":1,"featured_media":0,"parent":0,"menu_order":0,"comment_status":"closed","ping_status":"closed","template":"","meta":{"_et_pb_use_builder":"on","_et_pb_old_content":"","_et_gb_content_width":"","_monsterinsights_skip_tracking":false,"_monsterinsights_sitenote_active":false,"_monsterinsights_sitenote_note":"","_monsterinsights_sitenote_category":0,"footnotes":""},"class_list":["post-362","page","type-page","status-publish","hentry"],"yoast_head":"<!-- This site is optimized with the Yoast SEO plugin v16.4 - https:\/\/yoast.com\/wordpress\/plugins\/seo\/ -->\n<title>Bienvenida | Aitana Congress 2021<\/title>\n<meta name=\"robots\" content=\"index, follow, max-snippet:-1, max-image-preview:large, max-video-preview:-1\" \/>\n<link rel=\"canonical\" href=\"https:\/\/www.aitanacongress.com\/2021\/bienvenida\/\" \/>\n<meta property=\"og:locale\" content=\"es_ES\" \/>\n<meta property=\"og:type\" content=\"article\" \/>\n<meta property=\"og:title\" content=\"Bienvenida | Aitana Congress 2021\" \/>\n<meta property=\"og:description\" content=\"[et_pb_section fb_built=&#8221;1&#8243; custom_padding_last_edited=&#8221;on|phone&#8221; disabled_on=&#8221;off|off|off&#8221; admin_label=&#8221;PROGRAMA&#8221; _builder_version=&#8221;4.9.4&#8243; background_color=&#8221;#E46708&#8243; background_enable_image=&#8221;off&#8221; background_size=&#8221;initial&#8221; width=&#8221;100%&#8221; max_width=&#8221;100%&#8221; custom_margin=&#8221;0px|0px|0px|0px|false|false&#8221; custom_padding=&#8221;0px|0px|0px|0px|false|false&#8221; custom_padding_tablet=&#8221;&#8221; custom_padding_phone=&#8221;&#8221; link_option_url=&#8221;https:\/\/aitana2020online.siteonsite.es\/&#8221; link_option_url_new_window=&#8221;on&#8221; disabled=&#8221;on&#8221; global_module=&#8221;318&#8243; saved_tabs=&#8221;all&#8221; collapsed=&#8221;off&#8221;][et_pb_row make_equal=&#8221;on&#8221; _builder_version=&#8221;4.0.11&#8243; background_color=&#8221;rgba(0,0,0,0)&#8221; background_enable_image=&#8221;off&#8221; background_size=&#8221;initial&#8221; background_position=&#8221;bottom_right&#8221; width=&#8221;100%&#8221; width_tablet=&#8221;&#8221; width_phone=&#8221;100%&#8221; width_last_edited=&#8221;on|phone&#8221; max_width=&#8221;100%&#8221; custom_margin=&#8221;0px||0px||false|false&#8221; custom_margin_tablet=&#8221;&#8221; custom_margin_phone=&#8221;0px|0px|0px|0px|false|false&#8221; custom_margin_last_edited=&#8221;on|phone&#8221; custom_padding=&#8221;0px|0px|0px|0px|false|false&#8221; hover_enabled=&#8221;0&#8243; custom_css_main_element_last_edited=&#8221;on|phone&#8221; collapsed=&#8221;off&#8221; sticky_enabled=&#8221;0&#8243;][et_pb_column type=&#8221;4_4&#8243; _builder_version=&#8221;4.0.11&#8243; background_color=&#8221;#4e7987&#8243; custom_padding=&#8221;0px|0px|0px|0px|false|false&#8221; link_option_url=&#8221;\/2020\/bienvenida&#8221; custom_css_main_element=&#8221;margin-right: 0;&#8221;][et_pb_text _builder_version=&#8221;4.9.4&#8243; text_font=&#8221;|||on|||||&#8221; text_orientation=&#8221;center&#8221; background_layout=&#8221;dark&#8221; link_option_url=&#8221;https:\/\/programaitana2021online.onsitevents.com\/programa&#8221; link_option_url_new_window=&#8221;on&#8221; custom_css_main_element=&#8221;margin-top:10px;||margin-bottom:25px;&#8221;] [&hellip;]\" \/>\n<meta property=\"og:url\" content=\"https:\/\/www.aitanacongress.com\/2021\/bienvenida\/\" \/>\n<meta property=\"og:site_name\" content=\"Aitana Congress 2021\" \/>\n<meta property=\"article:modified_time\" content=\"2022-02-23T23:31:38+00:00\" \/>\n<meta name=\"twitter:card\" content=\"summary_large_image\" \/>\n<meta name=\"twitter:label1\" content=\"Tiempo de lectura\" \/>\n\t<meta name=\"twitter:data1\" content=\"5 minutos\" \/>\n<script type=\"application\/ld+json\" class=\"yoast-schema-graph\">{\"@context\":\"https:\/\/schema.org\",\"@graph\":[{\"@type\":\"WebSite\",\"@id\":\"https:\/\/www.aitanacongress.com\/2021\/#website\",\"url\":\"https:\/\/www.aitanacongress.com\/2021\/\",\"name\":\"Aitana Congress 2021\",\"description\":\"International Congress of Clinical and Health Psychology in Children and Adolescents\",\"potentialAction\":[{\"@type\":\"SearchAction\",\"target\":\"https:\/\/www.aitanacongress.com\/2021\/?s={search_term_string}\",\"query-input\":\"required name=search_term_string\"}],\"inLanguage\":\"es\"},{\"@type\":\"WebPage\",\"@id\":\"https:\/\/www.aitanacongress.com\/2021\/bienvenida\/#webpage\",\"url\":\"https:\/\/www.aitanacongress.com\/2021\/bienvenida\/\",\"name\":\"Bienvenida | Aitana Congress 2021\",\"isPartOf\":{\"@id\":\"https:\/\/www.aitanacongress.com\/2021\/#website\"},\"datePublished\":\"2021-05-21T11:27:24+00:00\",\"dateModified\":\"2022-02-23T23:31:38+00:00\",\"breadcrumb\":{\"@id\":\"https:\/\/www.aitanacongress.com\/2021\/bienvenida\/#breadcrumb\"},\"inLanguage\":\"es\",\"potentialAction\":[{\"@type\":\"ReadAction\",\"target\":[\"https:\/\/www.aitanacongress.com\/2021\/bienvenida\/\"]}]},{\"@type\":\"BreadcrumbList\",\"@id\":\"https:\/\/www.aitanacongress.com\/2021\/bienvenida\/#breadcrumb\",\"itemListElement\":[{\"@type\":\"ListItem\",\"position\":1,\"item\":{\"@type\":\"WebPage\",\"@id\":\"https:\/\/www.aitanacongress.com\/2021\/\",\"url\":\"https:\/\/www.aitanacongress.com\/2021\/\",\"name\":\"Portada\"}},{\"@type\":\"ListItem\",\"position\":2,\"item\":{\"@id\":\"https:\/\/www.aitanacongress.com\/2021\/bienvenida\/#webpage\"}}]}]}<\/script>\n<!-- \/ Yoast SEO plugin. -->","_links":{"self":[{"href":"https:\/\/www.aitanacongress.com\/2021\/wp-json\/wp\/v2\/pages\/362","targetHints":{"allow":["GET"]}}],"collection":[{"href":"https:\/\/www.aitanacongress.com\/2021\/wp-json\/wp\/v2\/pages"}],"about":[{"href":"https:\/\/www.aitanacongress.com\/2021\/wp-json\/wp\/v2\/types\/page"}],"author":[{"embeddable":true,"href":"https:\/\/www.aitanacongress.com\/2021\/wp-json\/wp\/v2\/users\/1"}],"replies":[{"embeddable":true,"href":"https:\/\/www.aitanacongress.com\/2021\/wp-json\/wp\/v2\/comments?post=362"}],"version-history":[{"count":28,"href":"https:\/\/www.aitanacongress.com\/2021\/wp-json\/wp\/v2\/pages\/362\/revisions"}],"predecessor-version":[{"id":3757,"href":"https:\/\/www.aitanacongress.com\/2021\/wp-json\/wp\/v2\/pages\/362\/revisions\/3757"}],"wp:attachment":[{"href":"https:\/\/www.aitanacongress.com\/2021\/wp-json\/wp\/v2\/media?parent=362"}],"curies":[{"name":"wp","href":"https:\/\/api.w.org\/{rel}","templated":true}]}}