{"id":1264,"date":"2022-03-23T16:55:44","date_gmt":"2022-03-23T16:55:44","guid":{"rendered":"https:\/\/www.aitanacongress.com\/2022\/?page_id=1264"},"modified":"2022-03-23T16:58:25","modified_gmt":"2022-03-23T16:58:25","slug":"p_elena-huguet-cuadrado","status":"publish","type":"page","link":"https:\/\/www.aitanacongress.com\/2022\/p_elena-huguet-cuadrado\/","title":{"rendered":"p_Elena Huguet Cuadrado"},"content":{"rendered":"<p>[et_pb_section fb_built=\u00bb1&#8243; custom_padding_last_edited=\u00bbon|phone\u00bb admin_label=\u00bbponencia\u00bb _builder_version=\u00bb4.14.7&#8243; _module_preset=\u00bbdefault\u00bb custom_margin=\u00bb||||false|false\u00bb custom_padding=\u00bb0px||0px||false|false\u00bb custom_padding_tablet=\u00bb0px||0px||false|false\u00bb custom_padding_phone=\u00bb|0px||0px|false|false\u00bb collapsed=\u00bboff\u00bb global_colors_info=\u00bb{}\u00bb][et_pb_row custom_padding_last_edited=\u00bbon|desktop\u00bb _builder_version=\u00bb4.14.7&#8243; _module_preset=\u00bbdefault\u00bb custom_margin=\u00bb||||false|false\u00bb custom_padding_tablet=\u00bb\u00bb custom_padding_phone=\u00bb|0px||0px|false|false\u00bb global_colors_info=\u00bb{}\u00bb][et_pb_column type=\u00bb4_4&#8243; _builder_version=\u00bb4.14.7&#8243; _module_preset=\u00bbdefault\u00bb global_colors_info=\u00bb{}\u00bb][et_pb_text _builder_version=\u00bb4.14.7&#8243; _module_preset=\u00bbdefault\u00bb header_font=\u00bb|||on|||||\u00bb header_text_color=\u00bb#FFFFFF\u00bb header_font_size=\u00bb45px\u00bb header_2_font=\u00bb|800||on|||||\u00bb header_2_text_align=\u00bbcenter\u00bb header_2_text_color=\u00bb#0060A8&#8243; header_2_font_size=\u00bb35px\u00bb background_color=\u00bbRGBA(255,255,255,0)\u00bb text_orientation=\u00bbright\u00bb custom_margin=\u00bb0px||||false|false\u00bb custom_padding=\u00bb50px|120px|5px|120px|false|false\u00bb custom_padding_tablet=\u00bb50px|120px|5px|120px|false|false\u00bb custom_padding_phone=\u00bb70px|0px|5px|0px|false|false\u00bb custom_padding_last_edited=\u00bbon|phone\u00bb text_orientation_tablet=\u00bbright\u00bb text_orientation_phone=\u00bbcenter\u00bb text_orientation_last_edited=\u00bbon|desktop\u00bb global_colors_info=\u00bb{}\u00bb]<\/p>\n<h2>Conductas autolesivas: qu\u00e9 son, por qu\u00e9 aparecen y c\u00f3mo podemos trabajar con ellas<\/h2>\n<p>[\/et_pb_text][et_pb_text admin_label=\u00bbresumen\u00bb _builder_version=\u00bb4.14.7&#8243; _module_preset=\u00bbdefault\u00bb background_color=\u00bbrgba(199,227,237,0.6)\u00bb width=\u00bb900px\u00bb module_alignment=\u00bbcenter\u00bb custom_margin=\u00bb||10px||false|false\u00bb custom_padding=\u00bb40px|30px|30px|40px|false|false\u00bb global_colors_info=\u00bb{}\u00bb]<\/p>\n<p>La autolesi\u00f3n no suicida (ANS), definida como cualquier conducta intencional y autodirigida que causa un da\u00f1o inmediato en el cuerpo, es un tipo de conducta problema cada vez m\u00e1s frecuente entre los adolescentes. La prevalencia mundial de estas conductas como estrategia de gesti\u00f3n del malestar ha ido en aumento en estos \u00faltimos a\u00f1os, sufriendo un aumento del 240% en Espa\u00f1a, por lo que estar actualizados y conocer las principales estrategias de intervenci\u00f3n es una necesidad cl\u00ednica. Derivada de esta urgente necesidad, el objetivo de esta sesi\u00f3n ser\u00e1 m\u00faltiple: (1) caracterizar en toda su profundidad esta problem\u00e1tica, abordando los mitos que la rodean; (2) identificar los factores de riesgo implicados y as\u00ed como sus modelos explicativos, que nos permitan delimitar su origen y su consiguiente mantenimiento;(3) conocer los instrumentos de evaluaci\u00f3n id\u00f3neos y, finalmente, (4) exponer las t\u00e9cnicas de intervenci\u00f3n m\u00e1s adecuadas, as\u00ed como recomendaciones para su manejo, con un car\u00e1cter pr\u00e1ctico y aplicado al contexto cl\u00ednico. Sensibilizar a los profesionales sobre esta realidad ser\u00e1 de vital importancia para propiciar intervenciones eficientes que incidan en los aspectos claves de la ANS y as\u00ed disminuir el riesgo de esta poblaci\u00f3n.<\/p>\n<p>[\/et_pb_text][\/et_pb_column][\/et_pb_row][et_pb_row column_structure=\u00bb1_3,2_3&#8243; custom_padding_last_edited=\u00bbon|desktop\u00bb _builder_version=\u00bb4.14.7&#8243; _module_preset=\u00bbdefault\u00bb custom_margin=\u00bb||||false|false\u00bb custom_padding_tablet=\u00bb\u00bb custom_padding_phone=\u00bb|0px||0px|false|false\u00bb global_colors_info=\u00bb{}\u00bb][et_pb_column type=\u00bb1_3&#8243; _builder_version=\u00bb4.14.7&#8243; _module_preset=\u00bbdefault\u00bb global_colors_info=\u00bb{}\u00bb][et_pb_image src=\u00bbhttps:\/\/www.aitanacongress.com\/2022\/wp-content\/uploads\/elena-huguet-cuadrado.jpg\u00bb title_text=\u00bbelena-huguet-cuadrado\u00bb _builder_version=\u00bb4.14.7&#8243; _module_preset=\u00bbdefault\u00bb global_colors_info=\u00bb{}\u00bb][\/et_pb_image][\/et_pb_column][et_pb_column type=\u00bb2_3&#8243; _builder_version=\u00bb4.14.7&#8243; _module_preset=\u00bbdefault\u00bb global_colors_info=\u00bb{}\u00bb][et_pb_text admin_label=\u00bbCV\u00bb _builder_version=\u00bb4.14.7&#8243; _module_preset=\u00bbdefault\u00bb background_color=\u00bbRGBA(255,255,255,0)\u00bb custom_margin=\u00bb||10px||false|false\u00bb custom_padding=\u00bb40px|30px|30px|40px|false|false\u00bb global_colors_info=\u00bb{}\u00bb]<\/p>\n<h3>Elena Huguet Cuadrado<\/h3>\n<p>Universidad Europea de Madrid<\/p>\n<p>Elena Huguet Cuadrado es licenciada en Psicolog\u00eda por la Universidad Complutense de Madrid, M\u00e1ster en Psicolog\u00eda Cl\u00ednica basada en la Evidencia por la Universidad Complutense de Madrid y M\u00e1ster en Psicoterapia Supervisada en Contexto asistencial por la Universidad Complutense\u00a0de Madrid. Actualmente es adem\u00e1s doctoranda en el Departamento de Personalidad, Evaluaci\u00f3n y Psicolog\u00eda Cl\u00ednica de la Universidad Complutense de Madrid. Adem\u00e1s, posee los t\u00edtulos de experto en Trastornos de la Personalidad, Atenci\u00f3n Psicol\u00f3gica Telem\u00e1tica Inmediata y tambi\u00e9n en Terapia Breve Estrat\u00e9gica. Formada en terapia cognitivo conductual y terapia dial\u00e9ctico-conductual, ha participado en diversos congresos nacionales e internacionales y colaborado en la elaboraci\u00f3n de recursos como el libro \u201cProblemas psicol\u00f3gicos en j\u00f3venes universitarios\u201d. Actualmente compatibiliza su actividad como psic\u00f3loga sanitaria en la cl\u00ednica En Equilibrio Mental con la investigaci\u00f3n sobre suicidio, la docencia en la Universidad Europea de Madrid como profesora del M\u00e1ster del Psic\u00f3logo General Sanitario y como formadora en evaluaci\u00f3n, intervenci\u00f3n y prevenci\u00f3n de la conducta suicida en distintos centros de formaci\u00f3n\u00a0como la Universidad Miguel Hern\u00e1ndez, el Instituto Superior de Estudios Psicol\u00f3gicos, la Universidad Aut\u00f3noma de Madrid y el Colegio Oficial de Psic\u00f3logos, entre otros.<\/p>\n<p>[\/et_pb_text][\/et_pb_column][\/et_pb_row][\/et_pb_section][et_pb_section fb_built=\u00bb1&#8243; admin_label=\u00bbLOGO_ES\u00bb _builder_version=\u00bb4.14.7&#8243; _module_preset=\u00bbdefault\u00bb global_module=\u00bb165&#8243; saved_tabs=\u00bball\u00bb collapsed=\u00bboff\u00bb global_colors_info=\u00bb{}\u00bb][et_pb_row admin_label=\u00bbOrganiza\u00bb _builder_version=\u00bb4.14.7&#8243; _module_preset=\u00bbdefault\u00bb custom_margin=\u00bb||0px||false|false\u00bb custom_padding=\u00bb||0px||false|false\u00bb global_colors_info=\u00bb{}\u00bb][et_pb_column type=\u00bb4_4&#8243; _builder_version=\u00bb4.14.7&#8243; _module_preset=\u00bbdefault\u00bb global_colors_info=\u00bb{}\u00bb][et_pb_text _builder_version=\u00bb4.14.7&#8243; _module_preset=\u00bbdefault\u00bb text_font=\u00bb|||on|||||\u00bb text_text_color=\u00bb#CE122D\u00bb text_orientation=\u00bbcenter\u00bb module_alignment=\u00bbcenter\u00bb custom_margin=\u00bb||0px||false|false\u00bb custom_padding=\u00bb||0px||false|false\u00bb global_colors_info=\u00bb{}\u00bb]<\/p>\n<p>Organiza<\/p>\n<p>[\/et_pb_text][\/et_pb_column][\/et_pb_row][et_pb_row column_structure=\u00bb1_2,1_2&#8243; _builder_version=\u00bb4.14.7&#8243; _module_preset=\u00bbdefault\u00bb global_colors_info=\u00bb{}\u00bb][et_pb_column type=\u00bb1_2&#8243; _builder_version=\u00bb4.14.7&#8243; _module_preset=\u00bbdefault\u00bb global_colors_info=\u00bb{}\u00bb][et_pb_image src=\u00bbhttps:\/\/www.aitanacongress.com\/2022\/wp-content\/uploads\/logo-aitana-2022.png\u00bb title_text=\u00bblogo-aitana-2022&#8243; admin_label=\u00bbaitana\u00bb _builder_version=\u00bb4.14.7&#8243; _module_preset=\u00bbdefault\u00bb width=\u00bb250px\u00bb module_alignment=\u00bbcenter\u00bb global_colors_info=\u00bb{}\u00bb][\/et_pb_image][\/et_pb_column][et_pb_column type=\u00bb1_2&#8243; _builder_version=\u00bb4.14.7&#8243; _module_preset=\u00bbdefault\u00bb global_colors_info=\u00bb{}\u00bb][et_pb_image src=\u00bbhttps:\/\/www.aitanacongress.com\/2022\/wp-content\/uploads\/logo-UHM-2022.png\u00bb title_text=\u00bblogo-UHM-2022&#8243; admin_label=\u00bbUHM\u00bb _builder_version=\u00bb4.14.7&#8243; _module_preset=\u00bbdefault\u00bb width=\u00bb250px\u00bb module_alignment=\u00bbcenter\u00bb global_colors_info=\u00bb{}\u00bb][\/et_pb_image][\/et_pb_column][\/et_pb_row][\/et_pb_section]<\/p>\n","protected":false},"excerpt":{"rendered":"<p>Conductas autolesivas: qu\u00e9 son, por qu\u00e9 aparecen y c\u00f3mo podemos trabajar con ellasLa autolesi\u00f3n no suicida (ANS), definida como cualquier conducta intencional y autodirigida que causa un da\u00f1o inmediato en el cuerpo, es un tipo de conducta problema cada vez m\u00e1s frecuente entre los adolescentes. La prevalencia mundial de estas conductas como estrategia de gesti\u00f3n [&hellip;]<\/p>\n","protected":false},"author":1,"featured_media":0,"parent":0,"menu_order":0,"comment_status":"closed","ping_status":"closed","template":"","meta":{"_et_pb_use_builder":"on","_et_pb_old_content":"","_et_gb_content_width":"","_oct_exclude_from_cache":false,"footnotes":""},"class_list":["post-1264","page","type-page","status-publish","hentry"],"yoast_head":"<!-- This site is optimized with the Yoast SEO plugin v23.6 - https:\/\/yoast.com\/wordpress\/plugins\/seo\/ -->\n<title>p_Elena Huguet Cuadrado - aitanacongress.com<\/title>\n<meta name=\"robots\" content=\"index, follow, max-snippet:-1, max-image-preview:large, max-video-preview:-1\" \/>\n<link rel=\"canonical\" href=\"https:\/\/www.aitanacongress.com\/2022\/p_elena-huguet-cuadrado\/\" \/>\n<meta property=\"og:locale\" content=\"es_ES\" \/>\n<meta property=\"og:type\" content=\"article\" \/>\n<meta property=\"og:title\" content=\"p_Elena Huguet Cuadrado - aitanacongress.com\" \/>\n<meta property=\"og:description\" content=\"Conductas autolesivas: qu\u00e9 son, por qu\u00e9 aparecen y c\u00f3mo podemos trabajar con ellasLa autolesi\u00f3n no suicida (ANS), definida como cualquier conducta intencional y autodirigida que causa un da\u00f1o inmediato en el cuerpo, es un tipo de conducta problema cada vez m\u00e1s frecuente entre los adolescentes. La prevalencia mundial de estas conductas como estrategia de gesti\u00f3n [&hellip;]\" \/>\n<meta property=\"og:url\" content=\"https:\/\/www.aitanacongress.com\/2022\/p_elena-huguet-cuadrado\/\" \/>\n<meta property=\"og:site_name\" content=\"aitanacongress.com\" \/>\n<meta property=\"article:modified_time\" content=\"2022-03-23T16:58:25+00:00\" \/>\n<meta name=\"twitter:card\" content=\"summary_large_image\" \/>\n<meta name=\"twitter:label1\" content=\"Tiempo de lectura\" \/>\n\t<meta name=\"twitter:data1\" content=\"5 minutos\" \/>\n<script type=\"application\/ld+json\" class=\"yoast-schema-graph\">{\"@context\":\"https:\/\/schema.org\",\"@graph\":[{\"@type\":\"WebPage\",\"@id\":\"https:\/\/www.aitanacongress.com\/2022\/p_elena-huguet-cuadrado\/\",\"url\":\"https:\/\/www.aitanacongress.com\/2022\/p_elena-huguet-cuadrado\/\",\"name\":\"p_Elena Huguet Cuadrado - aitanacongress.com\",\"isPartOf\":{\"@id\":\"https:\/\/www.aitanacongress.com\/2022\/#website\"},\"datePublished\":\"2022-03-23T16:55:44+00:00\",\"dateModified\":\"2022-03-23T16:58:25+00:00\",\"breadcrumb\":{\"@id\":\"https:\/\/www.aitanacongress.com\/2022\/p_elena-huguet-cuadrado\/#breadcrumb\"},\"inLanguage\":\"es\",\"potentialAction\":[{\"@type\":\"ReadAction\",\"target\":[\"https:\/\/www.aitanacongress.com\/2022\/p_elena-huguet-cuadrado\/\"]}]},{\"@type\":\"BreadcrumbList\",\"@id\":\"https:\/\/www.aitanacongress.com\/2022\/p_elena-huguet-cuadrado\/#breadcrumb\",\"itemListElement\":[{\"@type\":\"ListItem\",\"position\":1,\"name\":\"Portada\",\"item\":\"https:\/\/www.aitanacongress.com\/2022\/\"},{\"@type\":\"ListItem\",\"position\":2,\"name\":\"p_Elena Huguet Cuadrado\"}]},{\"@type\":\"WebSite\",\"@id\":\"https:\/\/www.aitanacongress.com\/2022\/#website\",\"url\":\"https:\/\/www.aitanacongress.com\/2022\/\",\"name\":\"aitanacongress.com\",\"description\":\"8th International Congress of Clinical and Health Psychology in Children and Adolescents\",\"potentialAction\":[{\"@type\":\"SearchAction\",\"target\":{\"@type\":\"EntryPoint\",\"urlTemplate\":\"https:\/\/www.aitanacongress.com\/2022\/?s={search_term_string}\"},\"query-input\":{\"@type\":\"PropertyValueSpecification\",\"valueRequired\":true,\"valueName\":\"search_term_string\"}}],\"inLanguage\":\"es\"}]}<\/script>\n<!-- \/ Yoast SEO plugin. -->","yoast_head_json":{"title":"p_Elena Huguet Cuadrado - aitanacongress.com","robots":{"index":"index","follow":"follow","max-snippet":"max-snippet:-1","max-image-preview":"max-image-preview:large","max-video-preview":"max-video-preview:-1"},"canonical":"https:\/\/www.aitanacongress.com\/2022\/p_elena-huguet-cuadrado\/","og_locale":"es_ES","og_type":"article","og_title":"p_Elena Huguet Cuadrado - aitanacongress.com","og_description":"Conductas autolesivas: qu\u00e9 son, por qu\u00e9 aparecen y c\u00f3mo podemos trabajar con ellasLa autolesi\u00f3n no suicida (ANS), definida como cualquier conducta intencional y autodirigida que causa un da\u00f1o inmediato en el cuerpo, es un tipo de conducta problema cada vez m\u00e1s frecuente entre los adolescentes. La prevalencia mundial de estas conductas como estrategia de gesti\u00f3n [&hellip;]","og_url":"https:\/\/www.aitanacongress.com\/2022\/p_elena-huguet-cuadrado\/","og_site_name":"aitanacongress.com","article_modified_time":"2022-03-23T16:58:25+00:00","twitter_card":"summary_large_image","twitter_misc":{"Tiempo de lectura":"5 minutos"},"schema":{"@context":"https:\/\/schema.org","@graph":[{"@type":"WebPage","@id":"https:\/\/www.aitanacongress.com\/2022\/p_elena-huguet-cuadrado\/","url":"https:\/\/www.aitanacongress.com\/2022\/p_elena-huguet-cuadrado\/","name":"p_Elena Huguet Cuadrado - aitanacongress.com","isPartOf":{"@id":"https:\/\/www.aitanacongress.com\/2022\/#website"},"datePublished":"2022-03-23T16:55:44+00:00","dateModified":"2022-03-23T16:58:25+00:00","breadcrumb":{"@id":"https:\/\/www.aitanacongress.com\/2022\/p_elena-huguet-cuadrado\/#breadcrumb"},"inLanguage":"es","potentialAction":[{"@type":"ReadAction","target":["https:\/\/www.aitanacongress.com\/2022\/p_elena-huguet-cuadrado\/"]}]},{"@type":"BreadcrumbList","@id":"https:\/\/www.aitanacongress.com\/2022\/p_elena-huguet-cuadrado\/#breadcrumb","itemListElement":[{"@type":"ListItem","position":1,"name":"Portada","item":"https:\/\/www.aitanacongress.com\/2022\/"},{"@type":"ListItem","position":2,"name":"p_Elena Huguet Cuadrado"}]},{"@type":"WebSite","@id":"https:\/\/www.aitanacongress.com\/2022\/#website","url":"https:\/\/www.aitanacongress.com\/2022\/","name":"aitanacongress.com","description":"8th International Congress of Clinical and Health Psychology in Children and Adolescents","potentialAction":[{"@type":"SearchAction","target":{"@type":"EntryPoint","urlTemplate":"https:\/\/www.aitanacongress.com\/2022\/?s={search_term_string}"},"query-input":{"@type":"PropertyValueSpecification","valueRequired":true,"valueName":"search_term_string"}}],"inLanguage":"es"}]}},"_links":{"self":[{"href":"https:\/\/www.aitanacongress.com\/2022\/wp-json\/wp\/v2\/pages\/1264","targetHints":{"allow":["GET"]}}],"collection":[{"href":"https:\/\/www.aitanacongress.com\/2022\/wp-json\/wp\/v2\/pages"}],"about":[{"href":"https:\/\/www.aitanacongress.com\/2022\/wp-json\/wp\/v2\/types\/page"}],"author":[{"embeddable":true,"href":"https:\/\/www.aitanacongress.com\/2022\/wp-json\/wp\/v2\/users\/1"}],"replies":[{"embeddable":true,"href":"https:\/\/www.aitanacongress.com\/2022\/wp-json\/wp\/v2\/comments?post=1264"}],"version-history":[{"count":4,"href":"https:\/\/www.aitanacongress.com\/2022\/wp-json\/wp\/v2\/pages\/1264\/revisions"}],"predecessor-version":[{"id":1271,"href":"https:\/\/www.aitanacongress.com\/2022\/wp-json\/wp\/v2\/pages\/1264\/revisions\/1271"}],"wp:attachment":[{"href":"https:\/\/www.aitanacongress.com\/2022\/wp-json\/wp\/v2\/media?parent=1264"}],"curies":[{"name":"wp","href":"https:\/\/api.w.org\/{rel}","templated":true}]}}