{"id":1289,"date":"2022-03-23T20:55:19","date_gmt":"2022-03-23T20:55:19","guid":{"rendered":"https:\/\/www.aitanacongress.com\/2022\/?page_id=1289"},"modified":"2022-07-24T18:39:26","modified_gmt":"2022-07-24T18:39:26","slug":"p_silvia-hidalgo-berutich","status":"publish","type":"page","link":"https:\/\/www.aitanacongress.com\/2022\/p_silvia-hidalgo-berutich\/","title":{"rendered":"p_Silvia Hidalgo Berutich"},"content":{"rendered":"<p>[et_pb_section fb_built=\u00bb1&#8243; custom_padding_last_edited=\u00bbon|phone\u00bb admin_label=\u00bbponencia\u00bb _builder_version=\u00bb4.14.7&#8243; _module_preset=\u00bbdefault\u00bb custom_margin=\u00bb||||false|false\u00bb custom_padding=\u00bb0px||0px||false|false\u00bb custom_padding_tablet=\u00bb0px||0px||false|false\u00bb custom_padding_phone=\u00bb|0px||0px|false|false\u00bb collapsed=\u00bboff\u00bb global_colors_info=\u00bb{}\u00bb][et_pb_row custom_padding_last_edited=\u00bbon|desktop\u00bb _builder_version=\u00bb4.14.7&#8243; _module_preset=\u00bbdefault\u00bb custom_margin=\u00bb||||false|false\u00bb custom_padding_tablet=\u00bb\u00bb custom_padding_phone=\u00bb|0px||0px|false|false\u00bb global_colors_info=\u00bb{}\u00bb][et_pb_column type=\u00bb4_4&#8243; _builder_version=\u00bb4.14.7&#8243; _module_preset=\u00bbdefault\u00bb global_colors_info=\u00bb{}\u00bb][et_pb_text _builder_version=\u00bb4.14.7&#8243; _module_preset=\u00bbdefault\u00bb header_font=\u00bb|||on|||||\u00bb header_text_color=\u00bb#FFFFFF\u00bb header_font_size=\u00bb45px\u00bb header_2_font=\u00bb|800||on|||||\u00bb header_2_text_align=\u00bbcenter\u00bb header_2_text_color=\u00bb#0060A8&#8243; header_2_font_size=\u00bb35px\u00bb background_color=\u00bbRGBA(255,255,255,0)\u00bb text_orientation=\u00bbright\u00bb custom_margin=\u00bb0px||||false|false\u00bb custom_padding=\u00bb50px|120px|5px|120px|false|false\u00bb custom_padding_tablet=\u00bb50px|120px|5px|120px|false|false\u00bb custom_padding_phone=\u00bb70px|0px|5px|0px|false|false\u00bb custom_padding_last_edited=\u00bbon|phone\u00bb text_orientation_tablet=\u00bbright\u00bb text_orientation_phone=\u00bbcenter\u00bb text_orientation_last_edited=\u00bbon|desktop\u00bb global_colors_info=\u00bb{}\u00bb]<\/p>\n<h2>J\u00f3venes adultos: m\u00e1s all\u00e1 de la adolescencia. Respuesta de la Psicolog\u00eda desde la investigaci\u00f3n e intervenci\u00f3n cl\u00ednica<\/h2>\n<p>[\/et_pb_text][et_pb_text admin_label=\u00bbresumen\u00bb _builder_version=\u00bb4.14.7&#8243; _module_preset=\u00bbdefault\u00bb background_color=\u00bbrgba(199,227,237,0.6)\u00bb width=\u00bb900px\u00bb module_alignment=\u00bbcenter\u00bb custom_margin=\u00bb||10px||false|false\u00bb custom_padding=\u00bb40px|30px|30px|40px|false|false\u00bb global_colors_info=\u00bb{}\u00bb]<\/p>\n<p>En los \u00faltimos a\u00f1os, en la psicolog\u00eda del desarrollo est\u00e1 emergiendo una poblaci\u00f3n cl\u00ednica con un perfil psicol\u00f3gico nuevo: los\/as j\u00f3venes adultos. Esta nueva etapa denominada tambi\u00e9n como \u201cadultez emergente\u201d se corresponde con j\u00f3venes de 18 a 30 a\u00f1os, que por edad son considerados adultos pero que se sienten diferentes respecto al estatus de su\u00a0edad: unos a\u00fan se ven como adolescentes, otros como j\u00f3venes y otros ni saben definirse. Todos tienen en com\u00fan la sensaci\u00f3n de sentirse desorientados y angustiados a la hora de afrontar las exigencias propias que la sociedad a \u201csu edad\u201d espera de ellos\/as: bien en el plano acad\u00e9mico, laboral o social. Se podr\u00eda decir que tienen un perfil psicol\u00f3gico cognitivamente capacitado pero una inmadurez emocional que merma sus aptitudes y actitudes para adaptarse a los nuevos retos que le presenta la realidad en la que se ven inmersos. Esta etapa es de inter\u00e9s para la investigaci\u00f3n y la cl\u00ednica psicol\u00f3gica preocupada por aportar informaci\u00f3n y recursos que ayuden a la transici\u00f3n de la juventud a la edad adulta temprana. Este es el hilo conductor de los trabajos que se presentan, lo cuales llevan el objetivo de ofrecer informaci\u00f3n sobre las variables relacionadas con la madurez psicol\u00f3gica y la adaptaci\u00f3n a los acontecimientos sociales normativos que conlleva.<\/p>\n<p>Contaremos con las investigaciones de la neurociencia sobre c\u00f3mo funcionan los mecanismos cerebrales en esta etapa, cu\u00e1les son las necesidades e intereses de estos j\u00f3venes y la intervenci\u00f3n cl\u00ednica con el M\u00e9todo AVANZA mediante las TTG en j\u00f3venes con ansiedad, depresi\u00f3n, ataques de p\u00e1nico, TOC. Nuestro enfoque multidisciplinar pone\u00a0\u00e9nfasis en las necesidades de desarrollo y las fortalezas que estos j\u00f3venes adultos pueden alcanzar para que se autoperciban como personas adultas responsables y capaces de realizar su proyecto de vida.<\/p>\n<p>[\/et_pb_text][\/et_pb_column][\/et_pb_row][et_pb_row column_structure=\u00bb1_3,2_3&#8243; custom_padding_last_edited=\u00bbon|desktop\u00bb _builder_version=\u00bb4.14.7&#8243; _module_preset=\u00bbdefault\u00bb custom_margin=\u00bb||||false|false\u00bb custom_padding_tablet=\u00bb\u00bb custom_padding_phone=\u00bb|0px||0px|false|false\u00bb global_colors_info=\u00bb{}\u00bb][et_pb_column type=\u00bb1_3&#8243; _builder_version=\u00bb4.14.7&#8243; _module_preset=\u00bbdefault\u00bb global_colors_info=\u00bb{}\u00bb][et_pb_image src=\u00bbhttps:\/\/www.aitanacongress.com\/2022\/wp-content\/uploads\/silvia-hidalgo.jpg\u00bb title_text=\u00bbsilvia-hidalgo\u00bb _builder_version=\u00bb4.14.7&#8243; _module_preset=\u00bbdefault\u00bb global_colors_info=\u00bb{}\u00bb][\/et_pb_image][\/et_pb_column][et_pb_column type=\u00bb2_3&#8243; _builder_version=\u00bb4.14.7&#8243; _module_preset=\u00bbdefault\u00bb global_colors_info=\u00bb{}\u00bb][et_pb_text admin_label=\u00bbCV\u00bb _builder_version=\u00bb4.14.7&#8243; _module_preset=\u00bbdefault\u00bb background_color=\u00bbRGBA(255,255,255,0)\u00bb custom_margin=\u00bb||10px||false|false\u00bb custom_padding=\u00bb40px|30px|30px|40px|false|false\u00bb global_colors_info=\u00bb{}\u00bb]<\/p>\n<h3>Silvia Hidalgo Berutich<\/h3>\n<p>Profesora Facultad de Psicolog\u00eda UMA. Directora Centro Psicologia AVANZA<\/p>\n<p>Licenciada en Psicolog\u00eda, itinerario de cl\u00ednica, (UMA, 1991); Licenciada en\u00a0pedagog\u00eda en (UMA, 1995), Doctora en Psicolog\u00eda (UMA, 2005) y M\u00e1ster Posgrado en Neuropsicolog\u00eda Cl\u00ednica (Itinerarios Pedi\u00e1trico, UPO, 2012), junto\u00a0con m\u00e1s de 50 cursos de formaci\u00f3n en el \u00e1mbito de cl\u00ednica infantil y asistencia a congresos nacionales e internacionales con exposiciones de numerosas comunicaciones y ponencias. Su actividad profesional combina las tareas de docente. Es profesora en Universidad de M\u00e1laga, Facultad de Psicolog\u00eda, Dpto. de Psicolog\u00eda Evolutiva y de la Educaci\u00f3n desde 2004. Ejerce la actividad cl\u00ednica desde hace 28 a\u00f1os como especialista en psicoterapia y neuropsic\u00f3loga cl\u00ednica infanto-juvenil. Acreditada como Psic\u00f3loga Generalista Sanitaria; Psicoterapeuta reconocida por EUROPSY y Neuropsicolog\u00eda Cl\u00ednica Acreditada por CNAP (Septiembre 2018). En el Centro de Psicolog\u00eda AVANZA (M\u00e1laga), desarrolla funciones de evaluaci\u00f3n y diagn\u00f3stico, tratamiento psicoeducativo, formaci\u00f3n a padres y a profesionales. Su centro es entidad de referencia y centro de pr\u00e1cticas de postgrado para alumnos de varias universidades espa\u00f1olas (UMA, UPO, UNIR, UNED), con las que el centro mantiene convenios de colaboraci\u00f3n.<\/p>\n<p>Dra. Hidalgo forma parte de proyectos de I+D+I+D relacionado con tipificaciones de test psicol\u00f3gicos: Validaci\u00f3n (WIPSSI-IV) (PEARSON, 2013); Proyecto ATENTO (TEA Edic. 2017); BD Dislexia ( TEA Edic. 2019) y d2-RFCT (TEA Edic. 2020); Personal colaborador en Grupo GINTA, Grupo de Investigaci\u00f3n Integral en el Neurodesarrollo T\u00edpico y At\u00edpico (Universidad Alicante) y Socio Fundador de RED INFANCIA, grupo de trabajo impulsado por AITANA (UMH) para la promoci\u00f3n de la salud infanto-juvenil y forma parte del Consejo de Redacci\u00f3n de la RDCN (Revista Discapacidad, Cl\u00ednica y Neurociencias) . En el \u00e1mbito de formaci\u00f3n en Neuropsicolog\u00eda, desde el curso 2016-17 hasta la actualidad ha sido la subdirectora acad\u00e9mica y ponente en: I Curso de especializaci\u00f3n en Neuropsicolog\u00eda cl\u00ednica infanto-juvenil (t\u00edtulo propio UMA, 2014), y en las 5 Ediciones del Curso de Experto Universitario en Neuropsicolog\u00eda Cl\u00ednica Infantil y 2 ediciones del M\u00e1ster en NPSCI (2019-20; 2021-22), en Facultad de Psicolog\u00eda, Universidad de M\u00e1laga (UMA). Tambi\u00e9n es ponente habitual en los congresos anuales que celebra Federaci\u00f3n de Asociaciones Neuropsicolog\u00eda Espa\u00f1ola (FANPSE) y Sociedad Andaluza de Neuropsicolog\u00eda, (SANP), en Webinar de RED INFANCIA (2021 y 2022) y coordinadora de simposio desde hace varios a\u00f1os en Congreso Internacional de Psicolog\u00eda Cl\u00ednica y de la Salud en ni\u00f1os y adolescente del Grupo de Investigaci\u00f3n AITANA (UMH).<\/p>\n<p>[\/et_pb_text][\/et_pb_column][\/et_pb_row][\/et_pb_section][et_pb_section fb_built=\u00bb1&#8243; admin_label=\u00bbLOGO_ES\u00bb _builder_version=\u00bb4.14.7&#8243; _module_preset=\u00bbdefault\u00bb global_module=\u00bb165&#8243; saved_tabs=\u00bball\u00bb collapsed=\u00bbon\u00bb global_colors_info=\u00bb{}\u00bb][et_pb_row admin_label=\u00bbOrganiza\u00bb _builder_version=\u00bb4.14.7&#8243; _module_preset=\u00bbdefault\u00bb custom_margin=\u00bb||0px||false|false\u00bb custom_padding=\u00bb||0px||false|false\u00bb global_colors_info=\u00bb{}\u00bb][et_pb_column type=\u00bb4_4&#8243; _builder_version=\u00bb4.14.7&#8243; _module_preset=\u00bbdefault\u00bb global_colors_info=\u00bb{}\u00bb][et_pb_text _builder_version=\u00bb4.14.7&#8243; _module_preset=\u00bbdefault\u00bb text_font=\u00bb|||on|||||\u00bb text_text_color=\u00bb#CE122D\u00bb text_orientation=\u00bbcenter\u00bb module_alignment=\u00bbcenter\u00bb custom_margin=\u00bb||0px||false|false\u00bb custom_padding=\u00bb||0px||false|false\u00bb global_colors_info=\u00bb{}\u00bb]<\/p>\n<p>Organiza<\/p>\n<p>[\/et_pb_text][\/et_pb_column][\/et_pb_row][et_pb_row column_structure=\u00bb1_4,1_4,1_4,1_4&#8243; _builder_version=\u00bb4.14.7&#8243; _module_preset=\u00bbdefault\u00bb global_colors_info=\u00bb{}\u00bb][et_pb_column type=\u00bb1_4&#8243; _builder_version=\u00bb4.14.7&#8243; _module_preset=\u00bbdefault\u00bb global_colors_info=\u00bb{}\u00bb][\/et_pb_column][et_pb_column type=\u00bb1_4&#8243; _builder_version=\u00bb4.14.7&#8243; _module_preset=\u00bbdefault\u00bb global_colors_info=\u00bb{}\u00bb][et_pb_image src=\u00bbhttps:\/\/www.aitanacongress.com\/2022\/wp-content\/uploads\/logo-aitana-2022.png\u00bb title_text=\u00bblogo-aitana-2022&#8243; admin_label=\u00bbaitana\u00bb _builder_version=\u00bb4.14.7&#8243; _module_preset=\u00bbdefault\u00bb width=\u00bb250px\u00bb module_alignment=\u00bbcenter\u00bb global_colors_info=\u00bb{}\u00bb][\/et_pb_image][\/et_pb_column][et_pb_column type=\u00bb1_4&#8243; _builder_version=\u00bb4.14.7&#8243; _module_preset=\u00bbdefault\u00bb global_colors_info=\u00bb{}\u00bb][et_pb_image src=\u00bbhttps:\/\/www.aitanacongress.com\/2022\/wp-content\/uploads\/logo-UHM-2022.png\u00bb title_text=\u00bblogo-UHM-2022&#8243; admin_label=\u00bbUHM\u00bb _builder_version=\u00bb4.14.7&#8243; _module_preset=\u00bbdefault\u00bb width=\u00bb250px\u00bb module_alignment=\u00bbcenter\u00bb global_colors_info=\u00bb{}\u00bb][\/et_pb_image][\/et_pb_column][et_pb_column type=\u00bb1_4&#8243; _builder_version=\u00bb4.14.7&#8243; _module_preset=\u00bbdefault\u00bb global_colors_info=\u00bb{}\u00bb][\/et_pb_column][\/et_pb_row][et_pb_row admin_label=\u00bbCon el apoyo de \u00bb _builder_version=\u00bb4.14.7&#8243; _module_preset=\u00bbdefault\u00bb custom_margin=\u00bb||0px||false|false\u00bb custom_padding=\u00bb||0px||false|false\u00bb global_colors_info=\u00bb{}\u00bb][et_pb_column type=\u00bb4_4&#8243; _builder_version=\u00bb4.14.7&#8243; _module_preset=\u00bbdefault\u00bb global_colors_info=\u00bb{}\u00bb][et_pb_text _builder_version=\u00bb4.14.7&#8243; _module_preset=\u00bbdefault\u00bb text_font=\u00bb|||on|||||\u00bb text_text_color=\u00bb#CE122D\u00bb text_orientation=\u00bbcenter\u00bb module_alignment=\u00bbcenter\u00bb custom_margin=\u00bb||0px||false|false\u00bb custom_padding=\u00bb||0px||false|false\u00bb global_colors_info=\u00bb{}\u00bb]<\/p>\n<p>Con el apoyo de<\/p>\n<p>[\/et_pb_text][\/et_pb_column][\/et_pb_row][et_pb_row column_structure=\u00bb1_5,1_5,1_5,1_5,1_5&#8243; use_custom_gutter=\u00bbon\u00bb gutter_width=\u00bb2&#8243; _builder_version=\u00bb4.14.7&#8243; _module_preset=\u00bbdefault\u00bb max_width=\u00bb900px\u00bb global_colors_info=\u00bb{}\u00bb][et_pb_column type=\u00bb1_5&#8243; _builder_version=\u00bb4.14.7&#8243; _module_preset=\u00bbdefault\u00bb global_colors_info=\u00bb{}\u00bb][et_pb_image src=\u00bbhttps:\/\/www.aitanacongress.com\/2022\/wp-content\/uploads\/logo-piramide-2022.png\u00bb title_text=\u00bblogo-piramide-2022&#8243; admin_label=\u00bbpiramide\u00bb _builder_version=\u00bb4.14.7&#8243; _module_preset=\u00bbdefault\u00bb max_width=\u00bb250px\u00bb module_alignment=\u00bbcenter\u00bb global_colors_info=\u00bb{}\u00bb][\/et_pb_image][\/et_pb_column][et_pb_column type=\u00bb1_5&#8243; _builder_version=\u00bb4.14.7&#8243; _module_preset=\u00bbdefault\u00bb global_colors_info=\u00bb{}\u00bb][et_pb_image src=\u00bbhttps:\/\/www.aitanacongress.com\/2022\/wp-content\/uploads\/logo-tea.png\u00bb title_text=\u00bblogo-tea\u00bb admin_label=\u00bbtea\u00bb _builder_version=\u00bb4.14.7&#8243; _module_preset=\u00bbdefault\u00bb max_width=\u00bb250px\u00bb module_alignment=\u00bbcenter\u00bb global_colors_info=\u00bb{}\u00bb][\/et_pb_image][\/et_pb_column][et_pb_column type=\u00bb1_5&#8243; _builder_version=\u00bb4.14.7&#8243; _module_preset=\u00bbdefault\u00bb global_colors_info=\u00bb{}\u00bb][et_pb_image src=\u00bbhttps:\/\/www.aitanacongress.com\/2022\/wp-content\/uploads\/8CIPCNA-adaptaciones-Recuperado.png\u00bb title_text=\u00bb8CIPCNA-adaptaciones-%91Recuperado%93&#8243; admin_label=\u00bbred infancia\u00bb _builder_version=\u00bb4.14.7&#8243; _module_preset=\u00bbdefault\u00bb max_width=\u00bb250px\u00bb module_alignment=\u00bbcenter\u00bb global_colors_info=\u00bb{}\u00bb][\/et_pb_image][\/et_pb_column][et_pb_column type=\u00bb1_5&#8243; _builder_version=\u00bb4.14.7&#8243; _module_preset=\u00bbdefault\u00bb global_colors_info=\u00bb{}\u00bb][et_pb_image src=\u00bbhttps:\/\/www.aitanacongress.com\/2022\/wp-content\/uploads\/logo_COP.png\u00bb title_text=\u00bblogo_COP\u00bb admin_label=\u00bbCOP\u00bb _builder_version=\u00bb4.14.7&#8243; _module_preset=\u00bbdefault\u00bb max_width=\u00bb250px\u00bb module_alignment=\u00bbcenter\u00bb global_colors_info=\u00bb{}\u00bb][\/et_pb_image][\/et_pb_column][et_pb_column type=\u00bb1_5&#8243; _builder_version=\u00bb4.14.7&#8243; _module_preset=\u00bbdefault\u00bb global_colors_info=\u00bb{}\u00bb][et_pb_image src=\u00bbhttps:\/\/www.aitanacongress.com\/2022\/wp-content\/uploads\/logo-academia-psicologia.gif\u00bb title_text=\u00bblogo-academia-psicologia\u00bb admin_label=\u00bbAcademia Psic\u00bb _builder_version=\u00bb4.14.7&#8243; _module_preset=\u00bbdefault\u00bb custom_margin=\u00bb||-1px|||\u00bb global_colors_info=\u00bb{}\u00bb][\/et_pb_image][\/et_pb_column][\/et_pb_row][et_pb_row_inner _builder_version=\u00bb4.14.7&#8243; _module_preset=\u00bbdefault\u00bb global_colors_info=\u00bb{}\u00bb][et_pb_column_inner saved_specialty_column_type=\u00bb1_2&#8243; _builder_version=\u00bb4.14.7&#8243; _module_preset=\u00bbdefault\u00bb global_colors_info=\u00bb{}\u00bb][et_pb_text _builder_version=\u00bb4.14.7&#8243; _module_preset=\u00bbdefault\u00bb global_colors_info=\u00bb{}\u00bb][\/et_pb_text][\/et_pb_column_inner][\/et_pb_row_inner][\/et_pb_section]<\/p>\n","protected":false},"excerpt":{"rendered":"<p>J\u00f3venes adultos: m\u00e1s all\u00e1 de la adolescencia. Respuesta de la Psicolog\u00eda desde la investigaci\u00f3n e intervenci\u00f3n cl\u00ednicaEn los \u00faltimos a\u00f1os, en la psicolog\u00eda del desarrollo est\u00e1 emergiendo una poblaci\u00f3n cl\u00ednica con un perfil psicol\u00f3gico nuevo: los\/as j\u00f3venes adultos. Esta nueva etapa denominada tambi\u00e9n como \u201cadultez emergente\u201d se corresponde con j\u00f3venes de 18 a 30 a\u00f1os, [&hellip;]<\/p>\n","protected":false},"author":1,"featured_media":0,"parent":0,"menu_order":0,"comment_status":"closed","ping_status":"closed","template":"","meta":{"_et_pb_use_builder":"on","_et_pb_old_content":"","_et_gb_content_width":"","_oct_exclude_from_cache":false,"footnotes":""},"class_list":["post-1289","page","type-page","status-publish","hentry"],"yoast_head":"<!-- This site is optimized with the Yoast SEO plugin v23.6 - https:\/\/yoast.com\/wordpress\/plugins\/seo\/ -->\n<title>p_Silvia Hidalgo Berutich - aitanacongress.com<\/title>\n<meta name=\"robots\" content=\"index, follow, max-snippet:-1, max-image-preview:large, max-video-preview:-1\" \/>\n<link rel=\"canonical\" href=\"https:\/\/www.aitanacongress.com\/2022\/p_silvia-hidalgo-berutich\/\" \/>\n<meta property=\"og:locale\" content=\"es_ES\" \/>\n<meta property=\"og:type\" content=\"article\" \/>\n<meta property=\"og:title\" content=\"p_Silvia Hidalgo Berutich - aitanacongress.com\" \/>\n<meta property=\"og:description\" content=\"J\u00f3venes adultos: m\u00e1s all\u00e1 de la adolescencia. Respuesta de la Psicolog\u00eda desde la investigaci\u00f3n e intervenci\u00f3n cl\u00ednicaEn los \u00faltimos a\u00f1os, en la psicolog\u00eda del desarrollo est\u00e1 emergiendo una poblaci\u00f3n cl\u00ednica con un perfil psicol\u00f3gico nuevo: los\/as j\u00f3venes adultos. Esta nueva etapa denominada tambi\u00e9n como \u201cadultez emergente\u201d se corresponde con j\u00f3venes de 18 a 30 a\u00f1os, [&hellip;]\" \/>\n<meta property=\"og:url\" content=\"https:\/\/www.aitanacongress.com\/2022\/p_silvia-hidalgo-berutich\/\" \/>\n<meta property=\"og:site_name\" content=\"aitanacongress.com\" \/>\n<meta property=\"article:modified_time\" content=\"2022-07-24T18:39:26+00:00\" \/>\n<meta name=\"twitter:card\" content=\"summary_large_image\" \/>\n<meta name=\"twitter:label1\" content=\"Tiempo de lectura\" \/>\n\t<meta name=\"twitter:data1\" content=\"5 minutos\" \/>\n<script type=\"application\/ld+json\" class=\"yoast-schema-graph\">{\"@context\":\"https:\/\/schema.org\",\"@graph\":[{\"@type\":\"WebPage\",\"@id\":\"https:\/\/www.aitanacongress.com\/2022\/p_silvia-hidalgo-berutich\/\",\"url\":\"https:\/\/www.aitanacongress.com\/2022\/p_silvia-hidalgo-berutich\/\",\"name\":\"p_Silvia Hidalgo Berutich - aitanacongress.com\",\"isPartOf\":{\"@id\":\"https:\/\/www.aitanacongress.com\/2022\/#website\"},\"datePublished\":\"2022-03-23T20:55:19+00:00\",\"dateModified\":\"2022-07-24T18:39:26+00:00\",\"breadcrumb\":{\"@id\":\"https:\/\/www.aitanacongress.com\/2022\/p_silvia-hidalgo-berutich\/#breadcrumb\"},\"inLanguage\":\"es\",\"potentialAction\":[{\"@type\":\"ReadAction\",\"target\":[\"https:\/\/www.aitanacongress.com\/2022\/p_silvia-hidalgo-berutich\/\"]}]},{\"@type\":\"BreadcrumbList\",\"@id\":\"https:\/\/www.aitanacongress.com\/2022\/p_silvia-hidalgo-berutich\/#breadcrumb\",\"itemListElement\":[{\"@type\":\"ListItem\",\"position\":1,\"name\":\"Portada\",\"item\":\"https:\/\/www.aitanacongress.com\/2022\/\"},{\"@type\":\"ListItem\",\"position\":2,\"name\":\"p_Silvia Hidalgo Berutich\"}]},{\"@type\":\"WebSite\",\"@id\":\"https:\/\/www.aitanacongress.com\/2022\/#website\",\"url\":\"https:\/\/www.aitanacongress.com\/2022\/\",\"name\":\"aitanacongress.com\",\"description\":\"8th International Congress of Clinical and Health Psychology in Children and Adolescents\",\"potentialAction\":[{\"@type\":\"SearchAction\",\"target\":{\"@type\":\"EntryPoint\",\"urlTemplate\":\"https:\/\/www.aitanacongress.com\/2022\/?s={search_term_string}\"},\"query-input\":{\"@type\":\"PropertyValueSpecification\",\"valueRequired\":true,\"valueName\":\"search_term_string\"}}],\"inLanguage\":\"es\"}]}<\/script>\n<!-- \/ Yoast SEO plugin. -->","yoast_head_json":{"title":"p_Silvia Hidalgo Berutich - aitanacongress.com","robots":{"index":"index","follow":"follow","max-snippet":"max-snippet:-1","max-image-preview":"max-image-preview:large","max-video-preview":"max-video-preview:-1"},"canonical":"https:\/\/www.aitanacongress.com\/2022\/p_silvia-hidalgo-berutich\/","og_locale":"es_ES","og_type":"article","og_title":"p_Silvia Hidalgo Berutich - aitanacongress.com","og_description":"J\u00f3venes adultos: m\u00e1s all\u00e1 de la adolescencia. Respuesta de la Psicolog\u00eda desde la investigaci\u00f3n e intervenci\u00f3n cl\u00ednicaEn los \u00faltimos a\u00f1os, en la psicolog\u00eda del desarrollo est\u00e1 emergiendo una poblaci\u00f3n cl\u00ednica con un perfil psicol\u00f3gico nuevo: los\/as j\u00f3venes adultos. Esta nueva etapa denominada tambi\u00e9n como \u201cadultez emergente\u201d se corresponde con j\u00f3venes de 18 a 30 a\u00f1os, [&hellip;]","og_url":"https:\/\/www.aitanacongress.com\/2022\/p_silvia-hidalgo-berutich\/","og_site_name":"aitanacongress.com","article_modified_time":"2022-07-24T18:39:26+00:00","twitter_card":"summary_large_image","twitter_misc":{"Tiempo de lectura":"5 minutos"},"schema":{"@context":"https:\/\/schema.org","@graph":[{"@type":"WebPage","@id":"https:\/\/www.aitanacongress.com\/2022\/p_silvia-hidalgo-berutich\/","url":"https:\/\/www.aitanacongress.com\/2022\/p_silvia-hidalgo-berutich\/","name":"p_Silvia Hidalgo Berutich - aitanacongress.com","isPartOf":{"@id":"https:\/\/www.aitanacongress.com\/2022\/#website"},"datePublished":"2022-03-23T20:55:19+00:00","dateModified":"2022-07-24T18:39:26+00:00","breadcrumb":{"@id":"https:\/\/www.aitanacongress.com\/2022\/p_silvia-hidalgo-berutich\/#breadcrumb"},"inLanguage":"es","potentialAction":[{"@type":"ReadAction","target":["https:\/\/www.aitanacongress.com\/2022\/p_silvia-hidalgo-berutich\/"]}]},{"@type":"BreadcrumbList","@id":"https:\/\/www.aitanacongress.com\/2022\/p_silvia-hidalgo-berutich\/#breadcrumb","itemListElement":[{"@type":"ListItem","position":1,"name":"Portada","item":"https:\/\/www.aitanacongress.com\/2022\/"},{"@type":"ListItem","position":2,"name":"p_Silvia Hidalgo Berutich"}]},{"@type":"WebSite","@id":"https:\/\/www.aitanacongress.com\/2022\/#website","url":"https:\/\/www.aitanacongress.com\/2022\/","name":"aitanacongress.com","description":"8th International Congress of Clinical and Health Psychology in Children and Adolescents","potentialAction":[{"@type":"SearchAction","target":{"@type":"EntryPoint","urlTemplate":"https:\/\/www.aitanacongress.com\/2022\/?s={search_term_string}"},"query-input":{"@type":"PropertyValueSpecification","valueRequired":true,"valueName":"search_term_string"}}],"inLanguage":"es"}]}},"_links":{"self":[{"href":"https:\/\/www.aitanacongress.com\/2022\/wp-json\/wp\/v2\/pages\/1289","targetHints":{"allow":["GET"]}}],"collection":[{"href":"https:\/\/www.aitanacongress.com\/2022\/wp-json\/wp\/v2\/pages"}],"about":[{"href":"https:\/\/www.aitanacongress.com\/2022\/wp-json\/wp\/v2\/types\/page"}],"author":[{"embeddable":true,"href":"https:\/\/www.aitanacongress.com\/2022\/wp-json\/wp\/v2\/users\/1"}],"replies":[{"embeddable":true,"href":"https:\/\/www.aitanacongress.com\/2022\/wp-json\/wp\/v2\/comments?post=1289"}],"version-history":[{"count":8,"href":"https:\/\/www.aitanacongress.com\/2022\/wp-json\/wp\/v2\/pages\/1289\/revisions"}],"predecessor-version":[{"id":3031,"href":"https:\/\/www.aitanacongress.com\/2022\/wp-json\/wp\/v2\/pages\/1289\/revisions\/3031"}],"wp:attachment":[{"href":"https:\/\/www.aitanacongress.com\/2022\/wp-json\/wp\/v2\/media?parent=1289"}],"curies":[{"name":"wp","href":"https:\/\/api.w.org\/{rel}","templated":true}]}}