{"id":1299,"date":"2022-03-23T21:04:48","date_gmt":"2022-03-23T21:04:48","guid":{"rendered":"https:\/\/www.aitanacongress.com\/2022\/?page_id=1299"},"modified":"2022-03-23T21:04:52","modified_gmt":"2022-03-23T21:04:52","slug":"p_agustin-ernesto-martinez-gonzalez","status":"publish","type":"page","link":"https:\/\/www.aitanacongress.com\/2022\/p_agustin-ernesto-martinez-gonzalez\/","title":{"rendered":"p_Agust\u00edn Ernesto Mart\u00ednez-Gonz\u00e1lez"},"content":{"rendered":"<p>[et_pb_section fb_built=\u00bb1&#8243; custom_padding_last_edited=\u00bbon|phone\u00bb admin_label=\u00bbponencia\u00bb _builder_version=\u00bb4.14.7&#8243; _module_preset=\u00bbdefault\u00bb custom_margin=\u00bb||||false|false\u00bb custom_padding=\u00bb0px||0px||false|false\u00bb custom_padding_tablet=\u00bb0px||0px||false|false\u00bb custom_padding_phone=\u00bb|0px||0px|false|false\u00bb collapsed=\u00bboff\u00bb global_colors_info=\u00bb{}\u00bb][et_pb_row custom_padding_last_edited=\u00bbon|desktop\u00bb _builder_version=\u00bb4.14.7&#8243; _module_preset=\u00bbdefault\u00bb custom_margin=\u00bb||||false|false\u00bb custom_padding_tablet=\u00bb\u00bb custom_padding_phone=\u00bb|0px||0px|false|false\u00bb global_colors_info=\u00bb{}\u00bb][et_pb_column type=\u00bb4_4&#8243; _builder_version=\u00bb4.14.7&#8243; _module_preset=\u00bbdefault\u00bb global_colors_info=\u00bb{}\u00bb][et_pb_text _builder_version=\u00bb4.14.7&#8243; _module_preset=\u00bbdefault\u00bb header_font=\u00bb|||on|||||\u00bb header_text_color=\u00bb#FFFFFF\u00bb header_font_size=\u00bb45px\u00bb header_2_font=\u00bb|800||on|||||\u00bb header_2_text_align=\u00bbcenter\u00bb header_2_text_color=\u00bb#0060A8&#8243; header_2_font_size=\u00bb35px\u00bb background_color=\u00bbRGBA(255,255,255,0)\u00bb text_orientation=\u00bbright\u00bb custom_margin=\u00bb0px||||false|false\u00bb custom_padding=\u00bb50px|120px|5px|120px|false|false\u00bb custom_padding_tablet=\u00bb50px|120px|5px|120px|false|false\u00bb custom_padding_phone=\u00bb70px|0px|5px|0px|false|false\u00bb custom_padding_last_edited=\u00bbon|phone\u00bb hover_enabled=\u00bb0&#8243; text_orientation_tablet=\u00bbright\u00bb text_orientation_phone=\u00bbcenter\u00bb text_orientation_last_edited=\u00bbon|desktop\u00bb global_colors_info=\u00bb{}\u00bb sticky_enabled=\u00bb0&#8243;]<\/p>\n<h2>Nuevos avances para el an\u00e1lisis psicom\u00e9trico del eje intestino-cerebro<\/h2>\n<p>[\/et_pb_text][et_pb_text admin_label=\u00bbresumen\u00bb _builder_version=\u00bb4.14.7&#8243; _module_preset=\u00bbdefault\u00bb background_color=\u00bbrgba(199,227,237,0.6)\u00bb width=\u00bb900px\u00bb module_alignment=\u00bbcenter\u00bb custom_margin=\u00bb||10px||false|false\u00bb custom_padding=\u00bb40px|30px|30px|40px|false|false\u00bb hover_enabled=\u00bb0&#8243; global_colors_info=\u00bb{}\u00bb sticky_enabled=\u00bb0&#8243;]<\/p>\n<p>El eje intestino-cerebro establece las relaciones entre bacterias, neurotransmisores y respuestas psicofisiol\u00f3gicas asociadas a un correlato neuronal y conductual en el autismo y diferentes trastornos mentales. En los \u00faltimos a\u00f1os, ha habido un aumento en los estudios sobre las implicaciones de la microbiota intestinal (MI) en los ni\u00f1os con trastornos del espectro autista (TEA). Estudios han se\u00f1alado que hay una disbiosis o alteraci\u00f3n de la MI puede desencadenar la aparici\u00f3n y el desarrollo de s\u00edntomas TEA. Adem\u00e1s, los ni\u00f1os con TEA presentan una hipersensibilidad ante ciertos est\u00edmulos visuales, olfativos, t\u00e1ctiles, etc. que les hace ser m\u00e1s quisquillosos con los alimentos y tener ciertos patrones repetitivos de conducta. Se considera que hay una comorbilidad frecuente con los s\u00edntomas gastro-intestinales (SG) y la reactividad sensorial en el TEA, y que estos son indicadores de una posible alteraci\u00f3n en el eje intestino-cerebro. El m\u00e9todo de evaluaci\u00f3n microbiol\u00f3gica para detectar una posible disbiosis bacteriana es la pirosecuenciaci\u00f3n del gen 16S rRNA bacteriano en diferentes regiones. Sin embargo, es necesario desarrollar instrumentos que midan la reactividad sensorial, el dolor y los s\u00edntomas gastro-intestinales porque estos pueden ser indicadores indirectos de un desequilibrio en del eje intestino-cerebro. En la actualidad, existen instrumentos de medida sobre la hiperreactividad sensorial y en menor medida sobre el resto de variables implicadas. En el presente simposio presentamos los datos psicom\u00e9tricos preliminares de unas nuevas medidas de evaluaci\u00f3n de los s\u00edntomas gastro-intestinales, la reactividad sensorial y el dolor en poblaci\u00f3n joven-adulta neurot\u00edpica. Este es un primer paso antes de la validaci\u00f3n en poblaci\u00f3n con autismo. Dichas variables permiten tener un \u00edndice total llamado INCE que podr\u00e1 obtener tras conseguir desarrollar una app llamada con el mismo nombre. Esta app permitir\u00e1 obtener un \u00edndice del eje intestino-cerebro para poblaci\u00f3n TEA y no TEA.<\/p>\n<p>[\/et_pb_text][\/et_pb_column][\/et_pb_row][et_pb_row column_structure=\u00bb1_3,2_3&#8243; custom_padding_last_edited=\u00bbon|desktop\u00bb _builder_version=\u00bb4.14.7&#8243; _module_preset=\u00bbdefault\u00bb custom_margin=\u00bb||||false|false\u00bb custom_padding_tablet=\u00bb\u00bb custom_padding_phone=\u00bb|0px||0px|false|false\u00bb global_colors_info=\u00bb{}\u00bb][et_pb_column type=\u00bb1_3&#8243; _builder_version=\u00bb4.14.7&#8243; _module_preset=\u00bbdefault\u00bb global_colors_info=\u00bb{}\u00bb][et_pb_image src=\u00bbhttps:\/\/www.aitanacongress.com\/2022\/wp-content\/uploads\/Agustin-Ernesto-Martinez-Gonzalez.jpg\u00bb title_text=\u00bbAgust\u00edn-Ernesto-Mart\u00ednez-Gonz\u00e1lez\u00bb _builder_version=\u00bb4.14.7&#8243; _module_preset=\u00bbdefault\u00bb hover_enabled=\u00bb0&#8243; global_colors_info=\u00bb{}\u00bb sticky_enabled=\u00bb0&#8243;][\/et_pb_image][\/et_pb_column][et_pb_column type=\u00bb2_3&#8243; _builder_version=\u00bb4.14.7&#8243; _module_preset=\u00bbdefault\u00bb global_colors_info=\u00bb{}\u00bb][et_pb_text admin_label=\u00bbCV\u00bb _builder_version=\u00bb4.14.7&#8243; _module_preset=\u00bbdefault\u00bb background_color=\u00bbRGBA(255,255,255,0)\u00bb custom_margin=\u00bb||10px||false|false\u00bb custom_padding=\u00bb40px|30px|30px|40px|false|false\u00bb hover_enabled=\u00bb0&#8243; global_colors_info=\u00bb{}\u00bb sticky_enabled=\u00bb0&#8243;]<\/p>\n<h3>Agust\u00edn Ernesto Mart\u00ednez-Gonz\u00e1lez<\/h3>\n<p>Profesor contratado doctor. Universidad de Alicante. Departamento de Psicolog\u00eda Evolutiva y did\u00e1ctica<\/p>\n<p>El <em>Dr. Agust\u00edn Ernesto Mart\u00ednez-Gonz\u00e1lez<\/em> es profesor contratado doctor en el Departamento de Psicolog\u00eda Evolutiva y Did\u00e1ctica de la Universidad de Alicante. Ha realizado varios m\u00e1steres relacionados con la psicolog\u00eda cl\u00ednica y neuropsicolog\u00eda cl\u00ednica que le han facilitado poseer una perspectiva transversal y neuroeducativa del comportamiento humano. En el \u00e1mbito de la investigaci\u00f3n ha participado en m\u00e1s de 50 congresos nacionales e internacionales relacionados con la psicolog\u00eda educativa, neuropsicolog\u00eda y la psicolog\u00eda cl\u00ednica. Del mismo modo, ha escrito numerosos art\u00edculos indexados con JCR (Social Science Edition) as\u00ed como libros y cap\u00edtulos de libros. Su centro de inter\u00e9s en la investigaci\u00f3n gira en torno al espectro repetitivo en diversos trastornos mentales (TOC y TEA). En este \u00faltimo sentido, ha sido part\u00edcipe de la validaci\u00f3n de escalas para el TOC en adolescentes espa\u00f1oles y chilenos (OCI-R, OCI-CV, etc.) y de la RBS-R en poblaci\u00f3n espa\u00f1ola con TEA y discapacidad intelectual. Estos \u00faltimos estudios han propiciado el desarrollo de la app COREAT. COREAT es la primera app con evidencia cient\u00edfica para detectar el TEA y medir la severidad de la conducta repetitiva tanto en personas con TEA como en personas con discapacidad intelectual, siguiendo criterios DSM-5 (Mart\u00ednez- Gonz\u00e1lez, 2019). En el campo de estudio de la conducta repetitiva el Dr. Mart\u00ednez-Gonz\u00e1lez sostiene un punto de vista multidisciplinar e integrador con el objetivo de estudiar la relaci\u00f3n entre severidad de la conducta repetitiva y variables como el tipo de centro educativo, la conducta adaptativa, los s\u00edntomas emocionales negativos, las bases neuropsicol\u00f3gicas, neurofisiol\u00f3gicas, los s\u00edntomas gastrointestinales y la relaci\u00f3n cerebro-microbiota intestinal o gut microbiota. Finalmente, el profesor Mart\u00ednez-Gonz\u00e1lez es el director del <em>Grupo de Investigaci\u00f3n Integral en el Neurodesarrollo T\u00edpico y At\u00edpico<\/em> (GINTA) y editor de la <em>Revista Discapacidad, Cl\u00ednica y Neurociencias<\/em> (RDCN).<\/p>\n<p>&nbsp;<\/p>\n<p>[\/et_pb_text][\/et_pb_column][\/et_pb_row][\/et_pb_section][et_pb_section fb_built=\u00bb1&#8243; admin_label=\u00bbLOGO_ES\u00bb _builder_version=\u00bb4.14.7&#8243; _module_preset=\u00bbdefault\u00bb global_module=\u00bb165&#8243; saved_tabs=\u00bball\u00bb collapsed=\u00bboff\u00bb global_colors_info=\u00bb{}\u00bb][et_pb_row admin_label=\u00bbOrganiza\u00bb _builder_version=\u00bb4.14.7&#8243; _module_preset=\u00bbdefault\u00bb custom_margin=\u00bb||0px||false|false\u00bb custom_padding=\u00bb||0px||false|false\u00bb global_colors_info=\u00bb{}\u00bb][et_pb_column type=\u00bb4_4&#8243; _builder_version=\u00bb4.14.7&#8243; _module_preset=\u00bbdefault\u00bb global_colors_info=\u00bb{}\u00bb][et_pb_text _builder_version=\u00bb4.14.7&#8243; _module_preset=\u00bbdefault\u00bb text_font=\u00bb|||on|||||\u00bb text_text_color=\u00bb#CE122D\u00bb text_orientation=\u00bbcenter\u00bb module_alignment=\u00bbcenter\u00bb custom_margin=\u00bb||0px||false|false\u00bb custom_padding=\u00bb||0px||false|false\u00bb global_colors_info=\u00bb{}\u00bb]<\/p>\n<p>Organiza<\/p>\n<p>[\/et_pb_text][\/et_pb_column][\/et_pb_row][et_pb_row column_structure=\u00bb1_2,1_2&#8243; _builder_version=\u00bb4.14.7&#8243; _module_preset=\u00bbdefault\u00bb global_colors_info=\u00bb{}\u00bb][et_pb_column type=\u00bb1_2&#8243; _builder_version=\u00bb4.14.7&#8243; _module_preset=\u00bbdefault\u00bb global_colors_info=\u00bb{}\u00bb][et_pb_image src=\u00bbhttps:\/\/www.aitanacongress.com\/2022\/wp-content\/uploads\/logo-aitana-2022.png\u00bb title_text=\u00bblogo-aitana-2022&#8243; admin_label=\u00bbaitana\u00bb _builder_version=\u00bb4.14.7&#8243; _module_preset=\u00bbdefault\u00bb width=\u00bb250px\u00bb module_alignment=\u00bbcenter\u00bb global_colors_info=\u00bb{}\u00bb][\/et_pb_image][\/et_pb_column][et_pb_column type=\u00bb1_2&#8243; _builder_version=\u00bb4.14.7&#8243; _module_preset=\u00bbdefault\u00bb global_colors_info=\u00bb{}\u00bb][et_pb_image src=\u00bbhttps:\/\/www.aitanacongress.com\/2022\/wp-content\/uploads\/logo-UHM-2022.png\u00bb title_text=\u00bblogo-UHM-2022&#8243; admin_label=\u00bbUHM\u00bb _builder_version=\u00bb4.14.7&#8243; _module_preset=\u00bbdefault\u00bb width=\u00bb250px\u00bb module_alignment=\u00bbcenter\u00bb global_colors_info=\u00bb{}\u00bb][\/et_pb_image][\/et_pb_column][\/et_pb_row][\/et_pb_section]<\/p>\n","protected":false},"excerpt":{"rendered":"<p>Nuevos avances para el an\u00e1lisis psicom\u00e9trico del eje intestino-cerebroEl eje intestino-cerebro establece las relaciones entre bacterias, neurotransmisores y respuestas psicofisiol\u00f3gicas asociadas a un correlato neuronal y conductual en el autismo y diferentes trastornos mentales. En los \u00faltimos a\u00f1os, ha habido un aumento en los estudios sobre las implicaciones de la microbiota intestinal (MI) en los [&hellip;]<\/p>\n","protected":false},"author":1,"featured_media":0,"parent":0,"menu_order":0,"comment_status":"closed","ping_status":"closed","template":"","meta":{"_et_pb_use_builder":"on","_et_pb_old_content":"","_et_gb_content_width":"","_oct_exclude_from_cache":false,"footnotes":""},"class_list":["post-1299","page","type-page","status-publish","hentry"],"yoast_head":"<!-- This site is optimized with the Yoast SEO plugin v23.6 - https:\/\/yoast.com\/wordpress\/plugins\/seo\/ -->\n<title>p_Agust\u00edn Ernesto Mart\u00ednez-Gonz\u00e1lez - aitanacongress.com<\/title>\n<meta name=\"robots\" content=\"index, follow, max-snippet:-1, max-image-preview:large, max-video-preview:-1\" \/>\n<link rel=\"canonical\" href=\"https:\/\/www.aitanacongress.com\/2022\/p_agustin-ernesto-martinez-gonzalez\/\" \/>\n<meta property=\"og:locale\" content=\"es_ES\" \/>\n<meta property=\"og:type\" content=\"article\" \/>\n<meta property=\"og:title\" content=\"p_Agust\u00edn Ernesto Mart\u00ednez-Gonz\u00e1lez - aitanacongress.com\" \/>\n<meta property=\"og:description\" content=\"Nuevos avances para el an\u00e1lisis psicom\u00e9trico del eje intestino-cerebroEl eje intestino-cerebro establece las relaciones entre bacterias, neurotransmisores y respuestas psicofisiol\u00f3gicas asociadas a un correlato neuronal y conductual en el autismo y diferentes trastornos mentales. En los \u00faltimos a\u00f1os, ha habido un aumento en los estudios sobre las implicaciones de la microbiota intestinal (MI) en los [&hellip;]\" \/>\n<meta property=\"og:url\" content=\"https:\/\/www.aitanacongress.com\/2022\/p_agustin-ernesto-martinez-gonzalez\/\" \/>\n<meta property=\"og:site_name\" content=\"aitanacongress.com\" \/>\n<meta property=\"article:modified_time\" content=\"2022-03-23T21:04:52+00:00\" \/>\n<meta name=\"twitter:card\" content=\"summary_large_image\" \/>\n<meta name=\"twitter:label1\" content=\"Tiempo de lectura\" \/>\n\t<meta name=\"twitter:data1\" content=\"6 minutos\" \/>\n<script type=\"application\/ld+json\" class=\"yoast-schema-graph\">{\"@context\":\"https:\/\/schema.org\",\"@graph\":[{\"@type\":\"WebPage\",\"@id\":\"https:\/\/www.aitanacongress.com\/2022\/p_agustin-ernesto-martinez-gonzalez\/\",\"url\":\"https:\/\/www.aitanacongress.com\/2022\/p_agustin-ernesto-martinez-gonzalez\/\",\"name\":\"p_Agust\u00edn Ernesto Mart\u00ednez-Gonz\u00e1lez - aitanacongress.com\",\"isPartOf\":{\"@id\":\"https:\/\/www.aitanacongress.com\/2022\/#website\"},\"datePublished\":\"2022-03-23T21:04:48+00:00\",\"dateModified\":\"2022-03-23T21:04:52+00:00\",\"breadcrumb\":{\"@id\":\"https:\/\/www.aitanacongress.com\/2022\/p_agustin-ernesto-martinez-gonzalez\/#breadcrumb\"},\"inLanguage\":\"es\",\"potentialAction\":[{\"@type\":\"ReadAction\",\"target\":[\"https:\/\/www.aitanacongress.com\/2022\/p_agustin-ernesto-martinez-gonzalez\/\"]}]},{\"@type\":\"BreadcrumbList\",\"@id\":\"https:\/\/www.aitanacongress.com\/2022\/p_agustin-ernesto-martinez-gonzalez\/#breadcrumb\",\"itemListElement\":[{\"@type\":\"ListItem\",\"position\":1,\"name\":\"Portada\",\"item\":\"https:\/\/www.aitanacongress.com\/2022\/\"},{\"@type\":\"ListItem\",\"position\":2,\"name\":\"p_Agust\u00edn Ernesto Mart\u00ednez-Gonz\u00e1lez\"}]},{\"@type\":\"WebSite\",\"@id\":\"https:\/\/www.aitanacongress.com\/2022\/#website\",\"url\":\"https:\/\/www.aitanacongress.com\/2022\/\",\"name\":\"aitanacongress.com\",\"description\":\"8th International Congress of Clinical and Health Psychology in Children and Adolescents\",\"potentialAction\":[{\"@type\":\"SearchAction\",\"target\":{\"@type\":\"EntryPoint\",\"urlTemplate\":\"https:\/\/www.aitanacongress.com\/2022\/?s={search_term_string}\"},\"query-input\":{\"@type\":\"PropertyValueSpecification\",\"valueRequired\":true,\"valueName\":\"search_term_string\"}}],\"inLanguage\":\"es\"}]}<\/script>\n<!-- \/ Yoast SEO plugin. -->","yoast_head_json":{"title":"p_Agust\u00edn Ernesto Mart\u00ednez-Gonz\u00e1lez - aitanacongress.com","robots":{"index":"index","follow":"follow","max-snippet":"max-snippet:-1","max-image-preview":"max-image-preview:large","max-video-preview":"max-video-preview:-1"},"canonical":"https:\/\/www.aitanacongress.com\/2022\/p_agustin-ernesto-martinez-gonzalez\/","og_locale":"es_ES","og_type":"article","og_title":"p_Agust\u00edn Ernesto Mart\u00ednez-Gonz\u00e1lez - aitanacongress.com","og_description":"Nuevos avances para el an\u00e1lisis psicom\u00e9trico del eje intestino-cerebroEl eje intestino-cerebro establece las relaciones entre bacterias, neurotransmisores y respuestas psicofisiol\u00f3gicas asociadas a un correlato neuronal y conductual en el autismo y diferentes trastornos mentales. En los \u00faltimos a\u00f1os, ha habido un aumento en los estudios sobre las implicaciones de la microbiota intestinal (MI) en los [&hellip;]","og_url":"https:\/\/www.aitanacongress.com\/2022\/p_agustin-ernesto-martinez-gonzalez\/","og_site_name":"aitanacongress.com","article_modified_time":"2022-03-23T21:04:52+00:00","twitter_card":"summary_large_image","twitter_misc":{"Tiempo de lectura":"6 minutos"},"schema":{"@context":"https:\/\/schema.org","@graph":[{"@type":"WebPage","@id":"https:\/\/www.aitanacongress.com\/2022\/p_agustin-ernesto-martinez-gonzalez\/","url":"https:\/\/www.aitanacongress.com\/2022\/p_agustin-ernesto-martinez-gonzalez\/","name":"p_Agust\u00edn Ernesto Mart\u00ednez-Gonz\u00e1lez - aitanacongress.com","isPartOf":{"@id":"https:\/\/www.aitanacongress.com\/2022\/#website"},"datePublished":"2022-03-23T21:04:48+00:00","dateModified":"2022-03-23T21:04:52+00:00","breadcrumb":{"@id":"https:\/\/www.aitanacongress.com\/2022\/p_agustin-ernesto-martinez-gonzalez\/#breadcrumb"},"inLanguage":"es","potentialAction":[{"@type":"ReadAction","target":["https:\/\/www.aitanacongress.com\/2022\/p_agustin-ernesto-martinez-gonzalez\/"]}]},{"@type":"BreadcrumbList","@id":"https:\/\/www.aitanacongress.com\/2022\/p_agustin-ernesto-martinez-gonzalez\/#breadcrumb","itemListElement":[{"@type":"ListItem","position":1,"name":"Portada","item":"https:\/\/www.aitanacongress.com\/2022\/"},{"@type":"ListItem","position":2,"name":"p_Agust\u00edn Ernesto Mart\u00ednez-Gonz\u00e1lez"}]},{"@type":"WebSite","@id":"https:\/\/www.aitanacongress.com\/2022\/#website","url":"https:\/\/www.aitanacongress.com\/2022\/","name":"aitanacongress.com","description":"8th International Congress of Clinical and Health Psychology in Children and Adolescents","potentialAction":[{"@type":"SearchAction","target":{"@type":"EntryPoint","urlTemplate":"https:\/\/www.aitanacongress.com\/2022\/?s={search_term_string}"},"query-input":{"@type":"PropertyValueSpecification","valueRequired":true,"valueName":"search_term_string"}}],"inLanguage":"es"}]}},"_links":{"self":[{"href":"https:\/\/www.aitanacongress.com\/2022\/wp-json\/wp\/v2\/pages\/1299","targetHints":{"allow":["GET"]}}],"collection":[{"href":"https:\/\/www.aitanacongress.com\/2022\/wp-json\/wp\/v2\/pages"}],"about":[{"href":"https:\/\/www.aitanacongress.com\/2022\/wp-json\/wp\/v2\/types\/page"}],"author":[{"embeddable":true,"href":"https:\/\/www.aitanacongress.com\/2022\/wp-json\/wp\/v2\/users\/1"}],"replies":[{"embeddable":true,"href":"https:\/\/www.aitanacongress.com\/2022\/wp-json\/wp\/v2\/comments?post=1299"}],"version-history":[{"count":4,"href":"https:\/\/www.aitanacongress.com\/2022\/wp-json\/wp\/v2\/pages\/1299\/revisions"}],"predecessor-version":[{"id":1306,"href":"https:\/\/www.aitanacongress.com\/2022\/wp-json\/wp\/v2\/pages\/1299\/revisions\/1306"}],"wp:attachment":[{"href":"https:\/\/www.aitanacongress.com\/2022\/wp-json\/wp\/v2\/media?parent=1299"}],"curies":[{"name":"wp","href":"https:\/\/api.w.org\/{rel}","templated":true}]}}