{"id":1376,"date":"2022-03-29T12:17:39","date_gmt":"2022-03-29T12:17:39","guid":{"rendered":"https:\/\/www.aitanacongress.com\/2022\/?page_id=1376"},"modified":"2022-03-29T12:20:45","modified_gmt":"2022-03-29T12:20:45","slug":"p_xavier-mendez","status":"publish","type":"page","link":"https:\/\/www.aitanacongress.com\/2022\/p_xavier-mendez\/","title":{"rendered":"p_Xavier M\u00e9ndez"},"content":{"rendered":"<p>[et_pb_section fb_built=\u00bb1&#8243; custom_padding_last_edited=\u00bbon|phone\u00bb admin_label=\u00bbponencia\u00bb _builder_version=\u00bb4.14.7&#8243; _module_preset=\u00bbdefault\u00bb custom_margin=\u00bb||||false|false\u00bb custom_padding=\u00bb0px||0px||false|false\u00bb custom_padding_tablet=\u00bb0px||0px||false|false\u00bb custom_padding_phone=\u00bb|0px||0px|false|false\u00bb collapsed=\u00bboff\u00bb global_colors_info=\u00bb{}\u00bb][et_pb_row custom_padding_last_edited=\u00bbon|desktop\u00bb _builder_version=\u00bb4.14.7&#8243; _module_preset=\u00bbdefault\u00bb custom_margin=\u00bb||||false|false\u00bb custom_padding_tablet=\u00bb\u00bb custom_padding_phone=\u00bb|0px||0px|false|false\u00bb global_colors_info=\u00bb{}\u00bb][et_pb_column type=\u00bb4_4&#8243; _builder_version=\u00bb4.14.7&#8243; _module_preset=\u00bbdefault\u00bb global_colors_info=\u00bb{}\u00bb][et_pb_text _builder_version=\u00bb4.14.7&#8243; _module_preset=\u00bbdefault\u00bb header_font=\u00bb|||on|||||\u00bb header_text_color=\u00bb#FFFFFF\u00bb header_font_size=\u00bb45px\u00bb header_2_font=\u00bb|800||on|||||\u00bb header_2_text_align=\u00bbcenter\u00bb header_2_text_color=\u00bb#0060A8&#8243; header_2_font_size=\u00bb35px\u00bb background_color=\u00bbRGBA(255,255,255,0)\u00bb text_orientation=\u00bbright\u00bb custom_margin=\u00bb0px||||false|false\u00bb custom_padding=\u00bb50px|120px|5px|120px|false|false\u00bb custom_padding_tablet=\u00bb50px|120px|5px|120px|false|false\u00bb custom_padding_phone=\u00bb70px|0px|5px|0px|false|false\u00bb custom_padding_last_edited=\u00bbon|phone\u00bb text_orientation_tablet=\u00bbright\u00bb text_orientation_phone=\u00bbcenter\u00bb text_orientation_last_edited=\u00bbon|desktop\u00bb global_colors_info=\u00bb{}\u00bb]<\/p>\n<h2>Siete d\u00e9cadas de terapia: \u00bfAvanzamos o estamos estancados?<\/h2>\n<p>[\/et_pb_text][et_pb_text admin_label=\u00bbresumen\u00bb _builder_version=\u00bb4.14.7&#8243; _module_preset=\u00bbdefault\u00bb background_color=\u00bbrgba(199,227,237,0.6)\u00bb width=\u00bb900px\u00bb module_alignment=\u00bbcenter\u00bb custom_margin=\u00bb||10px||false|false\u00bb custom_padding=\u00bb40px|30px|30px|40px|false|false\u00bb global_colors_info=\u00bb{}\u00bb]<\/p>\n<p>En 1952 Eysenck public\u00f3 un art\u00edculo revolucionario, <em>The effects of psychotherapy: An evaluation<\/em>, que desencaden\u00f3 una agria pol\u00e9mica al denunciar que \u201csolo\u201d el 64% de los casos mejoraba significativamente con el tratamiento. Un lustro m\u00e1s tarde Levitt hall\u00f3 que el 67% de los ni\u00f1os mejoraba mucho o parcialmente. Lamentablemente los valores de hoy son los mismos de siete d\u00e9cadas atr\u00e1s. Weisz et al. (2017), tras revisar cuatrocientos cuarenta y siete estudios, publicados entre 1960 y 2013, en los que participaron 30.431 ni\u00f1os y adolescentes, estiman en 63% la probabilidad de que un menor mejore significativamente al terminar el tratamiento. Essau et al. (2019) examinan los estudios de destacados investigadores de la terapia cognitivo-conductual para la ansiedad y la depresi\u00f3n, entre ellos, Philip Kendall, Thomas Ollendick, Martin Seligman, Lars-G\u00f6ran \u00d6st o Paula Barrett, y concluyen que hasta el 65% de los menores responde al tratamiento. M\u00e9ndez et al. (2021) identifican ciento veintitr\u00e9s estudios sobre tratamiento de la depresi\u00f3n, realizados entre 1986 y 2020, en los que participaron 3.501 adolescentes, y hallan una tasa media de respuesta al tratamiento psicol\u00f3gico de 61%. Continuamos instalados en la franja de eficacia del 60-70% por lo que resulta inevitable preguntarse: \u00bfAvanzamos o estamos estancados?<\/p>\n<p>&nbsp;<\/p>\n<p>[\/et_pb_text][\/et_pb_column][\/et_pb_row][et_pb_row column_structure=\u00bb1_3,2_3&#8243; custom_padding_last_edited=\u00bbon|desktop\u00bb _builder_version=\u00bb4.14.7&#8243; _module_preset=\u00bbdefault\u00bb custom_margin=\u00bb||||false|false\u00bb custom_padding_tablet=\u00bb\u00bb custom_padding_phone=\u00bb|0px||0px|false|false\u00bb global_colors_info=\u00bb{}\u00bb][et_pb_column type=\u00bb1_3&#8243; _builder_version=\u00bb4.14.7&#8243; _module_preset=\u00bbdefault\u00bb global_colors_info=\u00bb{}\u00bb][et_pb_image src=\u00bbhttps:\/\/www.aitanacongress.com\/2022\/wp-content\/uploads\/xavier-mendez.jpg\u00bb title_text=\u00bbxavier-mendez\u00bb admin_label=\u00bbImagen\u00bb _builder_version=\u00bb4.14.7&#8243; _module_preset=\u00bbdefault\u00bb hover_enabled=\u00bb0&#8243; global_colors_info=\u00bb{}\u00bb sticky_enabled=\u00bb0&#8243;][\/et_pb_image][\/et_pb_column][et_pb_column type=\u00bb2_3&#8243; _builder_version=\u00bb4.14.7&#8243; _module_preset=\u00bbdefault\u00bb global_colors_info=\u00bb{}\u00bb][et_pb_text admin_label=\u00bbCV\u00bb _builder_version=\u00bb4.14.7&#8243; _module_preset=\u00bbdefault\u00bb background_color=\u00bbRGBA(255,255,255,0)\u00bb custom_margin=\u00bb||10px||false|false\u00bb custom_padding=\u00bb40px|30px|30px|40px|false|false\u00bb global_colors_info=\u00bb{}\u00bb]<\/p>\n<h3>Xavier M\u00e9ndez<\/h3>\n<p>Xavier M\u00e9ndez es catedr\u00e1tico de la Universidad de Murcia, profesor tutor del centro asociado de Elche de la Universidad Nacional de Educaci\u00f3n a Distancia y Especialista en Psicolog\u00eda Cl\u00ednica. Profesor invitado de universidades espa\u00f1olas y extranjeras. Autor y coordinador de numerosos libros sobre tratamiento psicol\u00f3gico en la infancia y adolescencia destacando, entre otros,\u00a0 <em>Ansiedad por separaci\u00f3n: Psicopatolog\u00eda, evaluaci\u00f3n y tratamiento<\/em>,<em> Depresi\u00f3n infantil y adolescente: Psicopatolog\u00eda, evaluaci\u00f3n y tratamiento psicol\u00f3gico<\/em>,<em> Terapia psicol\u00f3gica con ni\u00f1os y adolescentes: Estudio de casos cl\u00ednicos<\/em>, <em>Procedimientos terap\u00e9uticos en ni\u00f1os y adolescentes<\/em>. Director de las colecciones \u201cOjos Solares\u201d, \u201cGu\u00edas para Padres y Madres\u201d y \u201cPsicocuentos\u201d, de la editorial Pir\u00e1mide. Una de sus l\u00edneas de investigaci\u00f3n es la eficacia del tratamiento psicol\u00f3gico con ni\u00f1os y adolescentes. En 2014 fue galardonado con el Premio AITANA por su contribuci\u00f3n a la psicolog\u00eda cl\u00ednica infanto-juvenil.<\/p>\n<p>.<\/p>\n<p>[\/et_pb_text][\/et_pb_column][\/et_pb_row][\/et_pb_section][et_pb_section fb_built=\u00bb1&#8243; admin_label=\u00bbLOGO_ES\u00bb _builder_version=\u00bb4.14.7&#8243; _module_preset=\u00bbdefault\u00bb global_module=\u00bb165&#8243; saved_tabs=\u00bball\u00bb collapsed=\u00bboff\u00bb global_colors_info=\u00bb{}\u00bb][et_pb_row admin_label=\u00bbOrganiza\u00bb _builder_version=\u00bb4.14.7&#8243; _module_preset=\u00bbdefault\u00bb custom_margin=\u00bb||0px||false|false\u00bb custom_padding=\u00bb||0px||false|false\u00bb global_colors_info=\u00bb{}\u00bb][et_pb_column type=\u00bb4_4&#8243; _builder_version=\u00bb4.14.7&#8243; _module_preset=\u00bbdefault\u00bb global_colors_info=\u00bb{}\u00bb][et_pb_text _builder_version=\u00bb4.14.7&#8243; _module_preset=\u00bbdefault\u00bb text_font=\u00bb|||on|||||\u00bb text_text_color=\u00bb#CE122D\u00bb text_orientation=\u00bbcenter\u00bb module_alignment=\u00bbcenter\u00bb custom_margin=\u00bb||0px||false|false\u00bb custom_padding=\u00bb||0px||false|false\u00bb global_colors_info=\u00bb{}\u00bb]<\/p>\n<p>Organiza<\/p>\n<p>[\/et_pb_text][\/et_pb_column][\/et_pb_row][et_pb_row column_structure=\u00bb1_2,1_2&#8243; _builder_version=\u00bb4.14.7&#8243; _module_preset=\u00bbdefault\u00bb global_colors_info=\u00bb{}\u00bb][et_pb_column type=\u00bb1_2&#8243; _builder_version=\u00bb4.14.7&#8243; _module_preset=\u00bbdefault\u00bb global_colors_info=\u00bb{}\u00bb][et_pb_image src=\u00bbhttps:\/\/www.aitanacongress.com\/2022\/wp-content\/uploads\/logo-aitana-2022.png\u00bb title_text=\u00bblogo-aitana-2022&#8243; admin_label=\u00bbaitana\u00bb _builder_version=\u00bb4.14.7&#8243; _module_preset=\u00bbdefault\u00bb width=\u00bb250px\u00bb module_alignment=\u00bbcenter\u00bb global_colors_info=\u00bb{}\u00bb][\/et_pb_image][\/et_pb_column][et_pb_column type=\u00bb1_2&#8243; _builder_version=\u00bb4.14.7&#8243; _module_preset=\u00bbdefault\u00bb global_colors_info=\u00bb{}\u00bb][et_pb_image src=\u00bbhttps:\/\/www.aitanacongress.com\/2022\/wp-content\/uploads\/logo-UHM-2022.png\u00bb title_text=\u00bblogo-UHM-2022&#8243; admin_label=\u00bbUHM\u00bb _builder_version=\u00bb4.14.7&#8243; _module_preset=\u00bbdefault\u00bb width=\u00bb250px\u00bb module_alignment=\u00bbcenter\u00bb global_colors_info=\u00bb{}\u00bb][\/et_pb_image][\/et_pb_column][\/et_pb_row][\/et_pb_section]<\/p>\n","protected":false},"excerpt":{"rendered":"<p>Siete d\u00e9cadas de terapia: \u00bfAvanzamos o estamos estancados?En 1952 Eysenck public\u00f3 un art\u00edculo revolucionario, The effects of psychotherapy: An evaluation, que desencaden\u00f3 una agria pol\u00e9mica al denunciar que \u201csolo\u201d el 64% de los casos mejoraba significativamente con el tratamiento. Un lustro m\u00e1s tarde Levitt hall\u00f3 que el 67% de los ni\u00f1os mejoraba mucho o parcialmente. [&hellip;]<\/p>\n","protected":false},"author":1,"featured_media":0,"parent":0,"menu_order":0,"comment_status":"closed","ping_status":"closed","template":"","meta":{"_et_pb_use_builder":"on","_et_pb_old_content":"","_et_gb_content_width":"","_oct_exclude_from_cache":false,"footnotes":""},"class_list":["post-1376","page","type-page","status-publish","hentry"],"yoast_head":"<!-- This site is optimized with the Yoast SEO plugin v23.6 - https:\/\/yoast.com\/wordpress\/plugins\/seo\/ -->\n<title>p_Xavier M\u00e9ndez - aitanacongress.com<\/title>\n<meta name=\"robots\" content=\"index, follow, max-snippet:-1, max-image-preview:large, max-video-preview:-1\" \/>\n<link rel=\"canonical\" href=\"https:\/\/www.aitanacongress.com\/2022\/p_xavier-mendez\/\" \/>\n<meta property=\"og:locale\" content=\"es_ES\" \/>\n<meta property=\"og:type\" content=\"article\" \/>\n<meta property=\"og:title\" content=\"p_Xavier M\u00e9ndez - aitanacongress.com\" \/>\n<meta property=\"og:description\" content=\"Siete d\u00e9cadas de terapia: \u00bfAvanzamos o estamos estancados?En 1952 Eysenck public\u00f3 un art\u00edculo revolucionario, The effects of psychotherapy: An evaluation, que desencaden\u00f3 una agria pol\u00e9mica al denunciar que \u201csolo\u201d el 64% de los casos mejoraba significativamente con el tratamiento. Un lustro m\u00e1s tarde Levitt hall\u00f3 que el 67% de los ni\u00f1os mejoraba mucho o parcialmente. [&hellip;]\" \/>\n<meta property=\"og:url\" content=\"https:\/\/www.aitanacongress.com\/2022\/p_xavier-mendez\/\" \/>\n<meta property=\"og:site_name\" content=\"aitanacongress.com\" \/>\n<meta property=\"article:modified_time\" content=\"2022-03-29T12:20:45+00:00\" \/>\n<meta name=\"twitter:card\" content=\"summary_large_image\" \/>\n<meta name=\"twitter:label1\" content=\"Tiempo de lectura\" \/>\n\t<meta name=\"twitter:data1\" content=\"5 minutos\" \/>\n<script type=\"application\/ld+json\" class=\"yoast-schema-graph\">{\"@context\":\"https:\/\/schema.org\",\"@graph\":[{\"@type\":\"WebPage\",\"@id\":\"https:\/\/www.aitanacongress.com\/2022\/p_xavier-mendez\/\",\"url\":\"https:\/\/www.aitanacongress.com\/2022\/p_xavier-mendez\/\",\"name\":\"p_Xavier M\u00e9ndez - aitanacongress.com\",\"isPartOf\":{\"@id\":\"https:\/\/www.aitanacongress.com\/2022\/#website\"},\"datePublished\":\"2022-03-29T12:17:39+00:00\",\"dateModified\":\"2022-03-29T12:20:45+00:00\",\"breadcrumb\":{\"@id\":\"https:\/\/www.aitanacongress.com\/2022\/p_xavier-mendez\/#breadcrumb\"},\"inLanguage\":\"es\",\"potentialAction\":[{\"@type\":\"ReadAction\",\"target\":[\"https:\/\/www.aitanacongress.com\/2022\/p_xavier-mendez\/\"]}]},{\"@type\":\"BreadcrumbList\",\"@id\":\"https:\/\/www.aitanacongress.com\/2022\/p_xavier-mendez\/#breadcrumb\",\"itemListElement\":[{\"@type\":\"ListItem\",\"position\":1,\"name\":\"Portada\",\"item\":\"https:\/\/www.aitanacongress.com\/2022\/\"},{\"@type\":\"ListItem\",\"position\":2,\"name\":\"p_Xavier M\u00e9ndez\"}]},{\"@type\":\"WebSite\",\"@id\":\"https:\/\/www.aitanacongress.com\/2022\/#website\",\"url\":\"https:\/\/www.aitanacongress.com\/2022\/\",\"name\":\"aitanacongress.com\",\"description\":\"8th International Congress of Clinical and Health Psychology in Children and Adolescents\",\"potentialAction\":[{\"@type\":\"SearchAction\",\"target\":{\"@type\":\"EntryPoint\",\"urlTemplate\":\"https:\/\/www.aitanacongress.com\/2022\/?s={search_term_string}\"},\"query-input\":{\"@type\":\"PropertyValueSpecification\",\"valueRequired\":true,\"valueName\":\"search_term_string\"}}],\"inLanguage\":\"es\"}]}<\/script>\n<!-- \/ Yoast SEO plugin. -->","yoast_head_json":{"title":"p_Xavier M\u00e9ndez - aitanacongress.com","robots":{"index":"index","follow":"follow","max-snippet":"max-snippet:-1","max-image-preview":"max-image-preview:large","max-video-preview":"max-video-preview:-1"},"canonical":"https:\/\/www.aitanacongress.com\/2022\/p_xavier-mendez\/","og_locale":"es_ES","og_type":"article","og_title":"p_Xavier M\u00e9ndez - aitanacongress.com","og_description":"Siete d\u00e9cadas de terapia: \u00bfAvanzamos o estamos estancados?En 1952 Eysenck public\u00f3 un art\u00edculo revolucionario, The effects of psychotherapy: An evaluation, que desencaden\u00f3 una agria pol\u00e9mica al denunciar que \u201csolo\u201d el 64% de los casos mejoraba significativamente con el tratamiento. Un lustro m\u00e1s tarde Levitt hall\u00f3 que el 67% de los ni\u00f1os mejoraba mucho o parcialmente. [&hellip;]","og_url":"https:\/\/www.aitanacongress.com\/2022\/p_xavier-mendez\/","og_site_name":"aitanacongress.com","article_modified_time":"2022-03-29T12:20:45+00:00","twitter_card":"summary_large_image","twitter_misc":{"Tiempo de lectura":"5 minutos"},"schema":{"@context":"https:\/\/schema.org","@graph":[{"@type":"WebPage","@id":"https:\/\/www.aitanacongress.com\/2022\/p_xavier-mendez\/","url":"https:\/\/www.aitanacongress.com\/2022\/p_xavier-mendez\/","name":"p_Xavier M\u00e9ndez - aitanacongress.com","isPartOf":{"@id":"https:\/\/www.aitanacongress.com\/2022\/#website"},"datePublished":"2022-03-29T12:17:39+00:00","dateModified":"2022-03-29T12:20:45+00:00","breadcrumb":{"@id":"https:\/\/www.aitanacongress.com\/2022\/p_xavier-mendez\/#breadcrumb"},"inLanguage":"es","potentialAction":[{"@type":"ReadAction","target":["https:\/\/www.aitanacongress.com\/2022\/p_xavier-mendez\/"]}]},{"@type":"BreadcrumbList","@id":"https:\/\/www.aitanacongress.com\/2022\/p_xavier-mendez\/#breadcrumb","itemListElement":[{"@type":"ListItem","position":1,"name":"Portada","item":"https:\/\/www.aitanacongress.com\/2022\/"},{"@type":"ListItem","position":2,"name":"p_Xavier M\u00e9ndez"}]},{"@type":"WebSite","@id":"https:\/\/www.aitanacongress.com\/2022\/#website","url":"https:\/\/www.aitanacongress.com\/2022\/","name":"aitanacongress.com","description":"8th International Congress of Clinical and Health Psychology in Children and Adolescents","potentialAction":[{"@type":"SearchAction","target":{"@type":"EntryPoint","urlTemplate":"https:\/\/www.aitanacongress.com\/2022\/?s={search_term_string}"},"query-input":{"@type":"PropertyValueSpecification","valueRequired":true,"valueName":"search_term_string"}}],"inLanguage":"es"}]}},"_links":{"self":[{"href":"https:\/\/www.aitanacongress.com\/2022\/wp-json\/wp\/v2\/pages\/1376","targetHints":{"allow":["GET"]}}],"collection":[{"href":"https:\/\/www.aitanacongress.com\/2022\/wp-json\/wp\/v2\/pages"}],"about":[{"href":"https:\/\/www.aitanacongress.com\/2022\/wp-json\/wp\/v2\/types\/page"}],"author":[{"embeddable":true,"href":"https:\/\/www.aitanacongress.com\/2022\/wp-json\/wp\/v2\/users\/1"}],"replies":[{"embeddable":true,"href":"https:\/\/www.aitanacongress.com\/2022\/wp-json\/wp\/v2\/comments?post=1376"}],"version-history":[{"count":4,"href":"https:\/\/www.aitanacongress.com\/2022\/wp-json\/wp\/v2\/pages\/1376\/revisions"}],"predecessor-version":[{"id":1385,"href":"https:\/\/www.aitanacongress.com\/2022\/wp-json\/wp\/v2\/pages\/1376\/revisions\/1385"}],"wp:attachment":[{"href":"https:\/\/www.aitanacongress.com\/2022\/wp-json\/wp\/v2\/media?parent=1376"}],"curies":[{"name":"wp","href":"https:\/\/api.w.org\/{rel}","templated":true}]}}