{"id":1476,"date":"2022-04-06T12:10:03","date_gmt":"2022-04-06T12:10:03","guid":{"rendered":"https:\/\/www.aitanacongress.com\/2022\/?page_id=1476"},"modified":"2022-07-26T17:40:32","modified_gmt":"2022-07-26T17:40:32","slug":"adrianalis-2","status":"publish","type":"page","link":"https:\/\/www.aitanacongress.com\/2022\/adrianalis-2\/","title":{"rendered":"p_Adriana Lis"},"content":{"rendered":"<p>[et_pb_section fb_built=\u00bb1&#8243; custom_padding_last_edited=\u00bbon|phone\u00bb admin_label=\u00bbponencia\u00bb _builder_version=\u00bb4.14.7&#8243; _module_preset=\u00bbdefault\u00bb custom_margin=\u00bb||||false|false\u00bb custom_padding=\u00bb0px||0px||false|false\u00bb custom_padding_tablet=\u00bb0px||0px||false|false\u00bb custom_padding_phone=\u00bb|0px||0px|false|false\u00bb collapsed=\u00bboff\u00bb global_colors_info=\u00bb{}\u00bb][et_pb_row custom_padding_last_edited=\u00bbon|desktop\u00bb _builder_version=\u00bb4.14.7&#8243; _module_preset=\u00bbdefault\u00bb custom_margin=\u00bb||||false|false\u00bb custom_padding_tablet=\u00bb\u00bb custom_padding_phone=\u00bb|0px||0px|false|false\u00bb locked=\u00bboff\u00bb collapsed=\u00bbon\u00bb global_colors_info=\u00bb{}\u00bb][et_pb_column type=\u00bb4_4&#8243; _builder_version=\u00bb4.14.7&#8243; _module_preset=\u00bbdefault\u00bb global_colors_info=\u00bb{}\u00bb][et_pb_text _builder_version=\u00bb4.14.7&#8243; _module_preset=\u00bbdefault\u00bb header_font=\u00bb|||on|||||\u00bb header_text_color=\u00bb#FFFFFF\u00bb header_font_size=\u00bb45px\u00bb header_2_font=\u00bb|800||on|||||\u00bb header_2_text_align=\u00bbcenter\u00bb header_2_text_color=\u00bb#0060A8&#8243; header_2_font_size=\u00bb35px\u00bb background_color=\u00bbRGBA(255,255,255,0)\u00bb text_orientation=\u00bbright\u00bb custom_margin=\u00bb0px||||false|false\u00bb custom_padding=\u00bb50px|120px|5px|120px|false|false\u00bb custom_padding_tablet=\u00bb50px|120px|5px|120px|false|false\u00bb custom_padding_phone=\u00bb70px|0px|5px|0px|false|false\u00bb custom_padding_last_edited=\u00bbon|phone\u00bb text_orientation_tablet=\u00bbright\u00bb text_orientation_phone=\u00bbcenter\u00bb text_orientation_last_edited=\u00bbon|desktop\u00bb global_colors_info=\u00bb{}\u00bb]<\/p>\n<h2>Desaf\u00edos en la adolescencia: Viejos y nuevos problemas<\/h2>\n<p>[\/et_pb_text][et_pb_text admin_label=\u00bbresumen\u00bb _builder_version=\u00bb4.14.7&#8243; _module_preset=\u00bbdefault\u00bb background_color=\u00bbrgba(199,227,237,0.6)\u00bb width=\u00bb900px\u00bb module_alignment=\u00bbcenter\u00bb custom_margin=\u00bb||10px||false|false\u00bb custom_padding=\u00bb40px|30px|30px|40px|false|false\u00bb global_colors_info=\u00bb{}\u00bb]<\/p>\n<p>El bienestar psicol\u00f3gico suele conceptualizarse como una combinaci\u00f3n de estados afectivos positivos como la felicidad (la perspectiva hed\u00f3nica) y la capacidad de funcionar eficazmente en la vida personal y social (la perspectiva eudaim\u00f3nica) (Deci y Ryan, 2008). En consecuencia, Huppert (2009, p.137) lo resumi\u00f3 de la siguiente manera \u00abEl bienestar psicol\u00f3gico consiste en que la vida vaya bien. Es la combinaci\u00f3n de sentirse bien y funcionar eficazmente\u00bb. Alcanzar el bienestar psicol\u00f3gico puede ser especialmente dif\u00edcil durante la adolescencia, ya que prev\u00e9 transformaciones morfol\u00f3gicas y funcionales en el funcionamiento y la estructuraci\u00f3n del cerebro, junto con cambios hormonales y otros cambios biol\u00f3gicos. Estos cambios biofisiol\u00f3gicos interact\u00faan con las fuerzas culturales y psicosociales en la configuraci\u00f3n de la forma de pensar, sentir y comportarse de los adolescentes, con consecuencias en su adaptaci\u00f3n y bienestar general. Teniendo en cuenta estos retos, este simposio pretende reunir diferentes perspectivas en la investigaci\u00f3n del bienestar psicol\u00f3gico de los adolescentes para identificar y perfilar factores tanto de protecci\u00f3n como de riesgo con implicaciones para los programas de prevenci\u00f3n. Las contribuciones ser\u00e1n las siguientes: (1) El Dr. Bassi, el Dr. Mancinelli y el Prof. Salcuni centrar\u00e1n su presentaci\u00f3n en un tema muy actual: La perpetuaci\u00f3n de las restricciones sociales y escolares Covid-19 y su impacto en el bienestar de los adolescentes italianos; (2) El Dr. Mancinelli, el Dr. Bassi y el Prof. Salcuni centrar\u00e1n su atenci\u00f3n en un tema espec\u00edfico de la investigaci\u00f3n relacionada con el bienestar: el florecimiento (es decir, la satisfacci\u00f3n de las necesidades de competencia, relaci\u00f3n y autoaceptaci\u00f3n y la posesi\u00f3n de capital psicol\u00f3gico como el optimismo y la autoeficacia) y su relaci\u00f3n con el procesamiento familiar, distinguiendo espec\u00edficamente entre las variables maternas y las paternas. (3) La Prof. Liberska, en su presentaci\u00f3n, subrayar\u00e1 la importancia de los tipos de familia comparando el apego, la ansiedad, la depresi\u00f3n y la agresi\u00f3n en j\u00f3venes procedentes de familias funcionales frente a las disfuncionales; (4) El Dr. Gorla, el Dr. Tognasso y el Prof. Santona centrar\u00e1n su atenci\u00f3n en la homosexualidad presentando una visi\u00f3n general de c\u00f3mo los adolescentes italianos perciben la homosexualidad.<\/p>\n<p>[\/et_pb_text][\/et_pb_column][\/et_pb_row][et_pb_row column_structure=\u00bb1_3,2_3&#8243; custom_padding_last_edited=\u00bbon|desktop\u00bb _builder_version=\u00bb4.14.7&#8243; _module_preset=\u00bbdefault\u00bb custom_margin=\u00bb||||false|false\u00bb custom_padding_tablet=\u00bb\u00bb custom_padding_phone=\u00bb|0px||0px|false|false\u00bb collapsed=\u00bbon\u00bb global_colors_info=\u00bb{}\u00bb][et_pb_column type=\u00bb1_3&#8243; _builder_version=\u00bb4.14.7&#8243; _module_preset=\u00bbdefault\u00bb global_colors_info=\u00bb{}\u00bb][et_pb_image src=\u00bbhttps:\/\/www.aitanacongress.com\/2022\/wp-content\/uploads\/adriana-lis-1.jpg\u00bb title_text=\u00bbadriana lis\u00bb _builder_version=\u00bb4.14.7&#8243; _module_preset=\u00bbdefault\u00bb global_colors_info=\u00bb{}\u00bb][\/et_pb_image][\/et_pb_column][et_pb_column type=\u00bb2_3&#8243; _builder_version=\u00bb4.14.7&#8243; _module_preset=\u00bbdefault\u00bb global_colors_info=\u00bb{}\u00bb][et_pb_text admin_label=\u00bbCV\u00bb _builder_version=\u00bb4.14.7&#8243; _module_preset=\u00bbdefault\u00bb background_color=\u00bbRGBA(255,255,255,0)\u00bb custom_margin=\u00bb||10px||false|false\u00bb custom_padding=\u00bb40px|30px|30px|40px|false|false\u00bb global_colors_info=\u00bb{}\u00bb]<\/p>\n<h3>Adriana Lis<\/h3>\n<p>Catedr\u00e1tica de Universidad. Universidad de Padua, Italia<\/p>\n<p>La Dra. Adriana Lis es Catedr\u00e1tica de la Universidad de Padua desde el 1\/10\/2014.\u00a0 Ha sido Profesora Titular en la misma Universidad y ha impartido clases de Psicolog\u00eda de la relaci\u00f3n familiar en 2014\/2015, 2015\/2016, 2016\/2017. Adem\u00e1s, fue profesora de Psicolog\u00eda de la relaci\u00f3n familiar, Diagn\u00f3stico psicodin\u00e1mico, Modelos de intervenci\u00f3n para las relaciones familiares, Evaluaci\u00f3n de intervenciones psicoterap\u00e9uticas. Ha publicado m\u00e1s de 45 art\u00edculos nacionales e internacionales, as\u00ed como varios libros nacionales e internacionales. Sus intereses de investigaci\u00f3n se centran en el apego, la crianza de los hijos, los problemas de la adolescencia y la infancia.<\/p>\n<p>&nbsp;<\/p>\n<p>[\/et_pb_text][\/et_pb_column][\/et_pb_row][\/et_pb_section][et_pb_section fb_built=\u00bb1&#8243; admin_label=\u00bbLOGO_ES\u00bb _builder_version=\u00bb4.14.7&#8243; _module_preset=\u00bbdefault\u00bb global_module=\u00bb165&#8243; saved_tabs=\u00bball\u00bb collapsed=\u00bbon\u00bb global_colors_info=\u00bb{}\u00bb][et_pb_row admin_label=\u00bbOrganiza\u00bb _builder_version=\u00bb4.14.7&#8243; _module_preset=\u00bbdefault\u00bb custom_margin=\u00bb||0px||false|false\u00bb custom_padding=\u00bb||0px||false|false\u00bb global_colors_info=\u00bb{}\u00bb][et_pb_column type=\u00bb4_4&#8243; _builder_version=\u00bb4.14.7&#8243; _module_preset=\u00bbdefault\u00bb global_colors_info=\u00bb{}\u00bb][et_pb_text _builder_version=\u00bb4.14.7&#8243; _module_preset=\u00bbdefault\u00bb text_font=\u00bb|||on|||||\u00bb text_text_color=\u00bb#CE122D\u00bb text_orientation=\u00bbcenter\u00bb module_alignment=\u00bbcenter\u00bb custom_margin=\u00bb||0px||false|false\u00bb custom_padding=\u00bb||0px||false|false\u00bb global_colors_info=\u00bb{}\u00bb]<\/p>\n<p>Organiza<\/p>\n<p>[\/et_pb_text][\/et_pb_column][\/et_pb_row][et_pb_row column_structure=\u00bb1_4,1_4,1_4,1_4&#8243; _builder_version=\u00bb4.14.7&#8243; _module_preset=\u00bbdefault\u00bb global_colors_info=\u00bb{}\u00bb][et_pb_column type=\u00bb1_4&#8243; _builder_version=\u00bb4.14.7&#8243; _module_preset=\u00bbdefault\u00bb global_colors_info=\u00bb{}\u00bb][\/et_pb_column][et_pb_column type=\u00bb1_4&#8243; _builder_version=\u00bb4.14.7&#8243; _module_preset=\u00bbdefault\u00bb global_colors_info=\u00bb{}\u00bb][et_pb_image src=\u00bbhttps:\/\/www.aitanacongress.com\/2022\/wp-content\/uploads\/logo-aitana-2022.png\u00bb title_text=\u00bblogo-aitana-2022&#8243; admin_label=\u00bbaitana\u00bb _builder_version=\u00bb4.14.7&#8243; _module_preset=\u00bbdefault\u00bb width=\u00bb250px\u00bb module_alignment=\u00bbcenter\u00bb global_colors_info=\u00bb{}\u00bb][\/et_pb_image][\/et_pb_column][et_pb_column type=\u00bb1_4&#8243; _builder_version=\u00bb4.14.7&#8243; _module_preset=\u00bbdefault\u00bb global_colors_info=\u00bb{}\u00bb][et_pb_image src=\u00bbhttps:\/\/www.aitanacongress.com\/2022\/wp-content\/uploads\/logo-UHM-2022.png\u00bb title_text=\u00bblogo-UHM-2022&#8243; admin_label=\u00bbUHM\u00bb _builder_version=\u00bb4.14.7&#8243; _module_preset=\u00bbdefault\u00bb width=\u00bb250px\u00bb module_alignment=\u00bbcenter\u00bb global_colors_info=\u00bb{}\u00bb][\/et_pb_image][\/et_pb_column][et_pb_column type=\u00bb1_4&#8243; _builder_version=\u00bb4.14.7&#8243; _module_preset=\u00bbdefault\u00bb global_colors_info=\u00bb{}\u00bb][\/et_pb_column][\/et_pb_row][et_pb_row admin_label=\u00bbCon el apoyo de \u00bb _builder_version=\u00bb4.14.7&#8243; _module_preset=\u00bbdefault\u00bb custom_margin=\u00bb||0px||false|false\u00bb custom_padding=\u00bb||0px||false|false\u00bb global_colors_info=\u00bb{}\u00bb][et_pb_column type=\u00bb4_4&#8243; _builder_version=\u00bb4.14.7&#8243; _module_preset=\u00bbdefault\u00bb global_colors_info=\u00bb{}\u00bb][et_pb_text _builder_version=\u00bb4.14.7&#8243; _module_preset=\u00bbdefault\u00bb text_font=\u00bb|||on|||||\u00bb text_text_color=\u00bb#CE122D\u00bb text_orientation=\u00bbcenter\u00bb module_alignment=\u00bbcenter\u00bb custom_margin=\u00bb||0px||false|false\u00bb custom_padding=\u00bb||0px||false|false\u00bb global_colors_info=\u00bb{}\u00bb]<\/p>\n<p>Con el apoyo de<\/p>\n<p>[\/et_pb_text][\/et_pb_column][\/et_pb_row][et_pb_row column_structure=\u00bb1_5,1_5,1_5,1_5,1_5&#8243; use_custom_gutter=\u00bbon\u00bb gutter_width=\u00bb2&#8243; _builder_version=\u00bb4.14.7&#8243; _module_preset=\u00bbdefault\u00bb max_width=\u00bb900px\u00bb global_colors_info=\u00bb{}\u00bb][et_pb_column type=\u00bb1_5&#8243; _builder_version=\u00bb4.14.7&#8243; _module_preset=\u00bbdefault\u00bb global_colors_info=\u00bb{}\u00bb][et_pb_image src=\u00bbhttps:\/\/www.aitanacongress.com\/2022\/wp-content\/uploads\/logo-piramide-2022.png\u00bb title_text=\u00bblogo-piramide-2022&#8243; admin_label=\u00bbpiramide\u00bb _builder_version=\u00bb4.14.7&#8243; _module_preset=\u00bbdefault\u00bb max_width=\u00bb250px\u00bb module_alignment=\u00bbcenter\u00bb global_colors_info=\u00bb{}\u00bb][\/et_pb_image][\/et_pb_column][et_pb_column type=\u00bb1_5&#8243; _builder_version=\u00bb4.14.7&#8243; _module_preset=\u00bbdefault\u00bb global_colors_info=\u00bb{}\u00bb][et_pb_image src=\u00bbhttps:\/\/www.aitanacongress.com\/2022\/wp-content\/uploads\/logo-tea.png\u00bb title_text=\u00bblogo-tea\u00bb admin_label=\u00bbtea\u00bb _builder_version=\u00bb4.14.7&#8243; _module_preset=\u00bbdefault\u00bb max_width=\u00bb250px\u00bb module_alignment=\u00bbcenter\u00bb global_colors_info=\u00bb{}\u00bb][\/et_pb_image][\/et_pb_column][et_pb_column type=\u00bb1_5&#8243; _builder_version=\u00bb4.14.7&#8243; _module_preset=\u00bbdefault\u00bb global_colors_info=\u00bb{}\u00bb][et_pb_image src=\u00bbhttps:\/\/www.aitanacongress.com\/2022\/wp-content\/uploads\/8CIPCNA-adaptaciones-Recuperado.png\u00bb title_text=\u00bb8CIPCNA-adaptaciones-%91Recuperado%93&#8243; admin_label=\u00bbred infancia\u00bb _builder_version=\u00bb4.14.7&#8243; _module_preset=\u00bbdefault\u00bb max_width=\u00bb250px\u00bb module_alignment=\u00bbcenter\u00bb global_colors_info=\u00bb{}\u00bb][\/et_pb_image][\/et_pb_column][et_pb_column type=\u00bb1_5&#8243; _builder_version=\u00bb4.14.7&#8243; _module_preset=\u00bbdefault\u00bb global_colors_info=\u00bb{}\u00bb][et_pb_image src=\u00bbhttps:\/\/www.aitanacongress.com\/2022\/wp-content\/uploads\/logo_COP.png\u00bb title_text=\u00bblogo_COP\u00bb admin_label=\u00bbCOP\u00bb _builder_version=\u00bb4.14.7&#8243; _module_preset=\u00bbdefault\u00bb max_width=\u00bb250px\u00bb module_alignment=\u00bbcenter\u00bb global_colors_info=\u00bb{}\u00bb][\/et_pb_image][\/et_pb_column][et_pb_column type=\u00bb1_5&#8243; _builder_version=\u00bb4.14.7&#8243; _module_preset=\u00bbdefault\u00bb global_colors_info=\u00bb{}\u00bb][et_pb_image src=\u00bbhttps:\/\/www.aitanacongress.com\/2022\/wp-content\/uploads\/logo-academia-psicologia.gif\u00bb title_text=\u00bblogo-academia-psicologia\u00bb admin_label=\u00bbAcademia Psic\u00bb _builder_version=\u00bb4.14.7&#8243; _module_preset=\u00bbdefault\u00bb custom_margin=\u00bb||-1px|||\u00bb global_colors_info=\u00bb{}\u00bb][\/et_pb_image][\/et_pb_column][\/et_pb_row][et_pb_row_inner _builder_version=\u00bb4.14.7&#8243; _module_preset=\u00bbdefault\u00bb global_colors_info=\u00bb{}\u00bb][et_pb_column_inner saved_specialty_column_type=\u00bb1_2&#8243; _builder_version=\u00bb4.14.7&#8243; _module_preset=\u00bbdefault\u00bb global_colors_info=\u00bb{}\u00bb][et_pb_text _builder_version=\u00bb4.14.7&#8243; _module_preset=\u00bbdefault\u00bb global_colors_info=\u00bb{}\u00bb][\/et_pb_text][\/et_pb_column_inner][\/et_pb_row_inner][\/et_pb_section]<\/p>\n","protected":false},"excerpt":{"rendered":"<p>Desaf\u00edos en la adolescencia: Viejos y nuevos problemasEl bienestar psicol\u00f3gico suele conceptualizarse como una combinaci\u00f3n de estados afectivos positivos como la felicidad (la perspectiva hed\u00f3nica) y la capacidad de funcionar eficazmente en la vida personal y social (la perspectiva eudaim\u00f3nica) (Deci y Ryan, 2008). En consecuencia, Huppert (2009, p.137) lo resumi\u00f3 de la siguiente manera [&hellip;]<\/p>\n","protected":false},"author":2,"featured_media":0,"parent":0,"menu_order":0,"comment_status":"closed","ping_status":"closed","template":"","meta":{"_et_pb_use_builder":"on","_et_pb_old_content":"","_et_gb_content_width":"","_oct_exclude_from_cache":false,"footnotes":""},"class_list":["post-1476","page","type-page","status-publish","hentry"],"yoast_head":"<!-- This site is optimized with the Yoast SEO plugin v23.6 - https:\/\/yoast.com\/wordpress\/plugins\/seo\/ -->\n<title>p_Adriana Lis - aitanacongress.com<\/title>\n<meta name=\"robots\" content=\"index, follow, max-snippet:-1, max-image-preview:large, max-video-preview:-1\" \/>\n<link rel=\"canonical\" href=\"https:\/\/www.aitanacongress.com\/2022\/adrianalis-2\/\" \/>\n<meta property=\"og:locale\" content=\"es_ES\" \/>\n<meta property=\"og:type\" content=\"article\" \/>\n<meta property=\"og:title\" content=\"p_Adriana Lis - aitanacongress.com\" \/>\n<meta property=\"og:description\" content=\"Desaf\u00edos en la adolescencia: Viejos y nuevos problemasEl bienestar psicol\u00f3gico suele conceptualizarse como una combinaci\u00f3n de estados afectivos positivos como la felicidad (la perspectiva hed\u00f3nica) y la capacidad de funcionar eficazmente en la vida personal y social (la perspectiva eudaim\u00f3nica) (Deci y Ryan, 2008). En consecuencia, Huppert (2009, p.137) lo resumi\u00f3 de la siguiente manera [&hellip;]\" \/>\n<meta property=\"og:url\" content=\"https:\/\/www.aitanacongress.com\/2022\/adrianalis-2\/\" \/>\n<meta property=\"og:site_name\" content=\"aitanacongress.com\" \/>\n<meta property=\"article:modified_time\" content=\"2022-07-26T17:40:32+00:00\" \/>\n<meta name=\"twitter:card\" content=\"summary_large_image\" \/>\n<meta name=\"twitter:label1\" content=\"Tiempo de lectura\" \/>\n\t<meta name=\"twitter:data1\" content=\"4 minutos\" \/>\n<script type=\"application\/ld+json\" class=\"yoast-schema-graph\">{\"@context\":\"https:\/\/schema.org\",\"@graph\":[{\"@type\":\"WebPage\",\"@id\":\"https:\/\/www.aitanacongress.com\/2022\/adrianalis-2\/\",\"url\":\"https:\/\/www.aitanacongress.com\/2022\/adrianalis-2\/\",\"name\":\"p_Adriana Lis - aitanacongress.com\",\"isPartOf\":{\"@id\":\"https:\/\/www.aitanacongress.com\/2022\/#website\"},\"datePublished\":\"2022-04-06T12:10:03+00:00\",\"dateModified\":\"2022-07-26T17:40:32+00:00\",\"breadcrumb\":{\"@id\":\"https:\/\/www.aitanacongress.com\/2022\/adrianalis-2\/#breadcrumb\"},\"inLanguage\":\"es\",\"potentialAction\":[{\"@type\":\"ReadAction\",\"target\":[\"https:\/\/www.aitanacongress.com\/2022\/adrianalis-2\/\"]}]},{\"@type\":\"BreadcrumbList\",\"@id\":\"https:\/\/www.aitanacongress.com\/2022\/adrianalis-2\/#breadcrumb\",\"itemListElement\":[{\"@type\":\"ListItem\",\"position\":1,\"name\":\"Portada\",\"item\":\"https:\/\/www.aitanacongress.com\/2022\/\"},{\"@type\":\"ListItem\",\"position\":2,\"name\":\"p_Adriana Lis\"}]},{\"@type\":\"WebSite\",\"@id\":\"https:\/\/www.aitanacongress.com\/2022\/#website\",\"url\":\"https:\/\/www.aitanacongress.com\/2022\/\",\"name\":\"aitanacongress.com\",\"description\":\"8th International Congress of Clinical and Health Psychology in Children and Adolescents\",\"potentialAction\":[{\"@type\":\"SearchAction\",\"target\":{\"@type\":\"EntryPoint\",\"urlTemplate\":\"https:\/\/www.aitanacongress.com\/2022\/?s={search_term_string}\"},\"query-input\":{\"@type\":\"PropertyValueSpecification\",\"valueRequired\":true,\"valueName\":\"search_term_string\"}}],\"inLanguage\":\"es\"}]}<\/script>\n<!-- \/ Yoast SEO plugin. -->","yoast_head_json":{"title":"p_Adriana Lis - aitanacongress.com","robots":{"index":"index","follow":"follow","max-snippet":"max-snippet:-1","max-image-preview":"max-image-preview:large","max-video-preview":"max-video-preview:-1"},"canonical":"https:\/\/www.aitanacongress.com\/2022\/adrianalis-2\/","og_locale":"es_ES","og_type":"article","og_title":"p_Adriana Lis - aitanacongress.com","og_description":"Desaf\u00edos en la adolescencia: Viejos y nuevos problemasEl bienestar psicol\u00f3gico suele conceptualizarse como una combinaci\u00f3n de estados afectivos positivos como la felicidad (la perspectiva hed\u00f3nica) y la capacidad de funcionar eficazmente en la vida personal y social (la perspectiva eudaim\u00f3nica) (Deci y Ryan, 2008). En consecuencia, Huppert (2009, p.137) lo resumi\u00f3 de la siguiente manera [&hellip;]","og_url":"https:\/\/www.aitanacongress.com\/2022\/adrianalis-2\/","og_site_name":"aitanacongress.com","article_modified_time":"2022-07-26T17:40:32+00:00","twitter_card":"summary_large_image","twitter_misc":{"Tiempo de lectura":"4 minutos"},"schema":{"@context":"https:\/\/schema.org","@graph":[{"@type":"WebPage","@id":"https:\/\/www.aitanacongress.com\/2022\/adrianalis-2\/","url":"https:\/\/www.aitanacongress.com\/2022\/adrianalis-2\/","name":"p_Adriana Lis - aitanacongress.com","isPartOf":{"@id":"https:\/\/www.aitanacongress.com\/2022\/#website"},"datePublished":"2022-04-06T12:10:03+00:00","dateModified":"2022-07-26T17:40:32+00:00","breadcrumb":{"@id":"https:\/\/www.aitanacongress.com\/2022\/adrianalis-2\/#breadcrumb"},"inLanguage":"es","potentialAction":[{"@type":"ReadAction","target":["https:\/\/www.aitanacongress.com\/2022\/adrianalis-2\/"]}]},{"@type":"BreadcrumbList","@id":"https:\/\/www.aitanacongress.com\/2022\/adrianalis-2\/#breadcrumb","itemListElement":[{"@type":"ListItem","position":1,"name":"Portada","item":"https:\/\/www.aitanacongress.com\/2022\/"},{"@type":"ListItem","position":2,"name":"p_Adriana Lis"}]},{"@type":"WebSite","@id":"https:\/\/www.aitanacongress.com\/2022\/#website","url":"https:\/\/www.aitanacongress.com\/2022\/","name":"aitanacongress.com","description":"8th International Congress of Clinical and Health Psychology in Children and Adolescents","potentialAction":[{"@type":"SearchAction","target":{"@type":"EntryPoint","urlTemplate":"https:\/\/www.aitanacongress.com\/2022\/?s={search_term_string}"},"query-input":{"@type":"PropertyValueSpecification","valueRequired":true,"valueName":"search_term_string"}}],"inLanguage":"es"}]}},"_links":{"self":[{"href":"https:\/\/www.aitanacongress.com\/2022\/wp-json\/wp\/v2\/pages\/1476","targetHints":{"allow":["GET"]}}],"collection":[{"href":"https:\/\/www.aitanacongress.com\/2022\/wp-json\/wp\/v2\/pages"}],"about":[{"href":"https:\/\/www.aitanacongress.com\/2022\/wp-json\/wp\/v2\/types\/page"}],"author":[{"embeddable":true,"href":"https:\/\/www.aitanacongress.com\/2022\/wp-json\/wp\/v2\/users\/2"}],"replies":[{"embeddable":true,"href":"https:\/\/www.aitanacongress.com\/2022\/wp-json\/wp\/v2\/comments?post=1476"}],"version-history":[{"count":7,"href":"https:\/\/www.aitanacongress.com\/2022\/wp-json\/wp\/v2\/pages\/1476\/revisions"}],"predecessor-version":[{"id":3188,"href":"https:\/\/www.aitanacongress.com\/2022\/wp-json\/wp\/v2\/pages\/1476\/revisions\/3188"}],"wp:attachment":[{"href":"https:\/\/www.aitanacongress.com\/2022\/wp-json\/wp\/v2\/media?parent=1476"}],"curies":[{"name":"wp","href":"https:\/\/api.w.org\/{rel}","templated":true}]}}