{"id":1485,"date":"2022-04-06T18:52:16","date_gmt":"2022-04-06T18:52:16","guid":{"rendered":"https:\/\/www.aitanacongress.com\/2022\/?page_id=1485"},"modified":"2022-05-02T10:12:23","modified_gmt":"2022-05-02T10:12:23","slug":"p_cristina-larroy","status":"publish","type":"page","link":"https:\/\/www.aitanacongress.com\/2022\/p_cristina-larroy\/","title":{"rendered":"p_Cristina Larroy"},"content":{"rendered":"<p>[et_pb_section fb_built=\u00bb1&#8243; custom_padding_last_edited=\u00bbon|phone\u00bb admin_label=\u00bbponencia\u00bb _builder_version=\u00bb4.14.7&#8243; _module_preset=\u00bbdefault\u00bb custom_margin=\u00bb||||false|false\u00bb custom_padding=\u00bb0px||0px||false|false\u00bb custom_padding_tablet=\u00bb0px||0px||false|false\u00bb custom_padding_phone=\u00bb|0px||0px|false|false\u00bb collapsed=\u00bbon\u00bb global_colors_info=\u00bb{}\u00bb][et_pb_row custom_padding_last_edited=\u00bbon|desktop\u00bb _builder_version=\u00bb4.14.7&#8243; _module_preset=\u00bbdefault\u00bb custom_margin=\u00bb||||false|false\u00bb custom_padding_tablet=\u00bb\u00bb custom_padding_phone=\u00bb|0px||0px|false|false\u00bb global_colors_info=\u00bb{}\u00bb][et_pb_column type=\u00bb4_4&#8243; _builder_version=\u00bb4.14.7&#8243; _module_preset=\u00bbdefault\u00bb global_colors_info=\u00bb{}\u00bb][et_pb_text _builder_version=\u00bb4.14.7&#8243; _module_preset=\u00bbdefault\u00bb header_font=\u00bb|||on|||||\u00bb header_text_color=\u00bb#FFFFFF\u00bb header_font_size=\u00bb45px\u00bb header_2_font=\u00bb|800||on|||||\u00bb header_2_text_align=\u00bbcenter\u00bb header_2_text_color=\u00bb#0060A8&#8243; header_2_font_size=\u00bb35px\u00bb background_color=\u00bbRGBA(255,255,255,0)\u00bb text_orientation=\u00bbright\u00bb custom_margin=\u00bb0px||||false|false\u00bb custom_padding=\u00bb50px|120px|5px|120px|false|false\u00bb custom_padding_tablet=\u00bb50px|120px|5px|120px|false|false\u00bb custom_padding_phone=\u00bb70px|0px|5px|0px|false|false\u00bb custom_padding_last_edited=\u00bbon|phone\u00bb text_orientation_tablet=\u00bbright\u00bb text_orientation_phone=\u00bbcenter\u00bb text_orientation_last_edited=\u00bbon|desktop\u00bb global_colors_info=\u00bb{}\u00bb]<\/p>\n<h2>Demandas, procesos y resultados en servicios universitarios de psicolog\u00eda con poblaci\u00f3n infantojuvenil<\/h2>\n<p>[\/et_pb_text][et_pb_text admin_label=\u00bbresumen\u00bb _builder_version=\u00bb4.14.7&#8243; _module_preset=\u00bbdefault\u00bb background_color=\u00bbrgba(199,227,237,0.6)\u00bb width=\u00bb900px\u00bb module_alignment=\u00bbcenter\u00bb custom_margin=\u00bb||10px||false|false\u00bb custom_padding=\u00bb40px|30px|30px|40px|false|false\u00bb global_colors_info=\u00bb{}\u00bb]El presente simposio pretende ofrecer una visi\u00f3n de las caracter\u00edsticas de las demandas de asistencia psicol\u00f3gica en dos servicios de la Universidad Complutense de Madrid, la Clinica Universitaria de Psicologia (CUP-UCM) y el servicio de atenci\u00f3n telem\u00e1tica inmediata (PsiCall), servicios que comparten la asistencia a j\u00f3venes universitarios, pero cuyos procedimientos son muy diferentes.<\/p>\n<p>En la primera ponencia se explora si el perfil sociofamiliar de las familias que acuden a la CUP-UCM est\u00e1 relacionado con un determinado motivo de consulta. Por otro lado, se pretende establecer si existen diferencias en cuanto al perfil familiar, comparado con la poblaci\u00f3n general; y al motivo de consulta, comparado con los presentes en otros servicios.<\/p>\n<p>El objetivo de la segunda ponencia es explorar la posible relaci\u00f3n entre distintas variables del curso terap\u00e9utico y la adherencia al tratamiento (asistencia a sesi\u00f3n, cumplimentaci\u00f3n de tareas, curso de la terapia, solicitante del tratamiento&#8230;), en funci\u00f3n del motivo de consulta.<\/p>\n<p>Un 83% de los j\u00f3venes espa\u00f1oles afirman haber vivido alg\u00fan tipo de victimizaci\u00f3n a lo largo de sus vidas. Experimentar cualquier tipo de maltrato tiene serias implicaciones para la salud f\u00edsica y mental en la poblaci\u00f3n infanto-juvenil, y se ha demostrado su papel como factor de riesgo en la ideaci\u00f3n suicida en j\u00f3venes.La tercera comunicaci\u00f3n pretende caracterizar el fen\u00f3meno de la polivictimizaci\u00f3n en usuarios de PsiCall y estudiar el impacto que ha tenido en la salud mental de los estudiantes, y, su papel en la aparici\u00f3n de ideaci\u00f3n suicida.<\/p>\n<p>La pr\u00e1ctica cl\u00ednica supervisada es un elemento fundamental para la adquisici\u00f3n de un nivel de competencia adecuado para el ejercicio de la intervenci\u00f3n psicol\u00f3gica. Por ello, desde el PsiCall UCM se ha desarrollado un modelo de supervisi\u00f3n cl\u00ednico de casos basado en evidencias. Se describe el modelo y algunos de los resultados emp\u00edricos obtenidos por el mismo, y ello constituye el eje central de la cuarta aportaci\u00f3n de la mes.<br \/>\n[\/et_pb_text][\/et_pb_column][\/et_pb_row][et_pb_row column_structure=\u00bb1_3,2_3&#8243; custom_padding_last_edited=\u00bbon|desktop\u00bb _builder_version=\u00bb4.14.7&#8243; _module_preset=\u00bbdefault\u00bb custom_margin=\u00bb||||false|false\u00bb custom_padding_tablet=\u00bb\u00bb custom_padding_phone=\u00bb|0px||0px|false|false\u00bb global_colors_info=\u00bb{}\u00bb][et_pb_column type=\u00bb1_3&#8243; _builder_version=\u00bb4.14.7&#8243; _module_preset=\u00bbdefault\u00bb global_colors_info=\u00bb{}\u00bb][et_pb_image src=\u00bbhttps:\/\/www.aitanacongress.com\/2022\/wp-content\/uploads\/Cristina-Larroy.jpg\u00bb title_text=\u00bbCristina Larroy\u00bb _builder_version=\u00bb4.14.7&#8243; _module_preset=\u00bbdefault\u00bb global_colors_info=\u00bb{}\u00bb][\/et_pb_image][\/et_pb_column][et_pb_column type=\u00bb2_3&#8243; _builder_version=\u00bb4.14.7&#8243; _module_preset=\u00bbdefault\u00bb global_colors_info=\u00bb{}\u00bb][et_pb_text admin_label=\u00bbCV\u00bb _builder_version=\u00bb4.14.7&#8243; _module_preset=\u00bbdefault\u00bb background_color=\u00bbRGBA(255,255,255,0)\u00bb custom_margin=\u00bb||10px||false|false\u00bb custom_padding=\u00bb40px|30px|30px|40px|false|false\u00bb global_colors_info=\u00bb{}\u00bb]<\/p>\n<h3>Cristina Larroy<\/h3>\n<p>Universidad Complutense de Madrid. Espa\u00f1a<\/p>\n<p>Cristina Larroy es Doctora en Psicologia por la UCM, Catedr\u00e1tica del Departamento de Psicolog\u00eda Cl\u00ednica de dicha universidad, Directora de la Clinica Universitaria de Psicologia UCM y Directora del PsiCall UCM (Servicio de Atenci\u00f3n Psicol\u00f3gica Telem\u00e1tica Inmediata para estudiantes UCM). Es, adem\u00e1s, codirectora del M\u00e1ster Propio en Psicolog\u00eda Clinica: Practica Profesional, de la UCM; y vicepresidenta de la Sociedad Cient\u00edfica RED-INFANCIA.<\/p>\n<p>Su l\u00ednea de investigaci\u00f3n m\u00e1s actual se centra en la Psicologia Cl\u00ednica y de la Salud, especialmente en relacion con los j\u00f3venes y adolescentes. Tambi\u00e9n en el \u00e1mbito infantil, en el control de la conducta oposicionista y la desobediencia. En los \u00faltimos a\u00f1os esta trabajando en temas relacionados con la telepsicologia y las nuevas tecnolog\u00edas.<\/p>\n<p>Es autora de numerosos libros cient\u00edficos y de divulgaci\u00f3n, cap\u00edtulos y art\u00edculos cient\u00edficos, as\u00ed como de m\u00e1s de 150 aportaciones a congresos.<br \/>\n[\/et_pb_text][\/et_pb_column][\/et_pb_row][\/et_pb_section][et_pb_section fb_built=\u00bb1&#8243; admin_label=\u00bbLOGO_ES\u00bb _builder_version=\u00bb4.14.7&#8243; _module_preset=\u00bbdefault\u00bb global_module=\u00bb165&#8243; saved_tabs=\u00bball\u00bb collapsed=\u00bbon\u00bb global_colors_info=\u00bb{}\u00bb][et_pb_row admin_label=\u00bbOrganiza\u00bb _builder_version=\u00bb4.14.7&#8243; _module_preset=\u00bbdefault\u00bb custom_margin=\u00bb||0px||false|false\u00bb custom_padding=\u00bb||0px||false|false\u00bb global_colors_info=\u00bb{}\u00bb][et_pb_column type=\u00bb4_4&#8243; _builder_version=\u00bb4.14.7&#8243; _module_preset=\u00bbdefault\u00bb global_colors_info=\u00bb{}\u00bb][et_pb_text _builder_version=\u00bb4.14.7&#8243; _module_preset=\u00bbdefault\u00bb text_font=\u00bb|||on|||||\u00bb text_text_color=\u00bb#CE122D\u00bb text_orientation=\u00bbcenter\u00bb module_alignment=\u00bbcenter\u00bb custom_margin=\u00bb||0px||false|false\u00bb custom_padding=\u00bb||0px||false|false\u00bb global_colors_info=\u00bb{}\u00bb]<\/p>\n<p>Organiza<\/p>\n<p>[\/et_pb_text][\/et_pb_column][\/et_pb_row][et_pb_row column_structure=\u00bb1_2,1_2&#8243; _builder_version=\u00bb4.14.7&#8243; _module_preset=\u00bbdefault\u00bb global_colors_info=\u00bb{}\u00bb][et_pb_column type=\u00bb1_2&#8243; _builder_version=\u00bb4.14.7&#8243; _module_preset=\u00bbdefault\u00bb global_colors_info=\u00bb{}\u00bb][et_pb_image src=\u00bbhttps:\/\/www.aitanacongress.com\/2022\/wp-content\/uploads\/logo-aitana-2022.png\u00bb title_text=\u00bblogo-aitana-2022&#8243; admin_label=\u00bbaitana\u00bb _builder_version=\u00bb4.14.7&#8243; _module_preset=\u00bbdefault\u00bb width=\u00bb250px\u00bb module_alignment=\u00bbcenter\u00bb global_colors_info=\u00bb{}\u00bb][\/et_pb_image][\/et_pb_column][et_pb_column type=\u00bb1_2&#8243; _builder_version=\u00bb4.14.7&#8243; _module_preset=\u00bbdefault\u00bb global_colors_info=\u00bb{}\u00bb][et_pb_image src=\u00bbhttps:\/\/www.aitanacongress.com\/2022\/wp-content\/uploads\/logo-UHM-2022.png\u00bb title_text=\u00bblogo-UHM-2022&#8243; admin_label=\u00bbUHM\u00bb _builder_version=\u00bb4.14.7&#8243; _module_preset=\u00bbdefault\u00bb width=\u00bb250px\u00bb module_alignment=\u00bbcenter\u00bb global_colors_info=\u00bb{}\u00bb][\/et_pb_image][\/et_pb_column][\/et_pb_row][\/et_pb_section]<\/p>\n","protected":false},"excerpt":{"rendered":"<p>Demandas, procesos y resultados en servicios universitarios de psicolog\u00eda con poblaci\u00f3n infantojuvenil El presente simposio pretende ofrecer una visi\u00f3n de las caracter\u00edsticas de las demandas de asistencia psicol\u00f3gica en dos servicios de la Universidad Complutense de Madrid, la Clinica Universitaria de Psicologia (CUP-UCM) y el servicio de atenci\u00f3n telem\u00e1tica inmediata (PsiCall), servicios que comparten la [&hellip;]<\/p>\n","protected":false},"author":2,"featured_media":0,"parent":0,"menu_order":0,"comment_status":"closed","ping_status":"closed","template":"","meta":{"_et_pb_use_builder":"on","_et_pb_old_content":"","_et_gb_content_width":"","_oct_exclude_from_cache":false,"footnotes":""},"class_list":["post-1485","page","type-page","status-publish","hentry"],"yoast_head":"<!-- This site is optimized with the Yoast SEO plugin v23.6 - https:\/\/yoast.com\/wordpress\/plugins\/seo\/ -->\n<title>p_Cristina Larroy - aitanacongress.com<\/title>\n<meta name=\"robots\" content=\"index, follow, max-snippet:-1, max-image-preview:large, max-video-preview:-1\" \/>\n<link rel=\"canonical\" href=\"https:\/\/www.aitanacongress.com\/2022\/p_cristina-larroy\/\" \/>\n<meta property=\"og:locale\" content=\"es_ES\" \/>\n<meta property=\"og:type\" content=\"article\" \/>\n<meta property=\"og:title\" content=\"p_Cristina Larroy - aitanacongress.com\" \/>\n<meta property=\"og:description\" content=\"Demandas, procesos y resultados en servicios universitarios de psicolog\u00eda con poblaci\u00f3n infantojuvenil El presente simposio pretende ofrecer una visi\u00f3n de las caracter\u00edsticas de las demandas de asistencia psicol\u00f3gica en dos servicios de la Universidad Complutense de Madrid, la Clinica Universitaria de Psicologia (CUP-UCM) y el servicio de atenci\u00f3n telem\u00e1tica inmediata (PsiCall), servicios que comparten la [&hellip;]\" \/>\n<meta property=\"og:url\" content=\"https:\/\/www.aitanacongress.com\/2022\/p_cristina-larroy\/\" \/>\n<meta property=\"og:site_name\" content=\"aitanacongress.com\" \/>\n<meta property=\"article:modified_time\" content=\"2022-05-02T10:12:23+00:00\" \/>\n<meta name=\"twitter:card\" content=\"summary_large_image\" \/>\n<meta name=\"twitter:label1\" content=\"Tiempo de lectura\" \/>\n\t<meta name=\"twitter:data1\" content=\"3 minutos\" \/>\n<script type=\"application\/ld+json\" class=\"yoast-schema-graph\">{\"@context\":\"https:\/\/schema.org\",\"@graph\":[{\"@type\":\"WebPage\",\"@id\":\"https:\/\/www.aitanacongress.com\/2022\/p_cristina-larroy\/\",\"url\":\"https:\/\/www.aitanacongress.com\/2022\/p_cristina-larroy\/\",\"name\":\"p_Cristina Larroy - aitanacongress.com\",\"isPartOf\":{\"@id\":\"https:\/\/www.aitanacongress.com\/2022\/#website\"},\"datePublished\":\"2022-04-06T18:52:16+00:00\",\"dateModified\":\"2022-05-02T10:12:23+00:00\",\"breadcrumb\":{\"@id\":\"https:\/\/www.aitanacongress.com\/2022\/p_cristina-larroy\/#breadcrumb\"},\"inLanguage\":\"es\",\"potentialAction\":[{\"@type\":\"ReadAction\",\"target\":[\"https:\/\/www.aitanacongress.com\/2022\/p_cristina-larroy\/\"]}]},{\"@type\":\"BreadcrumbList\",\"@id\":\"https:\/\/www.aitanacongress.com\/2022\/p_cristina-larroy\/#breadcrumb\",\"itemListElement\":[{\"@type\":\"ListItem\",\"position\":1,\"name\":\"Portada\",\"item\":\"https:\/\/www.aitanacongress.com\/2022\/\"},{\"@type\":\"ListItem\",\"position\":2,\"name\":\"p_Cristina Larroy\"}]},{\"@type\":\"WebSite\",\"@id\":\"https:\/\/www.aitanacongress.com\/2022\/#website\",\"url\":\"https:\/\/www.aitanacongress.com\/2022\/\",\"name\":\"aitanacongress.com\",\"description\":\"8th International Congress of Clinical and Health Psychology in Children and Adolescents\",\"potentialAction\":[{\"@type\":\"SearchAction\",\"target\":{\"@type\":\"EntryPoint\",\"urlTemplate\":\"https:\/\/www.aitanacongress.com\/2022\/?s={search_term_string}\"},\"query-input\":{\"@type\":\"PropertyValueSpecification\",\"valueRequired\":true,\"valueName\":\"search_term_string\"}}],\"inLanguage\":\"es\"}]}<\/script>\n<!-- \/ Yoast SEO plugin. -->","yoast_head_json":{"title":"p_Cristina Larroy - aitanacongress.com","robots":{"index":"index","follow":"follow","max-snippet":"max-snippet:-1","max-image-preview":"max-image-preview:large","max-video-preview":"max-video-preview:-1"},"canonical":"https:\/\/www.aitanacongress.com\/2022\/p_cristina-larroy\/","og_locale":"es_ES","og_type":"article","og_title":"p_Cristina Larroy - aitanacongress.com","og_description":"Demandas, procesos y resultados en servicios universitarios de psicolog\u00eda con poblaci\u00f3n infantojuvenil El presente simposio pretende ofrecer una visi\u00f3n de las caracter\u00edsticas de las demandas de asistencia psicol\u00f3gica en dos servicios de la Universidad Complutense de Madrid, la Clinica Universitaria de Psicologia (CUP-UCM) y el servicio de atenci\u00f3n telem\u00e1tica inmediata (PsiCall), servicios que comparten la [&hellip;]","og_url":"https:\/\/www.aitanacongress.com\/2022\/p_cristina-larroy\/","og_site_name":"aitanacongress.com","article_modified_time":"2022-05-02T10:12:23+00:00","twitter_card":"summary_large_image","twitter_misc":{"Tiempo de lectura":"3 minutos"},"schema":{"@context":"https:\/\/schema.org","@graph":[{"@type":"WebPage","@id":"https:\/\/www.aitanacongress.com\/2022\/p_cristina-larroy\/","url":"https:\/\/www.aitanacongress.com\/2022\/p_cristina-larroy\/","name":"p_Cristina Larroy - aitanacongress.com","isPartOf":{"@id":"https:\/\/www.aitanacongress.com\/2022\/#website"},"datePublished":"2022-04-06T18:52:16+00:00","dateModified":"2022-05-02T10:12:23+00:00","breadcrumb":{"@id":"https:\/\/www.aitanacongress.com\/2022\/p_cristina-larroy\/#breadcrumb"},"inLanguage":"es","potentialAction":[{"@type":"ReadAction","target":["https:\/\/www.aitanacongress.com\/2022\/p_cristina-larroy\/"]}]},{"@type":"BreadcrumbList","@id":"https:\/\/www.aitanacongress.com\/2022\/p_cristina-larroy\/#breadcrumb","itemListElement":[{"@type":"ListItem","position":1,"name":"Portada","item":"https:\/\/www.aitanacongress.com\/2022\/"},{"@type":"ListItem","position":2,"name":"p_Cristina Larroy"}]},{"@type":"WebSite","@id":"https:\/\/www.aitanacongress.com\/2022\/#website","url":"https:\/\/www.aitanacongress.com\/2022\/","name":"aitanacongress.com","description":"8th International Congress of Clinical and Health Psychology in Children and Adolescents","potentialAction":[{"@type":"SearchAction","target":{"@type":"EntryPoint","urlTemplate":"https:\/\/www.aitanacongress.com\/2022\/?s={search_term_string}"},"query-input":{"@type":"PropertyValueSpecification","valueRequired":true,"valueName":"search_term_string"}}],"inLanguage":"es"}]}},"_links":{"self":[{"href":"https:\/\/www.aitanacongress.com\/2022\/wp-json\/wp\/v2\/pages\/1485","targetHints":{"allow":["GET"]}}],"collection":[{"href":"https:\/\/www.aitanacongress.com\/2022\/wp-json\/wp\/v2\/pages"}],"about":[{"href":"https:\/\/www.aitanacongress.com\/2022\/wp-json\/wp\/v2\/types\/page"}],"author":[{"embeddable":true,"href":"https:\/\/www.aitanacongress.com\/2022\/wp-json\/wp\/v2\/users\/2"}],"replies":[{"embeddable":true,"href":"https:\/\/www.aitanacongress.com\/2022\/wp-json\/wp\/v2\/comments?post=1485"}],"version-history":[{"count":7,"href":"https:\/\/www.aitanacongress.com\/2022\/wp-json\/wp\/v2\/pages\/1485\/revisions"}],"predecessor-version":[{"id":2096,"href":"https:\/\/www.aitanacongress.com\/2022\/wp-json\/wp\/v2\/pages\/1485\/revisions\/2096"}],"wp:attachment":[{"href":"https:\/\/www.aitanacongress.com\/2022\/wp-json\/wp\/v2\/media?parent=1485"}],"curies":[{"name":"wp","href":"https:\/\/api.w.org\/{rel}","templated":true}]}}