{"id":1494,"date":"2022-04-06T19:04:38","date_gmt":"2022-04-06T19:04:38","guid":{"rendered":"https:\/\/www.aitanacongress.com\/2022\/?page_id=1494"},"modified":"2022-10-17T13:53:27","modified_gmt":"2022-10-17T13:53:27","slug":"desiree-ruiz-aranda","status":"publish","type":"page","link":"https:\/\/www.aitanacongress.com\/2022\/desiree-ruiz-aranda\/","title":{"rendered":"p_Desire\u00e9 Ruiz Aranda"},"content":{"rendered":"<p>[et_pb_section fb_built=\u00bb1&#8243; custom_padding_last_edited=\u00bbon|phone\u00bb admin_label=\u00bbponencia\u00bb _builder_version=\u00bb4.14.7&#8243; _module_preset=\u00bbdefault\u00bb custom_margin=\u00bb||||false|false\u00bb custom_padding=\u00bb0px||0px||false|false\u00bb custom_padding_tablet=\u00bb0px||0px||false|false\u00bb custom_padding_phone=\u00bb|0px||0px|false|false\u00bb collapsed=\u00bboff\u00bb global_colors_info=\u00bb{}\u00bb][et_pb_row custom_padding_last_edited=\u00bbon|desktop\u00bb _builder_version=\u00bb4.14.7&#8243; _module_preset=\u00bbdefault\u00bb custom_margin=\u00bb||||false|false\u00bb custom_padding_tablet=\u00bb\u00bb custom_padding_phone=\u00bb|0px||0px|false|false\u00bb global_colors_info=\u00bb{}\u00bb][et_pb_column type=\u00bb4_4&#8243; _builder_version=\u00bb4.14.7&#8243; _module_preset=\u00bbdefault\u00bb global_colors_info=\u00bb{}\u00bb][et_pb_text _builder_version=\u00bb4.14.7&#8243; _module_preset=\u00bbdefault\u00bb header_font=\u00bb|||on|||||\u00bb header_text_color=\u00bb#FFFFFF\u00bb header_font_size=\u00bb45px\u00bb header_2_font=\u00bb|800||on|||||\u00bb header_2_text_align=\u00bbcenter\u00bb header_2_text_color=\u00bb#0060A8&#8243; header_2_font_size=\u00bb35px\u00bb background_color=\u00bbRGBA(255,255,255,0)\u00bb text_orientation=\u00bbright\u00bb custom_margin=\u00bb0px||||false|false\u00bb custom_padding=\u00bb50px|120px|5px|120px|false|false\u00bb custom_padding_tablet=\u00bb50px|120px|5px|120px|false|false\u00bb custom_padding_phone=\u00bb70px|0px|5px|0px|false|false\u00bb custom_padding_last_edited=\u00bbon|phone\u00bb text_orientation_tablet=\u00bbright\u00bb text_orientation_phone=\u00bbcenter\u00bb text_orientation_last_edited=\u00bbon|desktop\u00bb global_colors_info=\u00bb{}\u00bb]<\/p>\n<h2>Nuevos retos en el desarrollo de intervenciones psicol\u00f3gicas eficaces en salud mental adolescente<\/h2>\n<p>[\/et_pb_text][et_pb_text admin_label=\u00bbresumen\u00bb _builder_version=\u00bb4.14.7&#8243; _module_preset=\u00bbdefault\u00bb background_color=\u00bbrgba(199,227,237,0.6)\u00bb width=\u00bb900px\u00bb module_alignment=\u00bbcenter\u00bb custom_margin=\u00bb||10px||false|false\u00bb custom_padding=\u00bb40px|30px|30px|40px|false|false\u00bb global_colors_info=\u00bb{}\u00bb]<\/p>\n<p>Un desarrollo saludable durante las primeras etapas de la vida contribuye a una buena salud mental en la edad adulta, previniendo la aparici\u00f3n de futuros problemas. A pesar de la existencia de tratamientos psicol\u00f3gicos eficaces, muchos adolescentes no reciben el tratamiento m\u00e1s adecuado para su problema. Algunas de las razones tienen que ver con el desconocimiento de los profesionales y pacientes sobre la existencia de los tratamientos eficaces y basados en la evidencia y las creencias de los pacientes respecto a cu\u00e1les son los tratamientos m\u00e1s adecuados para los diferentes problemas. Del mismo modo, es necesario seguir avanzado en los conocimientos que ayuden a entender el porqu\u00e9 de la eficacia de los distintos tratamientos psicol\u00f3gicos. En este simposio presentamos un avance en el conocimiento de los tratamientos psicol\u00f3gicos m\u00e1s eficaces en distintos problemas de la salud mental adolescente.<\/p>\n<p>[\/et_pb_text][\/et_pb_column][\/et_pb_row][et_pb_row column_structure=\u00bb1_3,2_3&#8243; custom_padding_last_edited=\u00bbon|desktop\u00bb _builder_version=\u00bb4.14.7&#8243; _module_preset=\u00bbdefault\u00bb custom_margin=\u00bb||||false|false\u00bb custom_padding_tablet=\u00bb\u00bb custom_padding_phone=\u00bb|0px||0px|false|false\u00bb global_colors_info=\u00bb{}\u00bb][et_pb_column type=\u00bb1_3&#8243; _builder_version=\u00bb4.14.7&#8243; _module_preset=\u00bbdefault\u00bb global_colors_info=\u00bb{}\u00bb][et_pb_image src=\u00bbhttps:\/\/www.aitanacongress.com\/2022\/wp-content\/uploads\/Desire\u00ae-Ruiz-Aranda-e1649271635933.jpg\u00bb title_text=\u00bbDesire+\u00ae Ruiz Aranda\u00bb _builder_version=\u00bb4.14.7&#8243; _module_preset=\u00bbdefault\u00bb global_colors_info=\u00bb{}\u00bb][\/et_pb_image][\/et_pb_column][et_pb_column type=\u00bb2_3&#8243; _builder_version=\u00bb4.14.7&#8243; _module_preset=\u00bbdefault\u00bb global_colors_info=\u00bb{}\u00bb][et_pb_text admin_label=\u00bbCV\u00bb _builder_version=\u00bb4.14.7&#8243; _module_preset=\u00bbdefault\u00bb background_color=\u00bbRGBA(255,255,255,0)\u00bb custom_margin=\u00bb||10px||false|false\u00bb custom_padding=\u00bb40px|30px|30px|40px|false|false\u00bb global_colors_info=\u00bb{}\u00bb]<\/p>\n<h3>Desire\u00e9 Ruiz Aranda<\/h3>\n<p>Universidad Loyola Andaluc\u00eda. Espa\u00f1a<\/p>\n<p>Profesora Titular de la Universidad Loyola Andaluc\u00eda. Una de las l\u00edneas principales de investigaci\u00f3n se centra en el desarrollo de un programa de entrenamiento en inteligencia emocional para adolescentes (Programa Intemo) que actualmente est\u00e1 siendo aplicado por distintos centros educativos en diferentes provincias espa\u00f1olas y en Latinoamerica. A lo largo de su trayectoria profesional ha participado en m\u00e1s de 10 de proyectos de \u00e1mbito nacional e internacional. El trabajo derivado de estos proyectos dio lugar a recibir premios de referencia en el campo de la educaci\u00f3n emocional como, por ejemplo: Premio Mart\u00edn Aldehuela (2012) o la Menci\u00f3n en el premio Attendis (2013). Otra de sus l\u00edneas principales de trabajo est\u00e1 centrada en examinar la influencia de las habilidades emocionales en la salud f\u00edsica y mental de los adolescentes. Su labor investigadora y docente ha estado vinculada a la actividad profesional, trabajando como psic\u00f3loga en diferentes centros realizando funciones de evaluaci\u00f3n y tratamiento psicol\u00f3gico de ni\u00f1os, adolescentes principalmente. Actualmente, es la directora del M\u00e1ster Universitario de Psicolog\u00eda General Sanitaria de la Universidad Loyola Andaluc\u00eda y colabora con la Cl\u00ednica Universitaria de dicha Universidad.<\/p>\n<p>&nbsp;<\/p>\n<p>[\/et_pb_text][\/et_pb_column][\/et_pb_row][\/et_pb_section][et_pb_section fb_built=\u00bb1&#8243; admin_label=\u00bbLOGO_ES\u00bb _builder_version=\u00bb4.14.7&#8243; _module_preset=\u00bbdefault\u00bb global_module=\u00bb165&#8243; saved_tabs=\u00bball\u00bb collapsed=\u00bbon\u00bb global_colors_info=\u00bb{}\u00bb][et_pb_row admin_label=\u00bbOrganiza\u00bb _builder_version=\u00bb4.14.7&#8243; _module_preset=\u00bbdefault\u00bb custom_margin=\u00bb||0px||false|false\u00bb custom_padding=\u00bb||0px||false|false\u00bb global_colors_info=\u00bb{}\u00bb][et_pb_column type=\u00bb4_4&#8243; _builder_version=\u00bb4.14.7&#8243; _module_preset=\u00bbdefault\u00bb global_colors_info=\u00bb{}\u00bb][et_pb_text _builder_version=\u00bb4.14.7&#8243; _module_preset=\u00bbdefault\u00bb text_font=\u00bb|||on|||||\u00bb text_text_color=\u00bb#CE122D\u00bb text_orientation=\u00bbcenter\u00bb module_alignment=\u00bbcenter\u00bb custom_margin=\u00bb||0px||false|false\u00bb custom_padding=\u00bb||0px||false|false\u00bb global_colors_info=\u00bb{}\u00bb]<\/p>\n<p>Organiza<\/p>\n<p>[\/et_pb_text][\/et_pb_column][\/et_pb_row][et_pb_row column_structure=\u00bb1_4,1_4,1_4,1_4&#8243; _builder_version=\u00bb4.14.7&#8243; _module_preset=\u00bbdefault\u00bb global_colors_info=\u00bb{}\u00bb][et_pb_column type=\u00bb1_4&#8243; _builder_version=\u00bb4.14.7&#8243; _module_preset=\u00bbdefault\u00bb global_colors_info=\u00bb{}\u00bb][\/et_pb_column][et_pb_column type=\u00bb1_4&#8243; _builder_version=\u00bb4.14.7&#8243; _module_preset=\u00bbdefault\u00bb global_colors_info=\u00bb{}\u00bb][et_pb_image src=\u00bbhttps:\/\/www.aitanacongress.com\/2022\/wp-content\/uploads\/logo-aitana-2022.png\u00bb title_text=\u00bblogo-aitana-2022&#8243; admin_label=\u00bbaitana\u00bb _builder_version=\u00bb4.14.7&#8243; _module_preset=\u00bbdefault\u00bb width=\u00bb250px\u00bb module_alignment=\u00bbcenter\u00bb global_colors_info=\u00bb{}\u00bb][\/et_pb_image][\/et_pb_column][et_pb_column type=\u00bb1_4&#8243; _builder_version=\u00bb4.14.7&#8243; _module_preset=\u00bbdefault\u00bb global_colors_info=\u00bb{}\u00bb][et_pb_image src=\u00bbhttps:\/\/www.aitanacongress.com\/2022\/wp-content\/uploads\/logo-UHM-2022.png\u00bb title_text=\u00bblogo-UHM-2022&#8243; admin_label=\u00bbUHM\u00bb _builder_version=\u00bb4.14.7&#8243; _module_preset=\u00bbdefault\u00bb width=\u00bb250px\u00bb module_alignment=\u00bbcenter\u00bb global_colors_info=\u00bb{}\u00bb][\/et_pb_image][\/et_pb_column][et_pb_column type=\u00bb1_4&#8243; _builder_version=\u00bb4.14.7&#8243; _module_preset=\u00bbdefault\u00bb global_colors_info=\u00bb{}\u00bb][\/et_pb_column][\/et_pb_row][et_pb_row admin_label=\u00bbCon el apoyo de \u00bb _builder_version=\u00bb4.14.7&#8243; _module_preset=\u00bbdefault\u00bb custom_margin=\u00bb||0px||false|false\u00bb custom_padding=\u00bb||0px||false|false\u00bb global_colors_info=\u00bb{}\u00bb][et_pb_column type=\u00bb4_4&#8243; _builder_version=\u00bb4.14.7&#8243; _module_preset=\u00bbdefault\u00bb global_colors_info=\u00bb{}\u00bb][et_pb_text _builder_version=\u00bb4.14.7&#8243; _module_preset=\u00bbdefault\u00bb text_font=\u00bb|||on|||||\u00bb text_text_color=\u00bb#CE122D\u00bb text_orientation=\u00bbcenter\u00bb module_alignment=\u00bbcenter\u00bb custom_margin=\u00bb||0px||false|false\u00bb custom_padding=\u00bb||0px||false|false\u00bb global_colors_info=\u00bb{}\u00bb]<\/p>\n<p>Con el apoyo de<\/p>\n<p>[\/et_pb_text][\/et_pb_column][\/et_pb_row][et_pb_row column_structure=\u00bb1_6,1_6,1_6,1_6,1_6,1_6&#8243; use_custom_gutter=\u00bbon\u00bb gutter_width=\u00bb2&#8243; _builder_version=\u00bb4.14.7&#8243; _module_preset=\u00bbdefault\u00bb max_width=\u00bb900px\u00bb global_colors_info=\u00bb{}\u00bb][et_pb_column type=\u00bb1_6&#8243; _builder_version=\u00bb4.14.7&#8243; _module_preset=\u00bbdefault\u00bb global_colors_info=\u00bb{}\u00bb][et_pb_image src=\u00bbhttps:\/\/www.aitanacongress.com\/2022\/wp-content\/uploads\/logo-piramide-2022.png\u00bb title_text=\u00bblogo-piramide-2022&#8243; admin_label=\u00bbpiramide\u00bb _builder_version=\u00bb4.14.7&#8243; _module_preset=\u00bbdefault\u00bb max_width=\u00bb250px\u00bb module_alignment=\u00bbcenter\u00bb global_colors_info=\u00bb{}\u00bb][\/et_pb_image][\/et_pb_column][et_pb_column type=\u00bb1_6&#8243; _builder_version=\u00bb4.14.7&#8243; _module_preset=\u00bbdefault\u00bb global_colors_info=\u00bb{}\u00bb][et_pb_image src=\u00bbhttps:\/\/www.aitanacongress.com\/2022\/wp-content\/uploads\/logo-tea.png\u00bb title_text=\u00bblogo-tea\u00bb admin_label=\u00bbtea\u00bb _builder_version=\u00bb4.14.7&#8243; _module_preset=\u00bbdefault\u00bb max_width=\u00bb250px\u00bb module_alignment=\u00bbcenter\u00bb global_colors_info=\u00bb{}\u00bb][\/et_pb_image][\/et_pb_column][et_pb_column type=\u00bb1_6&#8243; _builder_version=\u00bb4.14.7&#8243; _module_preset=\u00bbdefault\u00bb global_colors_info=\u00bb{}\u00bb][et_pb_image src=\u00bbhttps:\/\/www.aitanacongress.com\/2022\/wp-content\/uploads\/8CIPCNA-adaptaciones-Recuperado.png\u00bb title_text=\u00bb8CIPCNA-adaptaciones-%91Recuperado%93&#8243; admin_label=\u00bbred infancia\u00bb _builder_version=\u00bb4.14.7&#8243; _module_preset=\u00bbdefault\u00bb max_width=\u00bb250px\u00bb module_alignment=\u00bbcenter\u00bb global_colors_info=\u00bb{}\u00bb][\/et_pb_image][\/et_pb_column][et_pb_column type=\u00bb1_6&#8243; _builder_version=\u00bb4.14.7&#8243; _module_preset=\u00bbdefault\u00bb global_colors_info=\u00bb{}\u00bb][et_pb_image src=\u00bbhttps:\/\/www.aitanacongress.com\/2022\/wp-content\/uploads\/logo_COP.png\u00bb title_text=\u00bblogo_COP\u00bb admin_label=\u00bbCOP\u00bb _builder_version=\u00bb4.14.7&#8243; _module_preset=\u00bbdefault\u00bb max_width=\u00bb250px\u00bb module_alignment=\u00bbcenter\u00bb global_colors_info=\u00bb{}\u00bb][\/et_pb_image][\/et_pb_column][et_pb_column type=\u00bb1_6&#8243; _builder_version=\u00bb4.14.7&#8243; _module_preset=\u00bbdefault\u00bb global_colors_info=\u00bb{}\u00bb][et_pb_image src=\u00bbhttps:\/\/www.aitanacongress.com\/2022\/wp-content\/uploads\/logo-academia-psicologia.gif\u00bb title_text=\u00bblogo-academia-psicologia\u00bb admin_label=\u00bbAcademia Psic\u00bb _builder_version=\u00bb4.14.7&#8243; _module_preset=\u00bbdefault\u00bb custom_margin=\u00bb||-1px|||\u00bb global_colors_info=\u00bb{}\u00bb][\/et_pb_image][\/et_pb_column][et_pb_column type=\u00bb1_6&#8243; _builder_version=\u00bb4.14.7&#8243; _module_preset=\u00bbdefault\u00bb global_colors_info=\u00bb{}\u00bb][et_pb_image src=\u00bbhttps:\/\/www.aitanacongress.com\/2022\/wp-content\/uploads\/PearsonLogo.png\u00bb title_text=\u00bbPearsonLogo\u00bb admin_label=\u00bbPearson\u00bb _builder_version=\u00bb4.14.7&#8243; _module_preset=\u00bbdefault\u00bb custom_margin=\u00bb||-1px|||\u00bb global_colors_info=\u00bb{}\u00bb][\/et_pb_image][\/et_pb_column][\/et_pb_row][et_pb_row_inner _builder_version=\u00bb4.14.7&#8243; _module_preset=\u00bbdefault\u00bb global_colors_info=\u00bb{}\u00bb][et_pb_column_inner saved_specialty_column_type=\u00bb1_2&#8243; _builder_version=\u00bb4.14.7&#8243; _module_preset=\u00bbdefault\u00bb global_colors_info=\u00bb{}\u00bb][et_pb_text _builder_version=\u00bb4.14.7&#8243; _module_preset=\u00bbdefault\u00bb global_colors_info=\u00bb{}\u00bb][\/et_pb_text][\/et_pb_column_inner][\/et_pb_row_inner][\/et_pb_section]<\/p>\n","protected":false},"excerpt":{"rendered":"<p>Nuevos retos en el desarrollo de intervenciones psicol\u00f3gicas eficaces en salud mental adolescenteUn desarrollo saludable durante las primeras etapas de la vida contribuye a una buena salud mental en la edad adulta, previniendo la aparici\u00f3n de futuros problemas. A pesar de la existencia de tratamientos psicol\u00f3gicos eficaces, muchos adolescentes no reciben el tratamiento m\u00e1s adecuado [&hellip;]<\/p>\n","protected":false},"author":2,"featured_media":0,"parent":0,"menu_order":0,"comment_status":"closed","ping_status":"closed","template":"","meta":{"_et_pb_use_builder":"on","_et_pb_old_content":"","_et_gb_content_width":"","_oct_exclude_from_cache":false,"footnotes":""},"class_list":["post-1494","page","type-page","status-publish","hentry"],"yoast_head":"<!-- This site is optimized with the Yoast SEO plugin v23.6 - https:\/\/yoast.com\/wordpress\/plugins\/seo\/ -->\n<title>p_Desire\u00e9 Ruiz Aranda - aitanacongress.com<\/title>\n<meta name=\"robots\" content=\"index, follow, max-snippet:-1, max-image-preview:large, max-video-preview:-1\" \/>\n<link rel=\"canonical\" href=\"https:\/\/www.aitanacongress.com\/2022\/desiree-ruiz-aranda\/\" \/>\n<meta property=\"og:locale\" content=\"es_ES\" \/>\n<meta property=\"og:type\" content=\"article\" \/>\n<meta property=\"og:title\" content=\"p_Desire\u00e9 Ruiz Aranda - aitanacongress.com\" \/>\n<meta property=\"og:description\" content=\"Nuevos retos en el desarrollo de intervenciones psicol\u00f3gicas eficaces en salud mental adolescenteUn desarrollo saludable durante las primeras etapas de la vida contribuye a una buena salud mental en la edad adulta, previniendo la aparici\u00f3n de futuros problemas. A pesar de la existencia de tratamientos psicol\u00f3gicos eficaces, muchos adolescentes no reciben el tratamiento m\u00e1s adecuado [&hellip;]\" \/>\n<meta property=\"og:url\" content=\"https:\/\/www.aitanacongress.com\/2022\/desiree-ruiz-aranda\/\" \/>\n<meta property=\"og:site_name\" content=\"aitanacongress.com\" \/>\n<meta property=\"article:modified_time\" content=\"2022-10-17T13:53:27+00:00\" \/>\n<meta name=\"twitter:card\" content=\"summary_large_image\" \/>\n<meta name=\"twitter:label1\" content=\"Tiempo de lectura\" \/>\n\t<meta name=\"twitter:data1\" content=\"2 minutos\" \/>\n<script type=\"application\/ld+json\" class=\"yoast-schema-graph\">{\"@context\":\"https:\/\/schema.org\",\"@graph\":[{\"@type\":\"WebPage\",\"@id\":\"https:\/\/www.aitanacongress.com\/2022\/desiree-ruiz-aranda\/\",\"url\":\"https:\/\/www.aitanacongress.com\/2022\/desiree-ruiz-aranda\/\",\"name\":\"p_Desire\u00e9 Ruiz Aranda - aitanacongress.com\",\"isPartOf\":{\"@id\":\"https:\/\/www.aitanacongress.com\/2022\/#website\"},\"datePublished\":\"2022-04-06T19:04:38+00:00\",\"dateModified\":\"2022-10-17T13:53:27+00:00\",\"breadcrumb\":{\"@id\":\"https:\/\/www.aitanacongress.com\/2022\/desiree-ruiz-aranda\/#breadcrumb\"},\"inLanguage\":\"es\",\"potentialAction\":[{\"@type\":\"ReadAction\",\"target\":[\"https:\/\/www.aitanacongress.com\/2022\/desiree-ruiz-aranda\/\"]}]},{\"@type\":\"BreadcrumbList\",\"@id\":\"https:\/\/www.aitanacongress.com\/2022\/desiree-ruiz-aranda\/#breadcrumb\",\"itemListElement\":[{\"@type\":\"ListItem\",\"position\":1,\"name\":\"Portada\",\"item\":\"https:\/\/www.aitanacongress.com\/2022\/\"},{\"@type\":\"ListItem\",\"position\":2,\"name\":\"p_Desire\u00e9 Ruiz Aranda\"}]},{\"@type\":\"WebSite\",\"@id\":\"https:\/\/www.aitanacongress.com\/2022\/#website\",\"url\":\"https:\/\/www.aitanacongress.com\/2022\/\",\"name\":\"aitanacongress.com\",\"description\":\"8th International Congress of Clinical and Health Psychology in Children and Adolescents\",\"potentialAction\":[{\"@type\":\"SearchAction\",\"target\":{\"@type\":\"EntryPoint\",\"urlTemplate\":\"https:\/\/www.aitanacongress.com\/2022\/?s={search_term_string}\"},\"query-input\":{\"@type\":\"PropertyValueSpecification\",\"valueRequired\":true,\"valueName\":\"search_term_string\"}}],\"inLanguage\":\"es\"}]}<\/script>\n<!-- \/ Yoast SEO plugin. -->","yoast_head_json":{"title":"p_Desire\u00e9 Ruiz Aranda - aitanacongress.com","robots":{"index":"index","follow":"follow","max-snippet":"max-snippet:-1","max-image-preview":"max-image-preview:large","max-video-preview":"max-video-preview:-1"},"canonical":"https:\/\/www.aitanacongress.com\/2022\/desiree-ruiz-aranda\/","og_locale":"es_ES","og_type":"article","og_title":"p_Desire\u00e9 Ruiz Aranda - aitanacongress.com","og_description":"Nuevos retos en el desarrollo de intervenciones psicol\u00f3gicas eficaces en salud mental adolescenteUn desarrollo saludable durante las primeras etapas de la vida contribuye a una buena salud mental en la edad adulta, previniendo la aparici\u00f3n de futuros problemas. A pesar de la existencia de tratamientos psicol\u00f3gicos eficaces, muchos adolescentes no reciben el tratamiento m\u00e1s adecuado [&hellip;]","og_url":"https:\/\/www.aitanacongress.com\/2022\/desiree-ruiz-aranda\/","og_site_name":"aitanacongress.com","article_modified_time":"2022-10-17T13:53:27+00:00","twitter_card":"summary_large_image","twitter_misc":{"Tiempo de lectura":"2 minutos"},"schema":{"@context":"https:\/\/schema.org","@graph":[{"@type":"WebPage","@id":"https:\/\/www.aitanacongress.com\/2022\/desiree-ruiz-aranda\/","url":"https:\/\/www.aitanacongress.com\/2022\/desiree-ruiz-aranda\/","name":"p_Desire\u00e9 Ruiz Aranda - aitanacongress.com","isPartOf":{"@id":"https:\/\/www.aitanacongress.com\/2022\/#website"},"datePublished":"2022-04-06T19:04:38+00:00","dateModified":"2022-10-17T13:53:27+00:00","breadcrumb":{"@id":"https:\/\/www.aitanacongress.com\/2022\/desiree-ruiz-aranda\/#breadcrumb"},"inLanguage":"es","potentialAction":[{"@type":"ReadAction","target":["https:\/\/www.aitanacongress.com\/2022\/desiree-ruiz-aranda\/"]}]},{"@type":"BreadcrumbList","@id":"https:\/\/www.aitanacongress.com\/2022\/desiree-ruiz-aranda\/#breadcrumb","itemListElement":[{"@type":"ListItem","position":1,"name":"Portada","item":"https:\/\/www.aitanacongress.com\/2022\/"},{"@type":"ListItem","position":2,"name":"p_Desire\u00e9 Ruiz Aranda"}]},{"@type":"WebSite","@id":"https:\/\/www.aitanacongress.com\/2022\/#website","url":"https:\/\/www.aitanacongress.com\/2022\/","name":"aitanacongress.com","description":"8th International Congress of Clinical and Health Psychology in Children and Adolescents","potentialAction":[{"@type":"SearchAction","target":{"@type":"EntryPoint","urlTemplate":"https:\/\/www.aitanacongress.com\/2022\/?s={search_term_string}"},"query-input":{"@type":"PropertyValueSpecification","valueRequired":true,"valueName":"search_term_string"}}],"inLanguage":"es"}]}},"_links":{"self":[{"href":"https:\/\/www.aitanacongress.com\/2022\/wp-json\/wp\/v2\/pages\/1494","targetHints":{"allow":["GET"]}}],"collection":[{"href":"https:\/\/www.aitanacongress.com\/2022\/wp-json\/wp\/v2\/pages"}],"about":[{"href":"https:\/\/www.aitanacongress.com\/2022\/wp-json\/wp\/v2\/types\/page"}],"author":[{"embeddable":true,"href":"https:\/\/www.aitanacongress.com\/2022\/wp-json\/wp\/v2\/users\/2"}],"replies":[{"embeddable":true,"href":"https:\/\/www.aitanacongress.com\/2022\/wp-json\/wp\/v2\/comments?post=1494"}],"version-history":[{"count":9,"href":"https:\/\/www.aitanacongress.com\/2022\/wp-json\/wp\/v2\/pages\/1494\/revisions"}],"predecessor-version":[{"id":3525,"href":"https:\/\/www.aitanacongress.com\/2022\/wp-json\/wp\/v2\/pages\/1494\/revisions\/3525"}],"wp:attachment":[{"href":"https:\/\/www.aitanacongress.com\/2022\/wp-json\/wp\/v2\/media?parent=1494"}],"curies":[{"name":"wp","href":"https:\/\/api.w.org\/{rel}","templated":true}]}}