{"id":1920,"date":"2022-04-25T18:42:14","date_gmt":"2022-04-25T18:42:14","guid":{"rendered":"https:\/\/www.aitanacongress.com\/2022\/?page_id=1920"},"modified":"2022-05-06T08:16:09","modified_gmt":"2022-05-06T08:16:09","slug":"p_rita-francisco-2","status":"publish","type":"page","link":"https:\/\/www.aitanacongress.com\/2022\/p_rita-francisco-2\/","title":{"rendered":"p_Rita Francisco"},"content":{"rendered":"<p>[et_pb_section fb_built=\u00bb1&#8243; custom_padding_last_edited=\u00bbon|phone\u00bb admin_label=\u00bbponencia\u00bb _builder_version=\u00bb4.14.7&#8243; _module_preset=\u00bbdefault\u00bb custom_margin=\u00bb||||false|false\u00bb custom_padding=\u00bb0px||0px||false|false\u00bb custom_padding_tablet=\u00bb0px||0px||false|false\u00bb custom_padding_phone=\u00bb|0px||0px|false|false\u00bb locked=\u00bboff\u00bb collapsed=\u00bboff\u00bb global_colors_info=\u00bb{}\u00bb][et_pb_row custom_padding_last_edited=\u00bbon|desktop\u00bb _builder_version=\u00bb4.14.7&#8243; _module_preset=\u00bbdefault\u00bb custom_margin=\u00bb||||false|false\u00bb custom_padding_tablet=\u00bb\u00bb custom_padding_phone=\u00bb|0px||0px|false|false\u00bb global_colors_info=\u00bb{}\u00bb][et_pb_column type=\u00bb4_4&#8243; _builder_version=\u00bb4.14.7&#8243; _module_preset=\u00bbdefault\u00bb global_colors_info=\u00bb{}\u00bb][et_pb_text _builder_version=\u00bb4.14.7&#8243; _module_preset=\u00bbdefault\u00bb header_font=\u00bb|||on|||||\u00bb header_text_color=\u00bb#FFFFFF\u00bb header_font_size=\u00bb45px\u00bb header_2_font=\u00bb|800||on|||||\u00bb header_2_text_align=\u00bbcenter\u00bb header_2_text_color=\u00bb#0060A8&#8243; header_2_font_size=\u00bb35px\u00bb background_color=\u00bbRGBA(255,255,255,0)\u00bb text_orientation=\u00bbright\u00bb custom_margin=\u00bb0px||||false|false\u00bb custom_padding=\u00bb50px|120px|5px|120px|false|false\u00bb custom_padding_tablet=\u00bb50px|120px|5px|120px|false|false\u00bb custom_padding_phone=\u00bb70px|0px|5px|0px|false|false\u00bb custom_padding_last_edited=\u00bbon|phone\u00bb text_orientation_tablet=\u00bbright\u00bb text_orientation_phone=\u00bbcenter\u00bb text_orientation_last_edited=\u00bbon|desktop\u00bb global_colors_info=\u00bb{}\u00bb]<\/p>\n<h2>Salud mental y bienestar de ni\u00f1os y adolescentes: diferentes contextos, necesidades y recursos<\/h2>\n<p>[\/et_pb_text][et_pb_text admin_label=\u00bbresumen\u00bb _builder_version=\u00bb4.14.7&#8243; _module_preset=\u00bbdefault\u00bb background_color=\u00bbrgba(199,227,237,0.6)\u00bb width=\u00bb900px\u00bb module_alignment=\u00bbcenter\u00bb custom_margin=\u00bb||10px||false|false\u00bb custom_padding=\u00bb40px|30px|30px|40px|false|false\u00bb global_colors_info=\u00bb{}\u00bb]<\/p>\n<p>La investigaci\u00f3n ha mostrado evidencias de que la salud mental no es lo mismo que la ausencia de enfermedad mental, ni tampoco es lo mismo que el bienestar. En cualquier caso, todas estas dimensiones se han visto muy afectadas durante los \u00faltimos a\u00f1os de la pandemia del COVID-19, por lo que es urgente reflexionar sobre las necesidades y recursos que tienen los ni\u00f1os y adolescentes, en diferentes contextos, para mejorar su salud mental y su bienestar. Con este simposio pretendemos explorar c\u00f3mo se ven afectadas la salud mental y el bienestar de ni\u00f1os\/adolescentes de diferentes edades y en diferentes contextos, y el papel de las habilidades sociales y emocionales y las estrategias de afrontamiento en su adaptaci\u00f3n.<\/p>\n<p>La primera ponencia se centra en una muestra de ni\u00f1os y adolescentes en r\u00e9gimen de internado, muchos de ellos retirados de familias en las que hab\u00edan experimentado situaciones que induc\u00edan al estr\u00e9s. Explora la relaci\u00f3n entre los problemas emocionales y de conducta, las habilidades sociales y emocionales y las fuentes de apoyo, e identifica posibles predictores del bienestar en situaciones de cuidado residencial.<\/p>\n<p>Otro contexto potencialmente inductor de estr\u00e9s para los ni\u00f1os\/adolescentes es la hospitalizaci\u00f3n pedi\u00e1trica. El humor puede ayudar a los ni\u00f1os\/adolescentes a percibir la hospitalizaci\u00f3n como menos amenazante y es una estrategia de afrontamiento eficaz en este contexto. Bas\u00e1ndose en grupos de discusi\u00f3n con \u00abpayasos de hospital\u00bb, el segundo art\u00edculo identifica las especificidades de las intervenciones de los payasos de hospital en contextos pedi\u00e1tricos, concretamente c\u00f3mo interact\u00faan con los ni\u00f1os y las herramientas que utilizan, como forma de fomentar la adaptaci\u00f3n de los ni\u00f1os\/adolescentes cuando est\u00e1n hospitalizados.<\/p>\n<p>El tercer trabajo presenta un estudio longitudinal desarrollado durante el per\u00edodo de internaci\u00f3n domiciliaria en 2020 debido a la pandemia de COVID-19. A trav\u00e9s de las respuestas de los padres de los ni\u00f1os\/adolescentes en dos momentos, caracterizamos las principales preocupaciones de los ni\u00f1os y las estrategias de afrontamiento que utilizaron durante el internamiento domiciliario y determinamos si la duraci\u00f3n del internamiento y\/o el sexo y la edad de los ni\u00f1os fueron predictores del uso de cada estrategia de afrontamiento.<\/p>\n<p>El \u00faltimo trabajo compara c\u00f3mo los maestros de preescolar perciben los cambios en las habilidades sociales y los problemas de conducta de sus hijos despu\u00e9s de participar (o no) en una formaci\u00f3n sobre el Programa de Gesti\u00f3n del Aula Incredible Years\u00ae-Teacher, un programa basado en la evidencia que tiene como objetivo promover las conductas socioemocionales y reducir los problemas de conducta en los ni\u00f1os.<\/p>\n<p>[\/et_pb_text][\/et_pb_column][\/et_pb_row][et_pb_row column_structure=\u00bb1_3,2_3&#8243; custom_padding_last_edited=\u00bbon|desktop\u00bb _builder_version=\u00bb4.14.7&#8243; _module_preset=\u00bbdefault\u00bb custom_margin=\u00bb||||false|false\u00bb custom_padding_tablet=\u00bb\u00bb custom_padding_phone=\u00bb|0px||0px|false|false\u00bb global_colors_info=\u00bb{}\u00bb][et_pb_column type=\u00bb1_3&#8243; _builder_version=\u00bb4.14.7&#8243; _module_preset=\u00bbdefault\u00bb global_colors_info=\u00bb{}\u00bb][et_pb_image src=\u00bbhttps:\/\/www.aitanacongress.com\/2022\/wp-content\/uploads\/rita-francisco_ok.jpg\u00bb title_text=\u00bbrita-francisco_ok\u00bb _builder_version=\u00bb4.14.7&#8243; _module_preset=\u00bbdefault\u00bb hover_enabled=\u00bb0&#8243; global_colors_info=\u00bb{}\u00bb sticky_enabled=\u00bb0&#8243;][\/et_pb_image][\/et_pb_column][et_pb_column type=\u00bb2_3&#8243; _builder_version=\u00bb4.14.7&#8243; _module_preset=\u00bbdefault\u00bb global_colors_info=\u00bb{}\u00bb][et_pb_text admin_label=\u00bbCV\u00bb _builder_version=\u00bb4.14.7&#8243; _module_preset=\u00bbdefault\u00bb background_color=\u00bbRGBA(255,255,255,0)\u00bb custom_margin=\u00bb||10px||false|false\u00bb custom_padding=\u00bb40px|30px|30px|40px|false|false\u00bb global_colors_info=\u00bb{}\u00bb]<\/p>\n<h3>Rita Francisco<\/h3>\n<p>Universidad de Lisboa. Portugal<\/p>\n<p>Rita Francisco es licenciada y doctora en Psicolog\u00eda (especialidad en Psicolog\u00eda Familiar) por la Universidad de Lisboa. Es profesora adjunta en la Facultad de Ciencias Humanas (Universidade Cat\u00f3lica Portuguesa) y directora del CRC-W: Centro de Investigaci\u00f3n Cat\u00f3lica para el Bienestar Psicol\u00f3gico, Familiar y Social. Imparte clases en el programa de pregrado en Psicolog\u00eda y en varios programas de postgrado. Actualmente es coordinadora del M\u00e1ster en Psicolog\u00eda del Bienestar y Promoci\u00f3n de la Salud, y del Programa de Postgrado en Sistema de Protecci\u00f3n Infantil. Tiene una amplia experiencia en la supervisi\u00f3n de pr\u00e1cticas acad\u00e9micas, programas de m\u00e1ster y doctorado en las \u00e1reas de Psicolog\u00eda Cl\u00ednica y de la Salud y Psicolog\u00eda Familiar, concretamente en la Facultad de Psicolog\u00eda de la Universidad de Lisboa, donde imparti\u00f3 clases durante varios a\u00f1os. Sus intereses de investigaci\u00f3n actuales se centran en diversos temas como los trastornos de la alimentaci\u00f3n, la alfabetizaci\u00f3n en salud, el bienestar y la adaptaci\u00f3n de los ni\u00f1os y adolescentes en diferentes situaciones sociales, las familias militares, y en el impacto de las nuevas tecnolog\u00edas en el funcionamiento familiar. Ha publicado en estas \u00e1reas en revistas revisadas por pares. Tiene experiencia cl\u00ednica en contextos de terapia individual y familiar con adolescentes y adultos. Es especialista en Psicolog\u00eda Cl\u00ednica y de la Salud por el Colegio de Psic\u00f3logos de Portugal.<\/p>\n<p>&nbsp;<\/p>\n<p>[\/et_pb_text][\/et_pb_column][\/et_pb_row][\/et_pb_section][et_pb_section fb_built=\u00bb1&#8243; admin_label=\u00bbLOGO_ES\u00bb _builder_version=\u00bb4.14.7&#8243; _module_preset=\u00bbdefault\u00bb global_module=\u00bb165&#8243; saved_tabs=\u00bball\u00bb locked=\u00bboff\u00bb collapsed=\u00bbon\u00bb global_colors_info=\u00bb{}\u00bb][et_pb_row admin_label=\u00bbOrganiza\u00bb _builder_version=\u00bb4.14.7&#8243; _module_preset=\u00bbdefault\u00bb custom_margin=\u00bb||0px||false|false\u00bb custom_padding=\u00bb||0px||false|false\u00bb global_colors_info=\u00bb{}\u00bb][et_pb_column type=\u00bb4_4&#8243; _builder_version=\u00bb4.14.7&#8243; _module_preset=\u00bbdefault\u00bb global_colors_info=\u00bb{}\u00bb][et_pb_text _builder_version=\u00bb4.14.7&#8243; _module_preset=\u00bbdefault\u00bb text_font=\u00bb|||on|||||\u00bb text_text_color=\u00bb#CE122D\u00bb text_orientation=\u00bbcenter\u00bb module_alignment=\u00bbcenter\u00bb custom_margin=\u00bb||0px||false|false\u00bb custom_padding=\u00bb||0px||false|false\u00bb global_colors_info=\u00bb{}\u00bb]<\/p>\n<p>Organiza<\/p>\n<p>[\/et_pb_text][\/et_pb_column][\/et_pb_row][et_pb_row column_structure=\u00bb1_2,1_2&#8243; _builder_version=\u00bb4.14.7&#8243; _module_preset=\u00bbdefault\u00bb global_colors_info=\u00bb{}\u00bb][et_pb_column type=\u00bb1_2&#8243; _builder_version=\u00bb4.14.7&#8243; _module_preset=\u00bbdefault\u00bb global_colors_info=\u00bb{}\u00bb][et_pb_image src=\u00bbhttps:\/\/www.aitanacongress.com\/2022\/wp-content\/uploads\/logo-aitana-2022.png\u00bb title_text=\u00bblogo-aitana-2022&#8243; admin_label=\u00bbaitana\u00bb _builder_version=\u00bb4.14.7&#8243; _module_preset=\u00bbdefault\u00bb width=\u00bb250px\u00bb module_alignment=\u00bbcenter\u00bb global_colors_info=\u00bb{}\u00bb][\/et_pb_image][\/et_pb_column][et_pb_column type=\u00bb1_2&#8243; _builder_version=\u00bb4.14.7&#8243; _module_preset=\u00bbdefault\u00bb global_colors_info=\u00bb{}\u00bb][et_pb_image src=\u00bbhttps:\/\/www.aitanacongress.com\/2022\/wp-content\/uploads\/logo-UHM-2022.png\u00bb title_text=\u00bblogo-UHM-2022&#8243; admin_label=\u00bbUHM\u00bb _builder_version=\u00bb4.14.7&#8243; _module_preset=\u00bbdefault\u00bb width=\u00bb250px\u00bb module_alignment=\u00bbcenter\u00bb global_colors_info=\u00bb{}\u00bb][\/et_pb_image][\/et_pb_column][\/et_pb_row][\/et_pb_section]<\/p>\n","protected":false},"excerpt":{"rendered":"<p>Salud mental y bienestar de ni\u00f1os y adolescentes: diferentes contextos, necesidades y recursosLa investigaci\u00f3n ha mostrado evidencias de que la salud mental no es lo mismo que la ausencia de enfermedad mental, ni tampoco es lo mismo que el bienestar. En cualquier caso, todas estas dimensiones se han visto muy afectadas durante los \u00faltimos a\u00f1os [&hellip;]<\/p>\n","protected":false},"author":2,"featured_media":0,"parent":0,"menu_order":0,"comment_status":"closed","ping_status":"closed","template":"","meta":{"_et_pb_use_builder":"on","_et_pb_old_content":"","_et_gb_content_width":"","_oct_exclude_from_cache":false,"footnotes":""},"class_list":["post-1920","page","type-page","status-publish","hentry"],"yoast_head":"<!-- This site is optimized with the Yoast SEO plugin v23.6 - https:\/\/yoast.com\/wordpress\/plugins\/seo\/ -->\n<title>p_Rita Francisco - aitanacongress.com<\/title>\n<meta name=\"robots\" content=\"index, follow, max-snippet:-1, max-image-preview:large, max-video-preview:-1\" \/>\n<link rel=\"canonical\" href=\"https:\/\/www.aitanacongress.com\/2022\/p_rita-francisco-2\/\" \/>\n<meta property=\"og:locale\" content=\"es_ES\" \/>\n<meta property=\"og:type\" content=\"article\" \/>\n<meta property=\"og:title\" content=\"p_Rita Francisco - aitanacongress.com\" \/>\n<meta property=\"og:description\" content=\"Salud mental y bienestar de ni\u00f1os y adolescentes: diferentes contextos, necesidades y recursosLa investigaci\u00f3n ha mostrado evidencias de que la salud mental no es lo mismo que la ausencia de enfermedad mental, ni tampoco es lo mismo que el bienestar. En cualquier caso, todas estas dimensiones se han visto muy afectadas durante los \u00faltimos a\u00f1os [&hellip;]\" \/>\n<meta property=\"og:url\" content=\"https:\/\/www.aitanacongress.com\/2022\/p_rita-francisco-2\/\" \/>\n<meta property=\"og:site_name\" content=\"aitanacongress.com\" \/>\n<meta property=\"article:modified_time\" content=\"2022-05-06T08:16:09+00:00\" \/>\n<meta name=\"twitter:card\" content=\"summary_large_image\" \/>\n<meta name=\"twitter:label1\" content=\"Tiempo de lectura\" \/>\n\t<meta name=\"twitter:data1\" content=\"7 minutos\" \/>\n<script type=\"application\/ld+json\" class=\"yoast-schema-graph\">{\"@context\":\"https:\/\/schema.org\",\"@graph\":[{\"@type\":\"WebPage\",\"@id\":\"https:\/\/www.aitanacongress.com\/2022\/p_rita-francisco-2\/\",\"url\":\"https:\/\/www.aitanacongress.com\/2022\/p_rita-francisco-2\/\",\"name\":\"p_Rita Francisco - aitanacongress.com\",\"isPartOf\":{\"@id\":\"https:\/\/www.aitanacongress.com\/2022\/#website\"},\"datePublished\":\"2022-04-25T18:42:14+00:00\",\"dateModified\":\"2022-05-06T08:16:09+00:00\",\"breadcrumb\":{\"@id\":\"https:\/\/www.aitanacongress.com\/2022\/p_rita-francisco-2\/#breadcrumb\"},\"inLanguage\":\"es\",\"potentialAction\":[{\"@type\":\"ReadAction\",\"target\":[\"https:\/\/www.aitanacongress.com\/2022\/p_rita-francisco-2\/\"]}]},{\"@type\":\"BreadcrumbList\",\"@id\":\"https:\/\/www.aitanacongress.com\/2022\/p_rita-francisco-2\/#breadcrumb\",\"itemListElement\":[{\"@type\":\"ListItem\",\"position\":1,\"name\":\"Portada\",\"item\":\"https:\/\/www.aitanacongress.com\/2022\/\"},{\"@type\":\"ListItem\",\"position\":2,\"name\":\"p_Rita Francisco\"}]},{\"@type\":\"WebSite\",\"@id\":\"https:\/\/www.aitanacongress.com\/2022\/#website\",\"url\":\"https:\/\/www.aitanacongress.com\/2022\/\",\"name\":\"aitanacongress.com\",\"description\":\"8th International Congress of Clinical and Health Psychology in Children and Adolescents\",\"potentialAction\":[{\"@type\":\"SearchAction\",\"target\":{\"@type\":\"EntryPoint\",\"urlTemplate\":\"https:\/\/www.aitanacongress.com\/2022\/?s={search_term_string}\"},\"query-input\":{\"@type\":\"PropertyValueSpecification\",\"valueRequired\":true,\"valueName\":\"search_term_string\"}}],\"inLanguage\":\"es\"}]}<\/script>\n<!-- \/ Yoast SEO plugin. -->","yoast_head_json":{"title":"p_Rita Francisco - aitanacongress.com","robots":{"index":"index","follow":"follow","max-snippet":"max-snippet:-1","max-image-preview":"max-image-preview:large","max-video-preview":"max-video-preview:-1"},"canonical":"https:\/\/www.aitanacongress.com\/2022\/p_rita-francisco-2\/","og_locale":"es_ES","og_type":"article","og_title":"p_Rita Francisco - aitanacongress.com","og_description":"Salud mental y bienestar de ni\u00f1os y adolescentes: diferentes contextos, necesidades y recursosLa investigaci\u00f3n ha mostrado evidencias de que la salud mental no es lo mismo que la ausencia de enfermedad mental, ni tampoco es lo mismo que el bienestar. En cualquier caso, todas estas dimensiones se han visto muy afectadas durante los \u00faltimos a\u00f1os [&hellip;]","og_url":"https:\/\/www.aitanacongress.com\/2022\/p_rita-francisco-2\/","og_site_name":"aitanacongress.com","article_modified_time":"2022-05-06T08:16:09+00:00","twitter_card":"summary_large_image","twitter_misc":{"Tiempo de lectura":"7 minutos"},"schema":{"@context":"https:\/\/schema.org","@graph":[{"@type":"WebPage","@id":"https:\/\/www.aitanacongress.com\/2022\/p_rita-francisco-2\/","url":"https:\/\/www.aitanacongress.com\/2022\/p_rita-francisco-2\/","name":"p_Rita Francisco - aitanacongress.com","isPartOf":{"@id":"https:\/\/www.aitanacongress.com\/2022\/#website"},"datePublished":"2022-04-25T18:42:14+00:00","dateModified":"2022-05-06T08:16:09+00:00","breadcrumb":{"@id":"https:\/\/www.aitanacongress.com\/2022\/p_rita-francisco-2\/#breadcrumb"},"inLanguage":"es","potentialAction":[{"@type":"ReadAction","target":["https:\/\/www.aitanacongress.com\/2022\/p_rita-francisco-2\/"]}]},{"@type":"BreadcrumbList","@id":"https:\/\/www.aitanacongress.com\/2022\/p_rita-francisco-2\/#breadcrumb","itemListElement":[{"@type":"ListItem","position":1,"name":"Portada","item":"https:\/\/www.aitanacongress.com\/2022\/"},{"@type":"ListItem","position":2,"name":"p_Rita Francisco"}]},{"@type":"WebSite","@id":"https:\/\/www.aitanacongress.com\/2022\/#website","url":"https:\/\/www.aitanacongress.com\/2022\/","name":"aitanacongress.com","description":"8th International Congress of Clinical and Health Psychology in Children and Adolescents","potentialAction":[{"@type":"SearchAction","target":{"@type":"EntryPoint","urlTemplate":"https:\/\/www.aitanacongress.com\/2022\/?s={search_term_string}"},"query-input":{"@type":"PropertyValueSpecification","valueRequired":true,"valueName":"search_term_string"}}],"inLanguage":"es"}]}},"_links":{"self":[{"href":"https:\/\/www.aitanacongress.com\/2022\/wp-json\/wp\/v2\/pages\/1920","targetHints":{"allow":["GET"]}}],"collection":[{"href":"https:\/\/www.aitanacongress.com\/2022\/wp-json\/wp\/v2\/pages"}],"about":[{"href":"https:\/\/www.aitanacongress.com\/2022\/wp-json\/wp\/v2\/types\/page"}],"author":[{"embeddable":true,"href":"https:\/\/www.aitanacongress.com\/2022\/wp-json\/wp\/v2\/users\/2"}],"replies":[{"embeddable":true,"href":"https:\/\/www.aitanacongress.com\/2022\/wp-json\/wp\/v2\/comments?post=1920"}],"version-history":[{"count":5,"href":"https:\/\/www.aitanacongress.com\/2022\/wp-json\/wp\/v2\/pages\/1920\/revisions"}],"predecessor-version":[{"id":2237,"href":"https:\/\/www.aitanacongress.com\/2022\/wp-json\/wp\/v2\/pages\/1920\/revisions\/2237"}],"wp:attachment":[{"href":"https:\/\/www.aitanacongress.com\/2022\/wp-json\/wp\/v2\/media?parent=1920"}],"curies":[{"name":"wp","href":"https:\/\/api.w.org\/{rel}","templated":true}]}}