{"id":2081,"date":"2022-05-02T09:31:30","date_gmt":"2022-05-02T09:31:30","guid":{"rendered":"https:\/\/www.aitanacongress.com\/2022\/?page_id=2081"},"modified":"2022-05-02T09:31:34","modified_gmt":"2022-05-02T09:31:34","slug":"p_margarida-rangel-henriques-2","status":"publish","type":"page","link":"https:\/\/www.aitanacongress.com\/2022\/p_margarida-rangel-henriques-2\/","title":{"rendered":"p_Margarida Rangel Henriques"},"content":{"rendered":"<p>[et_pb_section fb_built=\u00bb1&#8243; custom_padding_last_edited=\u00bbon|phone\u00bb admin_label=\u00bbponencia\u00bb _builder_version=\u00bb4.14.7&#8243; _module_preset=\u00bbdefault\u00bb custom_margin=\u00bb||||false|false\u00bb custom_padding=\u00bb0px||0px||false|false\u00bb custom_padding_tablet=\u00bb0px||0px||false|false\u00bb custom_padding_phone=\u00bb|0px||0px|false|false\u00bb collapsed=\u00bboff\u00bb global_colors_info=\u00bb{}\u00bb locked=\u00bboff\u00bb][et_pb_row custom_padding_last_edited=\u00bbon|desktop\u00bb _builder_version=\u00bb4.14.7&#8243; _module_preset=\u00bbdefault\u00bb custom_margin=\u00bb||||false|false\u00bb custom_padding_tablet=\u00bb\u00bb custom_padding_phone=\u00bb|0px||0px|false|false\u00bb global_colors_info=\u00bb{}\u00bb][et_pb_column type=\u00bb4_4&#8243; _builder_version=\u00bb4.14.7&#8243; _module_preset=\u00bbdefault\u00bb global_colors_info=\u00bb{}\u00bb][et_pb_text _builder_version=\u00bb4.14.7&#8243; _module_preset=\u00bbdefault\u00bb header_font=\u00bb|||on|||||\u00bb header_text_color=\u00bb#FFFFFF\u00bb header_font_size=\u00bb45px\u00bb header_2_font=\u00bb|800||on|||||\u00bb header_2_text_align=\u00bbcenter\u00bb header_2_text_color=\u00bb#0060A8&#8243; header_2_font_size=\u00bb35px\u00bb background_color=\u00bbRGBA(255,255,255,0)\u00bb text_orientation=\u00bbright\u00bb custom_margin=\u00bb0px||||false|false\u00bb custom_padding=\u00bb50px|120px|5px|120px|false|false\u00bb custom_padding_tablet=\u00bb50px|120px|5px|120px|false|false\u00bb custom_padding_phone=\u00bb70px|0px|5px|0px|false|false\u00bb custom_padding_last_edited=\u00bbon|phone\u00bb hover_enabled=\u00bb0&#8243; text_orientation_tablet=\u00bbright\u00bb text_orientation_phone=\u00bbcenter\u00bb text_orientation_last_edited=\u00bbon|desktop\u00bb global_colors_info=\u00bb{}\u00bb sticky_enabled=\u00bb0&#8243;]<\/p>\n<h2>Modelos de intervenci\u00f3n en la protecci\u00f3n de la infancia: Del acogimiento familiar a la reunificaci\u00f3n o la adopci\u00f3n y la posadopci\u00f3n<\/h2>\n<p>[\/et_pb_text][et_pb_text admin_label=\u00bbresumen\u00bb _builder_version=\u00bb4.14.7&#8243; _module_preset=\u00bbdefault\u00bb background_color=\u00bbrgba(199,227,237,0.6)\u00bb width=\u00bb900px\u00bb module_alignment=\u00bbcenter\u00bb custom_margin=\u00bb||10px||false|false\u00bb custom_padding=\u00bb40px|30px|30px|40px|false|false\u00bb hover_enabled=\u00bb0&#8243; global_colors_info=\u00bb{}\u00bb sticky_enabled=\u00bb0&#8243;]<\/p>\n<p>En una sociedad responsable, estar atentos a c\u00f3mo asegurar el inter\u00e9s superior del ni\u00f1o, para todos los ni\u00f1os, requiere una mejora constante en la calidad de las pr\u00e1cticas profesionales y no profesionales. Definir y conocer las mejores formas de responder a las necesidades de los ni\u00f1os, respetando su voz, su participaci\u00f3n y su individualidad es realmente un reto. En Portugal, el sistema de protecci\u00f3n de la infancia se enfrenta a la desinstitucionalizaci\u00f3n, y el resurgimiento del acogimiento familiar exige intervenciones especializadas y la recalificaci\u00f3n de las pr\u00e1cticas. Este simposio pretende presentar modelos de intervenci\u00f3n desarrollados para cualificar las pr\u00e1cticas de los profesionales en el \u00e1mbito de la protecci\u00f3n infantil. La presentaci\u00f3n seguir\u00e1 el ciclo de la intervenci\u00f3n, desde la evaluaci\u00f3n, la formaci\u00f3n y el seguimiento de las familias de acogida, el trabajo con los padres de los ni\u00f1os en acogida familiar para la reunificaci\u00f3n, y cuando esto no es posible, para preparar la transici\u00f3n de la acogida familiar a la familia adoptiva y, finalmente, para explorar la apertura de los padres adoptivos a la intervenci\u00f3n post-adoptiva. Estos modelos de intervenci\u00f3n se basaron en aportaciones cient\u00edficas y pr\u00e1cticas, desarrolladas a trav\u00e9s de un di\u00e1logo continuo entre investigadores y profesionales, que guiaron la definici\u00f3n, aplicaci\u00f3n y evaluaci\u00f3n de los modelos. Concluimos subrayando que el ni\u00f1o debe estar en el centro del proceso de intervenci\u00f3n, d\u00e1ndole oportunidades adecuadas para su desarrollo y para que act\u00fae como un agente plenamente comprometido.<\/p>\n<p>[\/et_pb_text][\/et_pb_column][\/et_pb_row][et_pb_row column_structure=\u00bb1_3,2_3&#8243; custom_padding_last_edited=\u00bbon|desktop\u00bb _builder_version=\u00bb4.14.7&#8243; _module_preset=\u00bbdefault\u00bb custom_margin=\u00bb||||false|false\u00bb custom_padding_tablet=\u00bb\u00bb custom_padding_phone=\u00bb|0px||0px|false|false\u00bb global_colors_info=\u00bb{}\u00bb][et_pb_column type=\u00bb1_3&#8243; _builder_version=\u00bb4.14.7&#8243; _module_preset=\u00bbdefault\u00bb global_colors_info=\u00bb{}\u00bb][et_pb_image src=\u00bbhttps:\/\/www.aitanacongress.com\/2022\/wp-content\/uploads\/Margarida.jpg\u00bb title_text=\u00bbMargarida\u00bb _builder_version=\u00bb4.14.7&#8243; _module_preset=\u00bbdefault\u00bb global_colors_info=\u00bb{}\u00bb][\/et_pb_image][\/et_pb_column][et_pb_column type=\u00bb2_3&#8243; _builder_version=\u00bb4.14.7&#8243; _module_preset=\u00bbdefault\u00bb global_colors_info=\u00bb{}\u00bb][et_pb_text admin_label=\u00bbCV\u00bb _builder_version=\u00bb4.14.7&#8243; _module_preset=\u00bbdefault\u00bb background_color=\u00bbRGBA(255,255,255,0)\u00bb custom_margin=\u00bb||10px||false|false\u00bb custom_padding=\u00bb40px|30px|30px|40px|false|false\u00bb hover_enabled=\u00bb0&#8243; global_colors_info=\u00bb{}\u00bb sticky_enabled=\u00bb0&#8243;]<\/p>\n<h3>Margarida Rangel Henriques<\/h3>\n<p>Universidad de Oporto. Portugal<\/p>\n<p>Margarida Rangel Henriques es psic\u00f3loga, investigadora y psicoterapeuta en la Facultad de Psicolog\u00eda y Ciencias de la Educaci\u00f3n de la Universidad de Oporto. Imparte clases a nivel de licenciatura y m\u00e1ster, as\u00ed como en el Programa de Doctorado. Desde 2009, dirige el Centro de Intervenci\u00f3n Psicol\u00f3gica para Ni\u00f1os y Adolescentes en la misma Facultad, donde fund\u00f3 la Unidad de Adopci\u00f3n y Acogida de Ni\u00f1os. Sus principales \u00e1reas de inter\u00e9s son los enfoques narrativos, la intervenci\u00f3n cl\u00ednica, la adopci\u00f3n, el acogimiento familiar y la formaci\u00f3n de los trabajadores sociales en la historia de vida y la construcci\u00f3n de la identidad. Ha realizado varios proyectos de investigaci\u00f3n en este campo, integrando diferentes equipos de investigaci\u00f3n y supervisando tesis posdoctorales, de doctorado y de m\u00e1ster en este campo, aportando un conocimiento avanzado en el mismo. Ha desarrollado programas de intervenci\u00f3n y herramientas de trabajo dise\u00f1adas para trabajar con ni\u00f1os y adolescentes que han sufrido maltrato, concretamente la construcci\u00f3n de una narrativa vital con los ni\u00f1os. Es coautora del Plan Nacional de Formaci\u00f3n de Aspirantes a la Adopci\u00f3n, y realiz\u00f3 la formaci\u00f3n sobre el mismo de todo el pa\u00eds. En el \u00e1mbito del trabajo de evaluaci\u00f3n de candidatos a la adopci\u00f3n, fue la responsable de la validaci\u00f3n en Portugal del CUIDA, el Cuestionario de Evaluaci\u00f3n de Adoptantes, Cuidadores, Tutores y Mediadores, disponible en el Hoegreffe, es la primera autora de la publicaci\u00f3n del Programa de Preparaci\u00f3n de Ni\u00f1os para la Adopci\u00f3n (PPCA), y realiz\u00f3 la formaci\u00f3n de m\u00e1s de doscientos profesionales de la asistencia social en todo el pa\u00eds, promovida por el Instituto Nacional de Seguridad Social en Lisboa, Azores y Madeira. Integra, desde su fundaci\u00f3n, el CoLab ProChild, Contra la Pobreza y la Exclusi\u00f3n, supervisando y coordinando proyectos en el \u00e1mbito de la protecci\u00f3n infantil. Est\u00e1 especializada en Terapia Familiar Sist\u00e9mica y en Terapia Narrativa, y tiene una larga experiencia en la formaci\u00f3n y supervisi\u00f3n de profesionales en el \u00e1mbito de la promoci\u00f3n y protecci\u00f3n de la infancia.<\/p>\n<p>&nbsp;<\/p>\n<p>&nbsp;<\/p>\n<p>[\/et_pb_text][\/et_pb_column][\/et_pb_row][\/et_pb_section][et_pb_section fb_built=\u00bb1&#8243; admin_label=\u00bbLOGO_ES\u00bb _builder_version=\u00bb4.14.7&#8243; _module_preset=\u00bbdefault\u00bb global_module=\u00bb165&#8243; saved_tabs=\u00bball\u00bb collapsed=\u00bbon\u00bb global_colors_info=\u00bb{}\u00bb locked=\u00bboff\u00bb][et_pb_row admin_label=\u00bbOrganiza\u00bb _builder_version=\u00bb4.14.7&#8243; _module_preset=\u00bbdefault\u00bb custom_margin=\u00bb||0px||false|false\u00bb custom_padding=\u00bb||0px||false|false\u00bb global_colors_info=\u00bb{}\u00bb][et_pb_column type=\u00bb4_4&#8243; _builder_version=\u00bb4.14.7&#8243; _module_preset=\u00bbdefault\u00bb global_colors_info=\u00bb{}\u00bb][et_pb_text _builder_version=\u00bb4.14.7&#8243; _module_preset=\u00bbdefault\u00bb text_font=\u00bb|||on|||||\u00bb text_text_color=\u00bb#CE122D\u00bb text_orientation=\u00bbcenter\u00bb module_alignment=\u00bbcenter\u00bb custom_margin=\u00bb||0px||false|false\u00bb custom_padding=\u00bb||0px||false|false\u00bb global_colors_info=\u00bb{}\u00bb]<\/p>\n<p>Organiza<\/p>\n<p>[\/et_pb_text][\/et_pb_column][\/et_pb_row][et_pb_row column_structure=\u00bb1_2,1_2&#8243; _builder_version=\u00bb4.14.7&#8243; _module_preset=\u00bbdefault\u00bb global_colors_info=\u00bb{}\u00bb][et_pb_column type=\u00bb1_2&#8243; _builder_version=\u00bb4.14.7&#8243; _module_preset=\u00bbdefault\u00bb global_colors_info=\u00bb{}\u00bb][et_pb_image src=\u00bbhttps:\/\/www.aitanacongress.com\/2022\/wp-content\/uploads\/logo-aitana-2022.png\u00bb title_text=\u00bblogo-aitana-2022&#8243; admin_label=\u00bbaitana\u00bb _builder_version=\u00bb4.14.7&#8243; _module_preset=\u00bbdefault\u00bb width=\u00bb250px\u00bb module_alignment=\u00bbcenter\u00bb global_colors_info=\u00bb{}\u00bb][\/et_pb_image][\/et_pb_column][et_pb_column type=\u00bb1_2&#8243; _builder_version=\u00bb4.14.7&#8243; _module_preset=\u00bbdefault\u00bb global_colors_info=\u00bb{}\u00bb][et_pb_image src=\u00bbhttps:\/\/www.aitanacongress.com\/2022\/wp-content\/uploads\/logo-UHM-2022.png\u00bb title_text=\u00bblogo-UHM-2022&#8243; admin_label=\u00bbUHM\u00bb _builder_version=\u00bb4.14.7&#8243; _module_preset=\u00bbdefault\u00bb width=\u00bb250px\u00bb module_alignment=\u00bbcenter\u00bb global_colors_info=\u00bb{}\u00bb][\/et_pb_image][\/et_pb_column][\/et_pb_row][\/et_pb_section]<\/p>\n","protected":false},"excerpt":{"rendered":"<p>Modelos de intervenci\u00f3n en la protecci\u00f3n de la infancia: Del acogimiento familiar a la reunificaci\u00f3n o la adopci\u00f3n y la posadopci\u00f3nEn una sociedad responsable, estar atentos a c\u00f3mo asegurar el inter\u00e9s superior del ni\u00f1o, para todos los ni\u00f1os, requiere una mejora constante en la calidad de las pr\u00e1cticas profesionales y no profesionales. Definir y conocer [&hellip;]<\/p>\n","protected":false},"author":2,"featured_media":0,"parent":0,"menu_order":0,"comment_status":"closed","ping_status":"closed","template":"","meta":{"_et_pb_use_builder":"on","_et_pb_old_content":"","_et_gb_content_width":"","_oct_exclude_from_cache":false,"footnotes":""},"class_list":["post-2081","page","type-page","status-publish","hentry"],"yoast_head":"<!-- This site is optimized with the Yoast SEO plugin v23.6 - https:\/\/yoast.com\/wordpress\/plugins\/seo\/ -->\n<title>p_Margarida Rangel Henriques - aitanacongress.com<\/title>\n<meta name=\"robots\" content=\"index, follow, max-snippet:-1, max-image-preview:large, max-video-preview:-1\" \/>\n<link rel=\"canonical\" href=\"https:\/\/www.aitanacongress.com\/2022\/p_margarida-rangel-henriques-2\/\" \/>\n<meta property=\"og:locale\" content=\"es_ES\" \/>\n<meta property=\"og:type\" content=\"article\" \/>\n<meta property=\"og:title\" content=\"p_Margarida Rangel Henriques - aitanacongress.com\" \/>\n<meta property=\"og:description\" content=\"Modelos de intervenci\u00f3n en la protecci\u00f3n de la infancia: Del acogimiento familiar a la reunificaci\u00f3n o la adopci\u00f3n y la posadopci\u00f3nEn una sociedad responsable, estar atentos a c\u00f3mo asegurar el inter\u00e9s superior del ni\u00f1o, para todos los ni\u00f1os, requiere una mejora constante en la calidad de las pr\u00e1cticas profesionales y no profesionales. Definir y conocer [&hellip;]\" \/>\n<meta property=\"og:url\" content=\"https:\/\/www.aitanacongress.com\/2022\/p_margarida-rangel-henriques-2\/\" \/>\n<meta property=\"og:site_name\" content=\"aitanacongress.com\" \/>\n<meta property=\"article:modified_time\" content=\"2022-05-02T09:31:34+00:00\" \/>\n<meta name=\"twitter:card\" content=\"summary_large_image\" \/>\n<meta name=\"twitter:label1\" content=\"Tiempo de lectura\" \/>\n\t<meta name=\"twitter:data1\" content=\"6 minutos\" \/>\n<script type=\"application\/ld+json\" class=\"yoast-schema-graph\">{\"@context\":\"https:\/\/schema.org\",\"@graph\":[{\"@type\":\"WebPage\",\"@id\":\"https:\/\/www.aitanacongress.com\/2022\/p_margarida-rangel-henriques-2\/\",\"url\":\"https:\/\/www.aitanacongress.com\/2022\/p_margarida-rangel-henriques-2\/\",\"name\":\"p_Margarida Rangel Henriques - aitanacongress.com\",\"isPartOf\":{\"@id\":\"https:\/\/www.aitanacongress.com\/2022\/#website\"},\"datePublished\":\"2022-05-02T09:31:30+00:00\",\"dateModified\":\"2022-05-02T09:31:34+00:00\",\"breadcrumb\":{\"@id\":\"https:\/\/www.aitanacongress.com\/2022\/p_margarida-rangel-henriques-2\/#breadcrumb\"},\"inLanguage\":\"es\",\"potentialAction\":[{\"@type\":\"ReadAction\",\"target\":[\"https:\/\/www.aitanacongress.com\/2022\/p_margarida-rangel-henriques-2\/\"]}]},{\"@type\":\"BreadcrumbList\",\"@id\":\"https:\/\/www.aitanacongress.com\/2022\/p_margarida-rangel-henriques-2\/#breadcrumb\",\"itemListElement\":[{\"@type\":\"ListItem\",\"position\":1,\"name\":\"Portada\",\"item\":\"https:\/\/www.aitanacongress.com\/2022\/\"},{\"@type\":\"ListItem\",\"position\":2,\"name\":\"p_Margarida Rangel Henriques\"}]},{\"@type\":\"WebSite\",\"@id\":\"https:\/\/www.aitanacongress.com\/2022\/#website\",\"url\":\"https:\/\/www.aitanacongress.com\/2022\/\",\"name\":\"aitanacongress.com\",\"description\":\"8th International Congress of Clinical and Health Psychology in Children and Adolescents\",\"potentialAction\":[{\"@type\":\"SearchAction\",\"target\":{\"@type\":\"EntryPoint\",\"urlTemplate\":\"https:\/\/www.aitanacongress.com\/2022\/?s={search_term_string}\"},\"query-input\":{\"@type\":\"PropertyValueSpecification\",\"valueRequired\":true,\"valueName\":\"search_term_string\"}}],\"inLanguage\":\"es\"}]}<\/script>\n<!-- \/ Yoast SEO plugin. -->","yoast_head_json":{"title":"p_Margarida Rangel Henriques - aitanacongress.com","robots":{"index":"index","follow":"follow","max-snippet":"max-snippet:-1","max-image-preview":"max-image-preview:large","max-video-preview":"max-video-preview:-1"},"canonical":"https:\/\/www.aitanacongress.com\/2022\/p_margarida-rangel-henriques-2\/","og_locale":"es_ES","og_type":"article","og_title":"p_Margarida Rangel Henriques - aitanacongress.com","og_description":"Modelos de intervenci\u00f3n en la protecci\u00f3n de la infancia: Del acogimiento familiar a la reunificaci\u00f3n o la adopci\u00f3n y la posadopci\u00f3nEn una sociedad responsable, estar atentos a c\u00f3mo asegurar el inter\u00e9s superior del ni\u00f1o, para todos los ni\u00f1os, requiere una mejora constante en la calidad de las pr\u00e1cticas profesionales y no profesionales. Definir y conocer [&hellip;]","og_url":"https:\/\/www.aitanacongress.com\/2022\/p_margarida-rangel-henriques-2\/","og_site_name":"aitanacongress.com","article_modified_time":"2022-05-02T09:31:34+00:00","twitter_card":"summary_large_image","twitter_misc":{"Tiempo de lectura":"6 minutos"},"schema":{"@context":"https:\/\/schema.org","@graph":[{"@type":"WebPage","@id":"https:\/\/www.aitanacongress.com\/2022\/p_margarida-rangel-henriques-2\/","url":"https:\/\/www.aitanacongress.com\/2022\/p_margarida-rangel-henriques-2\/","name":"p_Margarida Rangel Henriques - aitanacongress.com","isPartOf":{"@id":"https:\/\/www.aitanacongress.com\/2022\/#website"},"datePublished":"2022-05-02T09:31:30+00:00","dateModified":"2022-05-02T09:31:34+00:00","breadcrumb":{"@id":"https:\/\/www.aitanacongress.com\/2022\/p_margarida-rangel-henriques-2\/#breadcrumb"},"inLanguage":"es","potentialAction":[{"@type":"ReadAction","target":["https:\/\/www.aitanacongress.com\/2022\/p_margarida-rangel-henriques-2\/"]}]},{"@type":"BreadcrumbList","@id":"https:\/\/www.aitanacongress.com\/2022\/p_margarida-rangel-henriques-2\/#breadcrumb","itemListElement":[{"@type":"ListItem","position":1,"name":"Portada","item":"https:\/\/www.aitanacongress.com\/2022\/"},{"@type":"ListItem","position":2,"name":"p_Margarida Rangel Henriques"}]},{"@type":"WebSite","@id":"https:\/\/www.aitanacongress.com\/2022\/#website","url":"https:\/\/www.aitanacongress.com\/2022\/","name":"aitanacongress.com","description":"8th International Congress of Clinical and Health Psychology in Children and Adolescents","potentialAction":[{"@type":"SearchAction","target":{"@type":"EntryPoint","urlTemplate":"https:\/\/www.aitanacongress.com\/2022\/?s={search_term_string}"},"query-input":{"@type":"PropertyValueSpecification","valueRequired":true,"valueName":"search_term_string"}}],"inLanguage":"es"}]}},"_links":{"self":[{"href":"https:\/\/www.aitanacongress.com\/2022\/wp-json\/wp\/v2\/pages\/2081","targetHints":{"allow":["GET"]}}],"collection":[{"href":"https:\/\/www.aitanacongress.com\/2022\/wp-json\/wp\/v2\/pages"}],"about":[{"href":"https:\/\/www.aitanacongress.com\/2022\/wp-json\/wp\/v2\/types\/page"}],"author":[{"embeddable":true,"href":"https:\/\/www.aitanacongress.com\/2022\/wp-json\/wp\/v2\/users\/2"}],"replies":[{"embeddable":true,"href":"https:\/\/www.aitanacongress.com\/2022\/wp-json\/wp\/v2\/comments?post=2081"}],"version-history":[{"count":2,"href":"https:\/\/www.aitanacongress.com\/2022\/wp-json\/wp\/v2\/pages\/2081\/revisions"}],"predecessor-version":[{"id":2086,"href":"https:\/\/www.aitanacongress.com\/2022\/wp-json\/wp\/v2\/pages\/2081\/revisions\/2086"}],"wp:attachment":[{"href":"https:\/\/www.aitanacongress.com\/2022\/wp-json\/wp\/v2\/media?parent=2081"}],"curies":[{"name":"wp","href":"https:\/\/api.w.org\/{rel}","templated":true}]}}