{"id":2145,"date":"2022-05-02T15:18:53","date_gmt":"2022-05-02T15:18:53","guid":{"rendered":"https:\/\/www.aitanacongress.com\/2022\/?page_id=2145"},"modified":"2022-05-02T15:18:56","modified_gmt":"2022-05-02T15:18:56","slug":"p_maria-do-ceu","status":"publish","type":"page","link":"https:\/\/www.aitanacongress.com\/2022\/p_maria-do-ceu\/","title":{"rendered":"p_Maria do C\u00e9u"},"content":{"rendered":"<p>[et_pb_section fb_built=\u00bb1&#8243; custom_padding_last_edited=\u00bbon|phone\u00bb admin_label=\u00bbponencia\u00bb _builder_version=\u00bb4.14.7&#8243; _module_preset=\u00bbdefault\u00bb custom_margin=\u00bb||||false|false\u00bb custom_padding=\u00bb0px||0px||false|false\u00bb custom_padding_tablet=\u00bb0px||0px||false|false\u00bb custom_padding_phone=\u00bb|0px||0px|false|false\u00bb locked=\u00bboff\u00bb collapsed=\u00bboff\u00bb global_colors_info=\u00bb{}\u00bb][et_pb_row custom_padding_last_edited=\u00bbon|desktop\u00bb _builder_version=\u00bb4.14.7&#8243; _module_preset=\u00bbdefault\u00bb custom_margin=\u00bb||||false|false\u00bb custom_padding_tablet=\u00bb\u00bb custom_padding_phone=\u00bb|0px||0px|false|false\u00bb global_colors_info=\u00bb{}\u00bb][et_pb_column type=\u00bb4_4&#8243; _builder_version=\u00bb4.14.7&#8243; _module_preset=\u00bbdefault\u00bb global_colors_info=\u00bb{}\u00bb][et_pb_text _builder_version=\u00bb4.14.7&#8243; _module_preset=\u00bbdefault\u00bb header_font=\u00bb|||on|||||\u00bb header_text_color=\u00bb#FFFFFF\u00bb header_font_size=\u00bb45px\u00bb header_2_font=\u00bb|800||on|||||\u00bb header_2_text_align=\u00bbcenter\u00bb header_2_text_color=\u00bb#0060A8&#8243; header_2_font_size=\u00bb35px\u00bb background_color=\u00bbRGBA(255,255,255,0)\u00bb text_orientation=\u00bbright\u00bb custom_margin=\u00bb0px||||false|false\u00bb custom_padding=\u00bb50px|120px|5px|120px|false|false\u00bb custom_padding_tablet=\u00bb50px|120px|5px|120px|false|false\u00bb custom_padding_phone=\u00bb70px|0px|5px|0px|false|false\u00bb custom_padding_last_edited=\u00bbon|phone\u00bb hover_enabled=\u00bb0&#8243; text_orientation_tablet=\u00bbright\u00bb text_orientation_phone=\u00bbcenter\u00bb text_orientation_last_edited=\u00bbon|desktop\u00bb global_colors_info=\u00bb{}\u00bb sticky_enabled=\u00bb0&#8243;]<\/p>\n<h2>Ansiedad y depresi\u00f3n en adolescentes: nuevos datos e implicaciones para la pr\u00e1ctica cl\u00ednica<\/h2>\n<p>[\/et_pb_text][et_pb_text admin_label=\u00bbresumen\u00bb _builder_version=\u00bb4.14.7&#8243; _module_preset=\u00bbdefault\u00bb background_color=\u00bbrgba(199,227,237,0.6)\u00bb width=\u00bb900px\u00bb module_alignment=\u00bbcenter\u00bb custom_margin=\u00bb||10px||false|false\u00bb custom_padding=\u00bb40px|30px|30px|40px|false|false\u00bb hover_enabled=\u00bb0&#8243; global_colors_info=\u00bb{}\u00bb sticky_enabled=\u00bb0&#8243;]<\/p>\n<p>Teniendo en cuenta los retos de la adolescencia, no es sorprendente que los trastornos de ansiedad y del estado de \u00e1nimo se inicien en esta fase del desarrollo. Los estudios indican que cerca del 12% de los adolescentes presentan criterios para trastorno depresivo o distimia y que este n\u00famero se duplica entre los 13 y los 18 a\u00f1os del 8.4% al 15.4%. A su vez, uno de cada tres adolescentes desarrollar\u00e1 un trastorno ansioso antes de los 18 a\u00f1os. Estos n\u00fameros est\u00e1n en aumento, probablemente debido a causas sociales, pol\u00edticas y ambientales. Las elevadas expectativas y la presi\u00f3n de la sociedad, de las familias y de las escuelas, y la cultura de \u201ctodo tiene que ser siempre maravilloso\u201d &#8211; para lo que los medios de comunicaci\u00f3n y redes sociales contribuyen enormemente &#8211; son algunos de los factores que suelen estar implicados en este aumento.<br \/>Por otro lado, ansiedad y depresi\u00f3n presentan una comorbilidad muy elevada, asociada a una mayor interferencia en el funcionamiento, curso m\u00e1s severo y m\u00e1s cr\u00f3nico de ambas condiciones.<br \/>Por esta raz\u00f3n, es importante conocer las relaciones ente ansiedad y depresi\u00f3n, incluyendo puntos de conexi\u00f3n, diferencias, procesos comunes que pueden contribuir para ambas o influir en el desarrollo de una cuando la otra est\u00e1 presente. A su vez, esto es \u00fatil para los cl\u00ednicos en t\u00e9rminos de evaluaci\u00f3n, prevenci\u00f3n e intervenci\u00f3n cl\u00ednica.<br \/>En este simposio, todas las ponencias tendr\u00e1n como tema ansiedad y depresi\u00f3n en adolescentes, presentando datos de la investigaci\u00f3n sobre sus relaciones, evaluaci\u00f3n y comprensi\u00f3n, haciendo referencia a las implicaciones de estos datos para la pr\u00e1ctica cl\u00ednica.<\/p>\n<p>[\/et_pb_text][\/et_pb_column][\/et_pb_row][et_pb_row column_structure=\u00bb1_3,2_3&#8243; custom_padding_last_edited=\u00bbon|desktop\u00bb _builder_version=\u00bb4.14.7&#8243; _module_preset=\u00bbdefault\u00bb custom_margin=\u00bb||||false|false\u00bb custom_padding_tablet=\u00bb\u00bb custom_padding_phone=\u00bb|0px||0px|false|false\u00bb global_colors_info=\u00bb{}\u00bb][et_pb_column type=\u00bb1_3&#8243; _builder_version=\u00bb4.14.7&#8243; _module_preset=\u00bbdefault\u00bb global_colors_info=\u00bb{}\u00bb][et_pb_image src=\u00bbhttps:\/\/www.aitanacongress.com\/2022\/wp-content\/uploads\/Maria-do-Ceu-2022-e1651504679118.jpg\u00bb title_text=\u00bbMaria-do-Ceu-2022-e1651504679118&#8243; _builder_version=\u00bb4.14.7&#8243; _module_preset=\u00bbdefault\u00bb hover_enabled=\u00bb0&#8243; global_colors_info=\u00bb{}\u00bb sticky_enabled=\u00bb0&#8243;][\/et_pb_image][\/et_pb_column][et_pb_column type=\u00bb2_3&#8243; _builder_version=\u00bb4.14.7&#8243; _module_preset=\u00bbdefault\u00bb global_colors_info=\u00bb{}\u00bb][et_pb_text admin_label=\u00bbCV\u00bb _builder_version=\u00bb4.14.7&#8243; _module_preset=\u00bbdefault\u00bb background_color=\u00bbRGBA(255,255,255,0)\u00bb custom_margin=\u00bb||10px||false|false\u00bb custom_padding=\u00bb40px|30px|30px|40px|false|false\u00bb hover_enabled=\u00bb0&#8243; global_colors_info=\u00bb{}\u00bb sticky_enabled=\u00bb0&#8243;]<\/p>\n<h3>Maria Do C\u00e9u<\/h3>\n<p>Universidad de Coimbra. Portugal<\/p>\n<p>Maria do C\u00e9u Salvador es profesora en la Facultad de Psicolog\u00eda y de Ciencias de la Educaci\u00f3n de la Universidad de Coimbra. Imparte asignaturas relacionadas con modelos conductuales, cognitivos y contextuales y terapia cognitivo-conductual con ni\u00f1os y adolescentes, supervisa el entrenamiento en TCC de alumnos del \u00faltimo a\u00f1o del curso de psicolog\u00eda, y supervisa tesis de m\u00e1ster y de doctorado. <br \/>Pertenece al Centro de Investigaci\u00f3n en Neuropsicolog\u00eda e Intervenciones Cognitivo-Conductuales de la misma facultad, donde investiga en ansiedad social, ansiedad antes de los ex\u00e1menes y depresi\u00f3n en adolescentes y adultos, explora modelos de comprensi\u00f3n de estas condiciones considerando entre terapias de segunda y de tercera generaci\u00f3n (en particular, aceptaci\u00f3n y compasi\u00f3n), desarrolla programas de intervenci\u00f3n y estudia su eficacia.<br \/>Es directora cl\u00ednica del centro Psikontacto, donde tambi\u00e9n trabaja como psic\u00f3loga cl\u00ednica y supervisora. <br \/>Ense\u00f1a y coordina varios programas de entrenamiento en Portugal y en el extranjero. <br \/>Est\u00e1 tambi\u00e9n acreditada como psicoterapeuta y supervisora en TCC por la Asociaci\u00f3n Portuguesa de Terapias Conductuales de la cual es, actualmente, la presidenta.<\/p>\n<p>&nbsp;<\/p>\n<p>[\/et_pb_text][\/et_pb_column][\/et_pb_row][\/et_pb_section][et_pb_section fb_built=\u00bb1&#8243; admin_label=\u00bbLOGO_ES\u00bb _builder_version=\u00bb4.14.7&#8243; _module_preset=\u00bbdefault\u00bb global_module=\u00bb165&#8243; saved_tabs=\u00bball\u00bb locked=\u00bboff\u00bb collapsed=\u00bbon\u00bb global_colors_info=\u00bb{}\u00bb][et_pb_row admin_label=\u00bbOrganiza\u00bb _builder_version=\u00bb4.14.7&#8243; _module_preset=\u00bbdefault\u00bb custom_margin=\u00bb||0px||false|false\u00bb custom_padding=\u00bb||0px||false|false\u00bb global_colors_info=\u00bb{}\u00bb][et_pb_column type=\u00bb4_4&#8243; _builder_version=\u00bb4.14.7&#8243; _module_preset=\u00bbdefault\u00bb global_colors_info=\u00bb{}\u00bb][et_pb_text _builder_version=\u00bb4.14.7&#8243; _module_preset=\u00bbdefault\u00bb text_font=\u00bb|||on|||||\u00bb text_text_color=\u00bb#CE122D\u00bb text_orientation=\u00bbcenter\u00bb module_alignment=\u00bbcenter\u00bb custom_margin=\u00bb||0px||false|false\u00bb custom_padding=\u00bb||0px||false|false\u00bb global_colors_info=\u00bb{}\u00bb]<\/p>\n<p>Organiza<\/p>\n<p>[\/et_pb_text][\/et_pb_column][\/et_pb_row][et_pb_row column_structure=\u00bb1_2,1_2&#8243; _builder_version=\u00bb4.14.7&#8243; _module_preset=\u00bbdefault\u00bb global_colors_info=\u00bb{}\u00bb][et_pb_column type=\u00bb1_2&#8243; _builder_version=\u00bb4.14.7&#8243; _module_preset=\u00bbdefault\u00bb global_colors_info=\u00bb{}\u00bb][et_pb_image src=\u00bbhttps:\/\/www.aitanacongress.com\/2022\/wp-content\/uploads\/logo-aitana-2022.png\u00bb title_text=\u00bblogo-aitana-2022&#8243; admin_label=\u00bbaitana\u00bb _builder_version=\u00bb4.14.7&#8243; _module_preset=\u00bbdefault\u00bb width=\u00bb250px\u00bb module_alignment=\u00bbcenter\u00bb global_colors_info=\u00bb{}\u00bb][\/et_pb_image][\/et_pb_column][et_pb_column type=\u00bb1_2&#8243; _builder_version=\u00bb4.14.7&#8243; _module_preset=\u00bbdefault\u00bb global_colors_info=\u00bb{}\u00bb][et_pb_image src=\u00bbhttps:\/\/www.aitanacongress.com\/2022\/wp-content\/uploads\/logo-UHM-2022.png\u00bb title_text=\u00bblogo-UHM-2022&#8243; admin_label=\u00bbUHM\u00bb _builder_version=\u00bb4.14.7&#8243; _module_preset=\u00bbdefault\u00bb width=\u00bb250px\u00bb module_alignment=\u00bbcenter\u00bb global_colors_info=\u00bb{}\u00bb][\/et_pb_image][\/et_pb_column][\/et_pb_row][\/et_pb_section]<\/p>\n","protected":false},"excerpt":{"rendered":"<p>Ansiedad y depresi\u00f3n en adolescentes: nuevos datos e implicaciones para la pr\u00e1ctica cl\u00ednicaTeniendo en cuenta los retos de la adolescencia, no es sorprendente que los trastornos de ansiedad y del estado de \u00e1nimo se inicien en esta fase del desarrollo. Los estudios indican que cerca del 12% de los adolescentes presentan criterios para trastorno depresivo [&hellip;]<\/p>\n","protected":false},"author":2,"featured_media":0,"parent":0,"menu_order":0,"comment_status":"closed","ping_status":"closed","template":"","meta":{"_et_pb_use_builder":"on","_et_pb_old_content":"","_et_gb_content_width":"","_oct_exclude_from_cache":false,"footnotes":""},"class_list":["post-2145","page","type-page","status-publish","hentry"],"yoast_head":"<!-- This site is optimized with the Yoast SEO plugin v23.6 - https:\/\/yoast.com\/wordpress\/plugins\/seo\/ -->\n<title>p_Maria do C\u00e9u - aitanacongress.com<\/title>\n<meta name=\"robots\" content=\"index, follow, max-snippet:-1, max-image-preview:large, max-video-preview:-1\" \/>\n<link rel=\"canonical\" href=\"https:\/\/www.aitanacongress.com\/2022\/p_maria-do-ceu\/\" \/>\n<meta property=\"og:locale\" content=\"es_ES\" \/>\n<meta property=\"og:type\" content=\"article\" \/>\n<meta property=\"og:title\" content=\"p_Maria do C\u00e9u - aitanacongress.com\" \/>\n<meta property=\"og:description\" content=\"Ansiedad y depresi\u00f3n en adolescentes: nuevos datos e implicaciones para la pr\u00e1ctica cl\u00ednicaTeniendo en cuenta los retos de la adolescencia, no es sorprendente que los trastornos de ansiedad y del estado de \u00e1nimo se inicien en esta fase del desarrollo. Los estudios indican que cerca del 12% de los adolescentes presentan criterios para trastorno depresivo [&hellip;]\" \/>\n<meta property=\"og:url\" content=\"https:\/\/www.aitanacongress.com\/2022\/p_maria-do-ceu\/\" \/>\n<meta property=\"og:site_name\" content=\"aitanacongress.com\" \/>\n<meta property=\"article:modified_time\" content=\"2022-05-02T15:18:56+00:00\" \/>\n<meta name=\"twitter:card\" content=\"summary_large_image\" \/>\n<meta name=\"twitter:label1\" content=\"Tiempo de lectura\" \/>\n\t<meta name=\"twitter:data1\" content=\"6 minutos\" \/>\n<script type=\"application\/ld+json\" class=\"yoast-schema-graph\">{\"@context\":\"https:\/\/schema.org\",\"@graph\":[{\"@type\":\"WebPage\",\"@id\":\"https:\/\/www.aitanacongress.com\/2022\/p_maria-do-ceu\/\",\"url\":\"https:\/\/www.aitanacongress.com\/2022\/p_maria-do-ceu\/\",\"name\":\"p_Maria do C\u00e9u - aitanacongress.com\",\"isPartOf\":{\"@id\":\"https:\/\/www.aitanacongress.com\/2022\/#website\"},\"datePublished\":\"2022-05-02T15:18:53+00:00\",\"dateModified\":\"2022-05-02T15:18:56+00:00\",\"breadcrumb\":{\"@id\":\"https:\/\/www.aitanacongress.com\/2022\/p_maria-do-ceu\/#breadcrumb\"},\"inLanguage\":\"es\",\"potentialAction\":[{\"@type\":\"ReadAction\",\"target\":[\"https:\/\/www.aitanacongress.com\/2022\/p_maria-do-ceu\/\"]}]},{\"@type\":\"BreadcrumbList\",\"@id\":\"https:\/\/www.aitanacongress.com\/2022\/p_maria-do-ceu\/#breadcrumb\",\"itemListElement\":[{\"@type\":\"ListItem\",\"position\":1,\"name\":\"Portada\",\"item\":\"https:\/\/www.aitanacongress.com\/2022\/\"},{\"@type\":\"ListItem\",\"position\":2,\"name\":\"p_Maria do C\u00e9u\"}]},{\"@type\":\"WebSite\",\"@id\":\"https:\/\/www.aitanacongress.com\/2022\/#website\",\"url\":\"https:\/\/www.aitanacongress.com\/2022\/\",\"name\":\"aitanacongress.com\",\"description\":\"8th International Congress of Clinical and Health Psychology in Children and Adolescents\",\"potentialAction\":[{\"@type\":\"SearchAction\",\"target\":{\"@type\":\"EntryPoint\",\"urlTemplate\":\"https:\/\/www.aitanacongress.com\/2022\/?s={search_term_string}\"},\"query-input\":{\"@type\":\"PropertyValueSpecification\",\"valueRequired\":true,\"valueName\":\"search_term_string\"}}],\"inLanguage\":\"es\"}]}<\/script>\n<!-- \/ Yoast SEO plugin. -->","yoast_head_json":{"title":"p_Maria do C\u00e9u - aitanacongress.com","robots":{"index":"index","follow":"follow","max-snippet":"max-snippet:-1","max-image-preview":"max-image-preview:large","max-video-preview":"max-video-preview:-1"},"canonical":"https:\/\/www.aitanacongress.com\/2022\/p_maria-do-ceu\/","og_locale":"es_ES","og_type":"article","og_title":"p_Maria do C\u00e9u - aitanacongress.com","og_description":"Ansiedad y depresi\u00f3n en adolescentes: nuevos datos e implicaciones para la pr\u00e1ctica cl\u00ednicaTeniendo en cuenta los retos de la adolescencia, no es sorprendente que los trastornos de ansiedad y del estado de \u00e1nimo se inicien en esta fase del desarrollo. Los estudios indican que cerca del 12% de los adolescentes presentan criterios para trastorno depresivo [&hellip;]","og_url":"https:\/\/www.aitanacongress.com\/2022\/p_maria-do-ceu\/","og_site_name":"aitanacongress.com","article_modified_time":"2022-05-02T15:18:56+00:00","twitter_card":"summary_large_image","twitter_misc":{"Tiempo de lectura":"6 minutos"},"schema":{"@context":"https:\/\/schema.org","@graph":[{"@type":"WebPage","@id":"https:\/\/www.aitanacongress.com\/2022\/p_maria-do-ceu\/","url":"https:\/\/www.aitanacongress.com\/2022\/p_maria-do-ceu\/","name":"p_Maria do C\u00e9u - aitanacongress.com","isPartOf":{"@id":"https:\/\/www.aitanacongress.com\/2022\/#website"},"datePublished":"2022-05-02T15:18:53+00:00","dateModified":"2022-05-02T15:18:56+00:00","breadcrumb":{"@id":"https:\/\/www.aitanacongress.com\/2022\/p_maria-do-ceu\/#breadcrumb"},"inLanguage":"es","potentialAction":[{"@type":"ReadAction","target":["https:\/\/www.aitanacongress.com\/2022\/p_maria-do-ceu\/"]}]},{"@type":"BreadcrumbList","@id":"https:\/\/www.aitanacongress.com\/2022\/p_maria-do-ceu\/#breadcrumb","itemListElement":[{"@type":"ListItem","position":1,"name":"Portada","item":"https:\/\/www.aitanacongress.com\/2022\/"},{"@type":"ListItem","position":2,"name":"p_Maria do C\u00e9u"}]},{"@type":"WebSite","@id":"https:\/\/www.aitanacongress.com\/2022\/#website","url":"https:\/\/www.aitanacongress.com\/2022\/","name":"aitanacongress.com","description":"8th International Congress of Clinical and Health Psychology in Children and Adolescents","potentialAction":[{"@type":"SearchAction","target":{"@type":"EntryPoint","urlTemplate":"https:\/\/www.aitanacongress.com\/2022\/?s={search_term_string}"},"query-input":{"@type":"PropertyValueSpecification","valueRequired":true,"valueName":"search_term_string"}}],"inLanguage":"es"}]}},"_links":{"self":[{"href":"https:\/\/www.aitanacongress.com\/2022\/wp-json\/wp\/v2\/pages\/2145","targetHints":{"allow":["GET"]}}],"collection":[{"href":"https:\/\/www.aitanacongress.com\/2022\/wp-json\/wp\/v2\/pages"}],"about":[{"href":"https:\/\/www.aitanacongress.com\/2022\/wp-json\/wp\/v2\/types\/page"}],"author":[{"embeddable":true,"href":"https:\/\/www.aitanacongress.com\/2022\/wp-json\/wp\/v2\/users\/2"}],"replies":[{"embeddable":true,"href":"https:\/\/www.aitanacongress.com\/2022\/wp-json\/wp\/v2\/comments?post=2145"}],"version-history":[{"count":3,"href":"https:\/\/www.aitanacongress.com\/2022\/wp-json\/wp\/v2\/pages\/2145\/revisions"}],"predecessor-version":[{"id":2159,"href":"https:\/\/www.aitanacongress.com\/2022\/wp-json\/wp\/v2\/pages\/2145\/revisions\/2159"}],"wp:attachment":[{"href":"https:\/\/www.aitanacongress.com\/2022\/wp-json\/wp\/v2\/media?parent=2145"}],"curies":[{"name":"wp","href":"https:\/\/api.w.org\/{rel}","templated":true}]}}